{"id":5914,"date":"2025-04-15T08:13:49","date_gmt":"2025-04-15T08:13:49","guid":{"rendered":"https:\/\/www.motty.no\/?page_id=5914"},"modified":"2026-03-11T12:04:40","modified_gmt":"2026-03-11T12:04:40","slug":"polityka-prywatnosci","status":"publish","type":"page","link":"https:\/\/www.motty.no\/pl\/polityka-prywatnosci","title":{"rendered":"Polityka prywatno\u015bci"},"content":{"rendered":"<div id=\"rt-69f22a2b7bbf7\" class=\"richtext_outer-container overflow-hidden\">\n    <div class=\"py-[60px] px-6 md:px-14 lg:py-20 xl:px-28\">\n        <div class=\"content_medium mx-auto flex flex-col gap-6 md:gap-10\">\n                        <div class=\"richtext__outer-header gap-8 flex flex-col content-left\">\n            <h2 class=\"h1\">Polityka prywatno\u015bci i warunki<\/h2><p class=\"md:text-[20px] lg:text-[24px]\">Dane osobowe to informacje i oceny, kt\u00f3re mo\u017cna powi\u0105za\u0107 z konkretn\u0105 osob\u0105. Przetwarzamy dane osobowe, poniewa\u017c jest to niezb\u0119dne do realizacji naszych zobowi\u0105za\u0144 wobec klient\u00f3w oraz innych os\u00f3b kontaktuj\u0105cych si\u0119 z firm\u0105 Motty.<\/p>            <\/div>\n                        <div class=\"richtext__contents content-rte spacing_content-large\">\n                <p data-start=\"431\" data-end=\"468\"><strong data-start=\"431\" data-end=\"468\">Ostatnia aktualizacja: 11.03.2026<\/strong><\/p>\n<h2 data-section-id=\"1evyevk\" data-start=\"470\" data-end=\"485\">Wprowadzenie<\/h2>\n<p data-start=\"487\" data-end=\"716\">Motty AS przetwarza dane osobowe w celu \u015bwiadczenia naszych us\u0142ug, w tym po\u015brednictwa w sk\u0142adaniu wniosk\u00f3w kredytowych, zapewnienia u\u017cytkownikowi wgl\u0105du w jego sytuacj\u0119 finansow\u0105 oraz prezentowania odpowiednich ofert finansowych.<\/p>\n<p data-start=\"718\" data-end=\"923\">Niniejsza polityka prywatno\u015bci opisuje, w jaki spos\u00f3b zbieramy, wykorzystujemy, przechowujemy i chronimy dane osobowe w zwi\u0105zku z korzystaniem ze strony internetowej <strong data-start=\"884\" data-end=\"896\">motty.no<\/strong> oraz us\u0142ugi Moje Motty (<strong data-start=\"909\" data-end=\"922\">Min Motty)<\/strong>.<\/p>\n<p data-start=\"925\" data-end=\"1007\">Motty AS jest administratorem danych osobowych przetwarzanych w naszych systemach.<\/p>\n<h2 data-section-id=\"57ijr8\" data-start=\"1014\" data-end=\"1036\">Administrator danych<\/h2>\n<p data-start=\"1038\" data-end=\"1092\">Motty AS<br data-start=\"1046\" data-end=\"1049\" \/>Org.nr: 994 110 756<br data-start=\"1068\" data-end=\"1071\" \/>Torggata 8, 0181 Oslo<\/p>\n<p data-start=\"1094\" data-end=\"1149\">E-mail: <a class=\"decorated-link cursor-pointer\" rel=\"noopener\" data-start=\"1102\" data-end=\"1122\">kundesenter@motty.no<\/a><br data-start=\"1122\" data-end=\"1125\" \/>Telefon: +47 69 36 06 66<\/p>\n<p data-start=\"1151\" data-end=\"1307\">Je\u015bli masz pytania dotycz\u0105ce ochrony danych osobowych lub chcesz skorzysta\u0107 ze swoich praw, mo\u017cesz skontaktowa\u0107 si\u0119 z nami, korzystaj\u0105c z powy\u017cszych danych.<\/p>\n<h2 data-section-id=\"bmhfb\" data-start=\"1314\" data-end=\"1332\">Kluczowe poj\u0119cia<\/h2>\n<h3 data-section-id=\"vksd5w\" data-start=\"1334\" data-end=\"1350\">Dane osobowe<\/h3>\n<p data-start=\"1351\" data-end=\"1597\">Informacje, kt\u00f3re bezpo\u015brednio lub po\u015brednio mog\u0105 zosta\u0107 powi\u0105zane z mo\u017cliw\u0105 do zidentyfikowania osob\u0105 fizyczn\u0105. Przyk\u0142adami mog\u0105 by\u0107 imi\u0119 i nazwisko, numer identyfikacyjny, dane kontaktowe, adres IP, informacje o zad\u0142u\u017ceniu lub dane o dochodach.<\/p>\n<h3 data-section-id=\"1m7skog\" data-start=\"1599\" data-end=\"1633\">Przetwarzanie danych osobowych<\/h3>\n<p data-start=\"1634\" data-end=\"1792\">Ka\u017cda operacja wykonywana na danych osobowych, np. ich zbieranie, rejestrowanie, przechowywanie, porz\u0105dkowanie, analiza, \u0142\u0105czenie, przekazywanie lub usuwanie.<\/p>\n<h3 data-section-id=\"r2ygtg\" data-start=\"1794\" data-end=\"1818\">Administrator danych<\/h3>\n<p data-start=\"1819\" data-end=\"1888\">Podmiot, kt\u00f3ry okre\u015bla cele i sposoby przetwarzania danych osobowych.<\/p>\n<h3 data-section-id=\"1oagmjl\" data-start=\"1890\" data-end=\"1916\">Podmiot przetwarzaj\u0105cy<\/h3>\n<p data-start=\"1917\" data-end=\"2040\">Zewn\u0119trzny dostawca, kt\u00f3ry przetwarza dane osobowe w imieniu administratora danych i wy\u0142\u0105cznie zgodnie z jego instrukcjami.<\/p>\n<h2 data-section-id=\"jzvis7\" data-start=\"2047\" data-end=\"2058\">Moje Motty &#8211; Min Motty<\/h2>\n<p data-start=\"2060\" data-end=\"2204\"><strong data-start=\"2060\" data-end=\"2073\">Min Motty<\/strong> to osobisty portal u\u017cytkownika, kt\u00f3ry zapewnia wgl\u0105d w Twoj\u0105 sytuacj\u0119 finansow\u0105, zad\u0142u\u017cenie oraz potencjalne mo\u017cliwo\u015bci kredytowe.<\/p>\n<p data-start=\"2206\" data-end=\"2297\">Logowanie odbywa si\u0119 poprzez bezpieczn\u0105 identyfikacj\u0119 przy u\u017cyciu <strong data-start=\"2272\" data-end=\"2282\">BankID<\/strong> lub <strong data-start=\"2287\" data-end=\"2296\">Vipps<\/strong>.<\/p>\n<p data-start=\"2299\" data-end=\"2338\">Korzystaj\u0105c z us\u0142ugi, potwierdzasz, \u017ce:<\/p>\n<ul data-start=\"2340\" data-end=\"2643\">\n<li data-section-id=\"c8qbph\" data-start=\"2340\" data-end=\"2419\">\n<p data-start=\"2342\" data-end=\"2419\">zapozna\u0142e\u015b si\u0119 z nasz\u0105 polityk\u0105 prywatno\u015bci i warunkami oraz je akceptujesz<\/p>\n<\/li>\n<li data-section-id=\"3zkt15\" data-start=\"2420\" data-end=\"2522\">\n<p data-start=\"2422\" data-end=\"2522\">niezb\u0119dne dane mog\u0105 by\u0107 pobierane za po\u015brednictwem zatwierdzonych integracji z podmiotami trzecimi<\/p>\n<\/li>\n<li data-section-id=\"1qrmtm1\" data-start=\"2523\" data-end=\"2643\">\n<p data-start=\"2525\" data-end=\"2643\">dane mog\u0105 by\u0107 wykorzystywane do analizy Twojej sytuacji finansowej oraz prezentowania odpowiednich ofert finansowych<\/p>\n<\/li>\n<\/ul>\n<p data-start=\"2645\" data-end=\"2793\">W celu \u015bwiadczenia us\u0142ugi mo\u017cemy, na podstawie Twojej zgody lub innej podstawy prawnej przetwarzania, pobiera\u0107 i przetwarza\u0107 nast\u0119puj\u0105ce informacje:<\/p>\n<ul data-start=\"2795\" data-end=\"3105\">\n<li data-section-id=\"v1guxn\" data-start=\"2795\" data-end=\"2843\">\n<p data-start=\"2797\" data-end=\"2843\">dane identyfikacyjne za po\u015brednictwem BankID<\/p>\n<\/li>\n<li data-section-id=\"1s2dx1s\" data-start=\"2844\" data-end=\"2893\">\n<p data-start=\"2846\" data-end=\"2893\">dane kontaktowe wprowadzone przez u\u017cytkownika<\/p>\n<\/li>\n<li data-section-id=\"yw6bfe\" data-start=\"2894\" data-end=\"2931\">\n<p data-start=\"2896\" data-end=\"2931\">informacje kredytowe z Creditsafe<\/p>\n<\/li>\n<li data-section-id=\"503xho\" data-start=\"2932\" data-end=\"2980\">\n<p data-start=\"2934\" data-end=\"2980\">dane dotycz\u0105ce nieruchomo\u015bci z Eiendomsverdi<\/p>\n<\/li>\n<li data-section-id=\"wfrvvh\" data-start=\"2981\" data-end=\"3045\">\n<p data-start=\"2983\" data-end=\"3045\">informacje o zad\u0142u\u017ceniu niezabezpieczonym z Gjeldsregisteret<\/p>\n<\/li>\n<li data-section-id=\"16lxxo3\" data-start=\"3046\" data-end=\"3105\">\n<p data-start=\"3048\" data-end=\"3105\">dane finansowe wprowadzone przez u\u017cytkownika w systemie<\/p>\n<\/li>\n<\/ul>\n<p data-start=\"3107\" data-end=\"3146\">Informacje te s\u0105 wykorzystywane w celu:<\/p>\n<ul data-start=\"3148\" data-end=\"3385\">\n<li data-section-id=\"19756yq\" data-start=\"3148\" data-end=\"3214\">\n<p data-start=\"3150\" data-end=\"3214\">zapewnienia przegl\u0105du Twojego zad\u0142u\u017cenia i sytuacji finansowej<\/p>\n<\/li>\n<li data-section-id=\"w44eqq\" data-start=\"3215\" data-end=\"3265\">\n<p data-start=\"3217\" data-end=\"3265\">obliczania szacunkowych mo\u017cliwo\u015bci kredytowych<\/p>\n<\/li>\n<li data-section-id=\"1rbm6pi\" data-start=\"3266\" data-end=\"3319\">\n<p data-start=\"3268\" data-end=\"3319\">prezentowania odpowiednich alternatyw kredytowych<\/p>\n<\/li>\n<li data-section-id=\"abucln\" data-start=\"3320\" data-end=\"3385\">\n<p data-start=\"3322\" data-end=\"3385\">uproszczenia procesu sk\u0142adania wniosku w bankach partnerskich<\/p>\n<\/li>\n<\/ul>\n<p data-start=\"3387\" data-end=\"3501\">Dane mog\u0105 by\u0107 automatycznie aktualizowane w regularnych odst\u0119pach czasu, aby zapewni\u0107 ich poprawno\u015b\u0107 i aktualno\u015b\u0107.<\/p>\n<p data-start=\"3503\" data-end=\"3767\">Nale\u017cy pami\u0119ta\u0107, \u017ce <strong data-start=\"3523\" data-end=\"3612\">Min Motty zapewnia jedynie przegl\u0105d informacji i szacunki oparte na dost\u0119pnych danych<\/strong>. Us\u0142uga nie stanowi doradztwa finansowego. Ewentualne oferty kredytowe s\u0105 przedstawiane przez banki partnerskie na podstawie ich w\u0142asnej oceny kredytowej.<\/p>\n<h2 data-section-id=\"yc1f7p\" data-start=\"3774\" data-end=\"3804\">Automatyczne analizy i oceny<\/h2>\n<p data-start=\"3806\" data-end=\"3972\">Aby zapewni\u0107 przegl\u0105d Twojej sytuacji finansowej oraz mo\u017cliwe opcje kredytowe, Motty mo\u017ce korzysta\u0107 z automatycznych analiz opartych na dost\u0119pnych danych, takich jak:<\/p>\n<ul data-start=\"3974\" data-end=\"4127\">\n<li data-section-id=\"urgo4x\" data-start=\"3974\" data-end=\"3995\">\n<p data-start=\"3976\" data-end=\"3995\">poziom zad\u0142u\u017cenia<\/p>\n<\/li>\n<li data-section-id=\"16g5ybc\" data-start=\"3996\" data-end=\"4035\">\n<p data-start=\"3998\" data-end=\"4035\">zarejestrowane informacje kredytowe<\/p>\n<\/li>\n<li data-section-id=\"159iwih\" data-start=\"4036\" data-end=\"4061\">\n<p data-start=\"4038\" data-end=\"4061\">warto\u015b\u0107 nieruchomo\u015bci<\/p>\n<\/li>\n<li data-section-id=\"5y1jfs\" data-start=\"4062\" data-end=\"4082\">\n<p data-start=\"4064\" data-end=\"4082\">dane o dochodach<\/p>\n<\/li>\n<li data-section-id=\"1oh3den\" data-start=\"4083\" data-end=\"4127\">\n<p data-start=\"4085\" data-end=\"4127\">informacje wprowadzone przez u\u017cytkownika<\/p>\n<\/li>\n<\/ul>\n<p data-start=\"4129\" data-end=\"4222\">Analizy te s\u0142u\u017c\u0105 do generowania orientacyjnych szacunk\u00f3w i zestawie\u0144 w us\u0142udze <strong data-start=\"4208\" data-end=\"4221\">Min Motty<\/strong>.<\/p>\n<p data-start=\"4224\" data-end=\"4476\">Decyzje kredytowe oraz oferty kredytowe s\u0105 zawsze podejmowane przez banki partnerskie na podstawie ich w\u0142asnej oceny kredytowej. Motty <strong data-start=\"4359\" data-end=\"4399\">nie podejmuje automatycznych decyzji<\/strong>, kt\u00f3re wywo\u0142uj\u0105 skutki prawne lub inne istotne konsekwencje dla u\u017cytkownika.<\/p>\n<p data-start=\"4478\" data-end=\"4580\">Informacje, obliczenia i szacunki prezentowane w Min Motty maj\u0105 charakter orientacyjny i nie stanowi\u0105:<\/p>\n<ul data-start=\"4582\" data-end=\"4667\">\n<li data-section-id=\"n288kz\" data-start=\"4582\" data-end=\"4603\">\n<p data-start=\"4584\" data-end=\"4603\">porady finansowej<\/p>\n<\/li>\n<li data-section-id=\"ssz03b\" data-start=\"4604\" data-end=\"4634\">\n<p data-start=\"4606\" data-end=\"4634\">wi\u0105\u017c\u0105cej oferty kredytowej<\/p>\n<\/li>\n<li data-section-id=\"dc58ba\" data-start=\"4635\" data-end=\"4667\">\n<p data-start=\"4637\" data-end=\"4667\">gwarancji przyznania kredytu<\/p>\n<\/li>\n<\/ul>\n<p data-start=\"4669\" data-end=\"4824\">Ostateczna ocena wniosku kredytowego oraz warunk\u00f3w kredytu jest zawsze dokonywana przez bank zgodnie z jego polityk\u0105 kredytow\u0105 i obowi\u0105zuj\u0105cymi przepisami.<\/p>\n<p data-start=\"4826\" data-end=\"4976\">Motty nie ponosi odpowiedzialno\u015bci za decyzje podejmowane przez banki lub inne instytucje finansowe na podstawie informacji przedstawionych w us\u0142udze.<\/p>\n<h2 data-section-id=\"zt4c23\" data-start=\"4983\" data-end=\"5009\">Zewn\u0119trzne \u017ar\u00f3d\u0142a danych<\/h2>\n<p data-start=\"5011\" data-end=\"5072\">Motty mo\u017ce pobiera\u0107 dane z nast\u0119puj\u0105cych zewn\u0119trznych \u017ar\u00f3de\u0142:<\/p>\n<ul data-start=\"5074\" data-end=\"5127\">\n<li data-section-id=\"1k62d37\" data-start=\"5074\" data-end=\"5094\">\n<p data-start=\"5076\" data-end=\"5094\">Gjeldsregisteret<\/p>\n<\/li>\n<li data-section-id=\"15sm1jo\" data-start=\"5095\" data-end=\"5109\">\n<p data-start=\"5097\" data-end=\"5109\">Creditsafe<\/p>\n<\/li>\n<li data-section-id=\"i9t9iu\" data-start=\"5110\" data-end=\"5127\">\n<p data-start=\"5112\" data-end=\"5127\">Eiendomsverdi<\/p>\n<\/li>\n<\/ul>\n<p data-start=\"5129\" data-end=\"5268\">Podmioty te s\u0105 niezale\u017cnymi administratorami danych w swoich systemach. Motty otrzymuje jedynie informacje niezb\u0119dne do \u015bwiadczenia us\u0142ugi.<\/p>\n<h2 data-section-id=\"19okryc\" data-start=\"5275\" data-end=\"5300\">Podmioty przetwarzaj\u0105ce<\/h2>\n<p data-start=\"5302\" data-end=\"5422\">Motty korzysta z zewn\u0119trznych dostawc\u00f3w (podmiot\u00f3w przetwarzaj\u0105cych) w celu \u015bwiadczenia i ulepszania us\u0142ug, w tym m.in.:<\/p>\n<ul data-start=\"5424\" data-end=\"5586\">\n<li data-section-id=\"uc813w\" data-start=\"5424\" data-end=\"5469\">\n<p data-start=\"5426\" data-end=\"5469\">narz\u0119dzi analitycznych (Google Analytics)<\/p>\n<\/li>\n<li data-section-id=\"1vbpcs2\" data-start=\"5470\" data-end=\"5527\">\n<p data-start=\"5472\" data-end=\"5527\">dostawc\u00f3w technologii reklamowych i pomiaru konwersji<\/p>\n<\/li>\n<li data-section-id=\"2a0msr\" data-start=\"5528\" data-end=\"5586\">\n<p data-start=\"5530\" data-end=\"5586\">dostawc\u00f3w infrastruktury IT i system\u00f3w informatycznych<\/p>\n<\/li>\n<\/ul>\n<p data-start=\"5588\" data-end=\"5644\">Przyk\u0142ady platform reklamowych i analitycznych obejmuj\u0105:<\/p>\n<ul data-start=\"5646\" data-end=\"5741\">\n<li data-section-id=\"1ti8n3p\" data-start=\"5646\" data-end=\"5654\">\n<p data-start=\"5648\" data-end=\"5654\">Meta<\/p>\n<\/li>\n<li data-section-id=\"9w772\" data-start=\"5655\" data-end=\"5667\">\n<p data-start=\"5657\" data-end=\"5667\">LinkedIn<\/p>\n<\/li>\n<li data-section-id=\"1jw7alp\" data-start=\"5668\" data-end=\"5679\">\n<p data-start=\"5670\" data-end=\"5679\">YouTube<\/p>\n<\/li>\n<li data-section-id=\"1ip3fql\" data-start=\"5680\" data-end=\"5690\">\n<p data-start=\"5682\" data-end=\"5690\">Amedia<\/p>\n<\/li>\n<li data-section-id=\"167izct\" data-start=\"5691\" data-end=\"5704\">\n<p data-start=\"5693\" data-end=\"5704\">Schibsted<\/p>\n<\/li>\n<li data-section-id=\"3eyz5x\" data-start=\"5705\" data-end=\"5717\">\n<p data-start=\"5707\" data-end=\"5717\">Readpeak<\/p>\n<\/li>\n<li data-section-id=\"17e5ml6\" data-start=\"5718\" data-end=\"5730\">\n<p data-start=\"5720\" data-end=\"5730\">Snapchat<\/p>\n<\/li>\n<li data-section-id=\"hqcqni\" data-start=\"5731\" data-end=\"5741\">\n<p data-start=\"5733\" data-end=\"5741\">TikTok<\/p>\n<\/li>\n<\/ul>\n<p data-start=\"5743\" data-end=\"5885\">Wszyscy podwykonawcy przetwarzaj\u0105 dane osobowe zgodnie z umowami powierzenia przetwarzania danych i wy\u0142\u0105cznie na podstawie naszych instrukcji.<\/p>\n<h2 data-section-id=\"19m79ae\" data-start=\"5892\" data-end=\"5923\">Podstawa prawna przetwarzania<\/h2>\n<p data-start=\"5925\" data-end=\"5999\">Motty przetwarza dane osobowe na podstawie nast\u0119puj\u0105cych podstaw prawnych:<\/p>\n<h3 data-section-id=\"79di9z\" data-start=\"6001\" data-end=\"6010\">Umowa<\/h3>\n<p data-start=\"6011\" data-end=\"6160\">Gdy przetwarzanie jest niezb\u0119dne do realizacji umowy z u\u017cytkownikiem, np. w zwi\u0105zku z korzystaniem z Min Motty lub po\u015brednictwem w uzyskaniu kredytu.<\/p>\n<h3 data-section-id=\"8hygnn\" data-start=\"6162\" data-end=\"6185\">Uzasadniony interes<\/h3>\n<p data-start=\"6186\" data-end=\"6365\">W celu ulepszania us\u0142ug, analizy sposobu korzystania z serwisu, zapobiegania nadu\u017cyciom oraz zarz\u0105dzania relacjami z klientami \u2014 o ile interesy u\u017cytkownika nie maj\u0105 pierwsze\u0144stwa.<\/p>\n<h3 data-section-id=\"7e3qsx\" data-start=\"6367\" data-end=\"6376\">Zgoda<\/h3>\n<p data-start=\"6377\" data-end=\"6512\">W przypadkach wymaganych przez prawo, np. przy pobieraniu danych z Gjeldsregisteret lub w przypadku okre\u015blonych dzia\u0142a\u0144 marketingowych.<\/p>\n<p data-start=\"6514\" data-end=\"6561\">Zgoda mo\u017ce zosta\u0107 wycofana w dowolnym momencie.<\/p>\n<h3 data-section-id=\"4980u0\" data-start=\"6563\" data-end=\"6583\">Obowi\u0105zki prawne<\/h3>\n<p data-start=\"6584\" data-end=\"6784\">Dane osobowe mog\u0105 by\u0107 r\u00f3wnie\u017c przetwarzane w celu spe\u0142nienia obowi\u0105zk\u00f3w wynikaj\u0105cych z przepis\u00f3w prawa, w tym przepis\u00f3w dotycz\u0105cych przeciwdzia\u0142ania praniu pieni\u0119dzy oraz innych regulacji finansowych.<\/p>\n<h2 data-section-id=\"1brb2uq\" data-start=\"6791\" data-end=\"6825\">Przechowywanie i usuwanie danych<\/h2>\n<p data-start=\"6827\" data-end=\"6934\">Dane osobowe przechowujemy wy\u0142\u0105cznie tak d\u0142ugo, jak jest to konieczne do realizacji celu ich przetwarzania.<\/p>\n<p data-start=\"6936\" data-end=\"7014\">Mo\u017cesz w dowolnym momencie poprosi\u0107 o usuni\u0119cie swojego konta w <strong data-start=\"7000\" data-end=\"7013\">Min Motty<\/strong>.<\/p>\n<p data-start=\"7016\" data-end=\"7171\">Po zamkni\u0119ciu konta dane osobowe zostan\u0105 usuni\u0119te lub zanonimizowane w ci\u0105gu <strong data-start=\"7093\" data-end=\"7103\">30 dni<\/strong>, chyba \u017ce dalsze przechowywanie jest wymagane przez przepisy prawa.<\/p>\n<p data-start=\"7173\" data-end=\"7414\">W przypadku braku aktywno\u015bci przez <strong data-start=\"7208\" data-end=\"7223\">12 miesi\u0119cy<\/strong> konto mo\u017ce zosta\u0107 automatycznie zamkni\u0119te. Dane zostan\u0105 w\u00f3wczas usuni\u0119te lub zanonimizowane w ci\u0105gu 30 dni od zamkni\u0119cia konta, o ile przepisy prawa nie wymagaj\u0105 ich dalszego przechowywania.<\/p>\n<h2 data-section-id=\"xbdpww\" data-start=\"7421\" data-end=\"7434\">Twoje prawa<\/h2>\n<p data-start=\"7436\" data-end=\"7500\">Zgodnie z przepisami o ochronie danych osobowych przys\u0142uguje Ci:<\/p>\n<ul data-start=\"7502\" data-end=\"7715\">\n<li data-section-id=\"199f2tm\" data-start=\"7502\" data-end=\"7539\">\n<p data-start=\"7504\" data-end=\"7539\">prawo dost\u0119pu do danych osobowych<\/p>\n<\/li>\n<li data-section-id=\"1gw2azr\" data-start=\"7540\" data-end=\"7572\">\n<p data-start=\"7542\" data-end=\"7572\">prawo do sprostowania danych<\/p>\n<\/li>\n<li data-section-id=\"h6m07\" data-start=\"7573\" data-end=\"7602\">\n<p data-start=\"7575\" data-end=\"7602\">prawo do usuni\u0119cia danych<\/p>\n<\/li>\n<li data-section-id=\"owj3pq\" data-start=\"7603\" data-end=\"7642\">\n<p data-start=\"7605\" data-end=\"7642\">prawo do ograniczenia przetwarzania<\/p>\n<\/li>\n<li data-section-id=\"2dp8qf\" data-start=\"7643\" data-end=\"7675\">\n<p data-start=\"7645\" data-end=\"7675\">prawo do przenoszenia danych<\/p>\n<\/li>\n<li data-section-id=\"oeofuh\" data-start=\"7676\" data-end=\"7715\">\n<p data-start=\"7678\" data-end=\"7715\">prawo sprzeciwu wobec przetwarzania<\/p>\n<\/li>\n<\/ul>\n<p data-start=\"7717\" data-end=\"7876\">Je\u017celi uwa\u017casz, \u017ce przetwarzanie Twoich danych narusza obowi\u0105zuj\u0105ce przepisy, masz prawo z\u0142o\u017cy\u0107 skarg\u0119 do <strong data-start=\"7823\" data-end=\"7875\">norweskiego organu ochrony danych (Datatilsynet)<\/strong>.<\/p>\n<h2 data-section-id=\"r0p7xe\" data-start=\"7883\" data-end=\"7894\">Marketing<\/h2>\n<p data-start=\"7896\" data-end=\"8019\">Motty mo\u017ce wykorzystywa\u0107 dane kontaktowe do przesy\u0142ania informacji o w\u0142asnych us\u0142ugach oraz odpowiednich ofert finansowych.<\/p>\n<p data-start=\"8021\" data-end=\"8048\">Odbywa si\u0119 to na podstawie:<\/p>\n<ul data-start=\"8050\" data-end=\"8151\">\n<li data-section-id=\"qvlx2k\" data-start=\"8050\" data-end=\"8077\">\n<p data-start=\"8052\" data-end=\"8077\">zgody u\u017cytkownika<\/p>\n<p>lub<\/p>\n<\/li>\n<li data-section-id=\"lish6i\" data-start=\"8078\" data-end=\"8151\">\n<p data-start=\"8080\" data-end=\"8151\">uzasadnionego interesu, je\u015bli jest to dopuszczone przez przepisy prawa.<\/p>\n<\/li>\n<\/ul>\n<p data-start=\"8153\" data-end=\"8228\">Mo\u017cesz w dowolnym momencie zrezygnowa\u0107 z marketingu bezpo\u015bredniego poprzez:<\/p>\n<ul data-start=\"8230\" data-end=\"8326\">\n<li data-section-id=\"meqwp0\" data-start=\"8230\" data-end=\"8281\">\n<p data-start=\"8232\" data-end=\"8281\">klikni\u0119cie linku rezygnacji w wiadomo\u015bci e-mail<\/p>\n<\/li>\n<li data-section-id=\"1sdh0mj\" data-start=\"8282\" data-end=\"8326\">\n<p data-start=\"8284\" data-end=\"8326\">kontakt z naszym dzia\u0142em obs\u0142ugi klienta<\/p>\n<\/li>\n<\/ul>\n<p data-start=\"8328\" data-end=\"8439\">Motty nie udost\u0119pnia danych osobowych podmiotom trzecim w celach marketingowych bez wyra\u017anej zgody u\u017cytkownika.<\/p>\n<h2 data-section-id=\"1u5eqee\" data-start=\"8446\" data-end=\"8461\">Pliki cookies<\/h2>\n<p data-start=\"8463\" data-end=\"8517\">U\u017cywamy plik\u00f3w cookies i podobnych technologii w celu:<\/p>\n<ul data-start=\"8519\" data-end=\"8658\">\n<li data-section-id=\"16y8hk5\" data-start=\"8519\" data-end=\"8564\">\n<p data-start=\"8521\" data-end=\"8564\">zapewnienia prawid\u0142owego dzia\u0142ania strony<\/p>\n<\/li>\n<li data-section-id=\"iml78x\" data-start=\"8565\" data-end=\"8602\">\n<p data-start=\"8567\" data-end=\"8602\">poprawy do\u015bwiadczenia u\u017cytkownika<\/p>\n<\/li>\n<li data-section-id=\"eip3e6\" data-start=\"8603\" data-end=\"8631\">\n<p data-start=\"8605\" data-end=\"8631\">analizy ruchu na stronie<\/p>\n<\/li>\n<li data-section-id=\"jpqvwv\" data-start=\"8632\" data-end=\"8658\">\n<p data-start=\"8634\" data-end=\"8658\">dopasowania marketingu<\/p>\n<\/li>\n<\/ul>\n<p data-start=\"8660\" data-end=\"8823\">Narz\u0119dzia analityczne, takie jak <strong data-start=\"8693\" data-end=\"8713\">Google Analytics<\/strong>, zbieraj\u0105 statystyki dotycz\u0105ce korzystania ze strony. Tam, gdzie jest to mo\u017cliwe, adresy IP s\u0105 anonimizowane.<\/p>\n<p data-start=\"8825\" data-end=\"8946\">Mo\u017cesz zarz\u0105dza\u0107 zgod\u0105 na pliki cookies lub j\u0105 wycofa\u0107 w ustawieniach cookies na stronie lub w ustawieniach przegl\u0105darki.<\/p>\n<p data-start=\"8948\" data-end=\"9067\">Nale\u017cy pami\u0119ta\u0107, \u017ce zablokowanie niekt\u00f3rych plik\u00f3w cookies mo\u017ce spowodowa\u0107, \u017ce cz\u0119\u015b\u0107 funkcji strony przestanie dzia\u0142a\u0107.<\/p>\n<h2 data-section-id=\"1miurep\" data-start=\"9074\" data-end=\"9105\">Zmiany w polityce prywatno\u015bci<\/h2>\n<p data-start=\"9107\" data-end=\"9189\">Motty mo\u017ce w razie potrzeby aktualizowa\u0107 niniejsz\u0105 polityk\u0119 prywatno\u015bci i warunki.<\/p>\n<p data-start=\"9191\" data-end=\"9340\">Aktualna wersja dokumentu b\u0119dzie zawsze dost\u0119pna na stronie internetowej. W przypadku istotnych zmian poinformujemy u\u017cytkownik\u00f3w w odpowiedni spos\u00f3b.<\/p>\n            <\/div>\n                    <\/div>\n    <\/div>\n<\/div>\n\n\n<p><\/p>\n","protected":false},"excerpt":{"rendered":"","protected":false},"author":16,"featured_media":0,"parent":0,"menu_order":0,"comment_status":"closed","ping_status":"closed","template":"","meta":{"_acf_changed":false,"footnotes":""},"class_list":["post-5914","page","type-page","status-publish","hentry"],"acf":[],"_links":{"self":[{"href":"https:\/\/www.motty.no\/pl\/wp-json\/wp\/v2\/pages\/5914","targetHints":{"allow":["GET"]}}],"collection":[{"href":"https:\/\/www.motty.no\/pl\/wp-json\/wp\/v2\/pages"}],"about":[{"href":"https:\/\/www.motty.no\/pl\/wp-json\/wp\/v2\/types\/page"}],"author":[{"embeddable":true,"href":"https:\/\/www.motty.no\/pl\/wp-json\/wp\/v2\/users\/16"}],"replies":[{"embeddable":true,"href":"https:\/\/www.motty.no\/pl\/wp-json\/wp\/v2\/comments?post=5914"}],"version-history":[{"count":5,"href":"https:\/\/www.motty.no\/pl\/wp-json\/wp\/v2\/pages\/5914\/revisions"}],"predecessor-version":[{"id":8274,"href":"https:\/\/www.motty.no\/pl\/wp-json\/wp\/v2\/pages\/5914\/revisions\/8274"}],"wp:attachment":[{"href":"https:\/\/www.motty.no\/pl\/wp-json\/wp\/v2\/media?parent=5914"}],"curies":[{"name":"wp","href":"https:\/\/api.w.org\/{rel}","templated":true}]}}