{"id":4574,"date":"2024-09-12T13:40:44","date_gmt":"2024-09-12T13:40:44","guid":{"rendered":"https:\/\/www.motty.no\/zasoby\/kalkulator-pozyczki\/kalkulator-odsetek"},"modified":"2025-06-19T06:07:19","modified_gmt":"2025-06-19T06:07:19","slug":"kalkulator-odsetek","status":"publish","type":"page","link":"https:\/\/www.motty.no\/pl\/zasoby\/kalkulator-pozyczki\/kalkulator-odsetek","title":{"rendered":"Kalkulator wzrostu oprocentowania"},"content":{"rendered":"<div id=\"69f2b9bd1eef0\" class=\"feature_content-outer-container overflow-hidden relative\">\n<svg class=\"absolute top-0 left-0 hidden md:block\" xmlns=\"http:\/\/www.w3.org\/2000\/svg\" width=\"593\" height=\"615\" viewBox=\"0 0 593 615\" fill=\"none\">\n<path d=\"M203.964 63.4865L203.959 63.4906L203.267 64.141L203.254 64.1539L203.24 64.1671L186.798 80.5602L107.378 159.743L-101.005 367.504V232.603C-101.005 168.792 -49.7295 116.031 14.2431 115.66C38.0374 115.524 60.205 122.563 78.6877 134.751L79.5544 135.322L80.2896 134.589L160.164 54.9526L161.167 53.9531L160.068 53.0604C119.156 19.8147 68.44 1.72514 14.9375 1.72514C-37.6024 1.72514 -87.464 19.1609 -127.994 51.2815V3V1.72514H-129.269H-214H-215.275V3V231.243V234.718V591.884C-215.275 610.597 -192.601 619.941 -179.346 606.725L-152.741 580.203L-153.641 579.3L-152.741 580.203L-130.556 558.079L240.533 188.103L282.602 146.16C303.926 126.593 331.576 115.777 360.607 115.66C424.608 115.397 477.014 168.797 477.014 232.652V601.856C477.014 607.999 482.019 612.981 488.173 612.981H580.123C586.285 612.981 591.282 607.999 591.282 601.856V231.243C591.282 169.937 567.342 112.302 523.858 68.9484C480.383 25.6044 422.566 1.72514 361.085 1.72514C299.602 1.72514 246.73 23.6663 203.964 63.4865ZM130.872 580.582H132.147H243.873H245.147V579.307V238.743V235.671L242.972 237.84L131.247 349.229L130.872 349.602V350.131V579.307V580.582Z\" stroke=\"#00074A\" stroke-opacity=\"0.12\" stroke-width=\"2.54971\"\/>\n<\/svg>\n    <div class=\"container mx-auto py-10 px-6 md:p-14 lg:py-28 xl:px-28 relative z-[5]\">\n        <h2 class=\"h2 text-center\">Kalkulator wzrostu oprocentowania<\/h2>        <p class=\"text-center mt-6 text-lg text-fjellvann-dark-blue max-w-[900px] mx-auto\">Kalkulator odsetek wpisz kwot\u0119, kt\u00f3r\u0105 chcesz po\u017cyczy\u0107, okres sp\u0142aty oraz oprocentowanie i dowiedz si\u0119, jaka b\u0119dzie miesi\u0119czna rata. Mo\u017cesz tak\u017ce zobaczy\u0107 harmonogram sp\u0142at.<\/p>        <div data-product=\"ConsumerLoan\" data-locale=\"pl\" data-type=\"interest rate modifier\" class=\"mt-8 bg-fjellvann-medium-beige p-12 rounded-lg max-w-fit mx-auto\" id=\"loan-calculator\"><\/div>\n    <\/div>\n<\/div>\n\n\n<div id=\"rt-69f2b9bd1fb6e\" class=\"richtext_outer-container overflow-hidden\">\n    <div class=\"py-[60px] px-6 md:px-14 lg:py-20 xl:px-28\">\n        <div class=\"content_medium mx-auto flex flex-col gap-6 md:gap-10\">\n                        <div class=\"richtext__outer-header gap-8 flex flex-col content-left\">\n            <h2 class=\"h2\">Jak wzro\u015bnie koszt Twojego kredytu?<\/h2><p class=\"md:text-[20px] lg:text-[24px]\">Stopy procentowe stale rosn\u0105. W zwi\u0105zku z tym bycie na bie\u017c\u0105co z kosztami kredyt\u00f3w mo\u017ce by\u0107 trudne.<\/p>            <\/div>\n                        <div class=\"richtext__contents content-rte spacing_content-large\">\n                <h1>Kalkulator wzrostu oprocentowania<\/h1>\n<p>Dzi\u0119ki naszemu kalkulatorowi wzrostu oprocentowania mo\u017cesz obliczy\u0107, jak zmiana oprocentowania wp\u0142ynie na Tw\u00f3j kredyt.<\/p>\n<p>Mo\u017cesz r\u00f3wnie\u017c skorzysta\u0107 z kalkulatora, aby sprawdzi\u0107, czy jeste\u015b w stanie uzyska\u0107 lepsze oferty kredytowe w innych bankach.<\/p>\n<p>To, o ile dro\u017cszy b\u0119dzie Tw\u00f3j kredyt, zale\u017cy od tego, jaki kredyt posiadasz.<\/p>\n<h3>Obliczanie oprocentowania<\/h3>\n<p>Przetestuj nasz kalkulator wzrostu oprocentowania i sprawd\u017a, ile b\u0119dzie Ci\u0119 kosztowa\u0107 Tw\u00f3j kredyt po wzro\u015bcie oprocentowania.<\/p>\n<p>Por\u00f3wnaj swoje obecne koszty z tym, ile b\u0119dziesz p\u0142aci\u0107 po uwzgl\u0119dnieniu podwy\u017cek st\u00f3p procentowych. Sprawd\u017a, o ile dro\u017cszy b\u0119dzie Tw\u00f3j kredyt, wprowadzaj\u0105c nowe zmienne do kalkulatora. Wprowad\u017a kwot\u0119 po\u017cyczki z obecnym oprocentowaniem i nowym. Kalkulator obliczy, jak zmieni\u0105 si\u0119 Twoje miesi\u0119czne koszty po podwy\u017cce st\u00f3p procentowych.<\/p>\n<h3>Jak podwy\u017cka st\u00f3p procentowych wp\u0142ynie na Twoje finanse?<\/h3>\n<p>Stopy procentowe b\u0119d\u0105 skaka\u0107 w g\u00f3r\u0119 i w d\u00f3\u0142 w zale\u017cno\u015bci od polityki pieni\u0119\u017cnej kraju. Bez w\u0105tpienia wp\u0142ynie to na Twoj\u0105 sytuacj\u0119 finansow\u0105 i kredyty, kt\u00f3re masz w bankach.<\/p>\n<p>Przeczytaj wi\u0119cej o podwy\u017cce st\u00f3p procentowych w 2022 roku i jej wp\u0142ywie na Twoje finanse w poni\u017cszym artykule.<\/p>\n<p><a href=\"https:\/\/www.motty.no\/artikler\/okonomitips\/renteokning-2022\">Podwy\u017cka st\u00f3p procentowych w 2022 roku &#8211; jak wp\u0142ynie na Twoje finanse?<\/a><\/p>\n<h3>Oprocentowanie nominalne i rzeczywiste<\/h3>\n<p>Oprocentowanie rzeczywiste okre\u015bla ca\u0142kowity koszt kredytu. Oprocentowanie nominalne to oprocentowanie, kt\u00f3re nie uwzgl\u0119dnia wszystkich op\u0142at zwi\u0105zanych z posiadaniem kredytu i cz\u0119sto jest podawane jako roczna stopa procentowa.<\/p>\n<p>Dla wielu os\u00f3b oprocentowanie rzeczywiste jest najwa\u017cniejszym czynnikiem, kt\u00f3ry bior\u0105 pod uwag\u0119 przy wyborze kredytu. Przeczytaj wi\u0119cej o rodzajach oprocentowania w poni\u017cszym artykule.<\/p>\n<p><a href=\"https:\/\/www.motty.no\/artikler\/lan\/hva-er-forskjellen-pa-nominell-og-effektiv-rente\">Jaka jest r\u00f3\u017cnica mi\u0119dzy nominalnym a efektywnym oprocentowaniem?<\/a><\/p>\n<h3>Motty pomaga!<\/h3>\n<p>Por\u00f3wnamy dla Ciebie oferty z ponad 20 bank\u00f3w, aby mie\u0107 pewno\u015b\u0107, \u017ce otrzymujesz najlepsze warunki kredytu dost\u0119pne na rynku i najni\u017csze oprocentowanie.<\/p>\n            <\/div>\n                    <\/div>\n    <\/div>\n<\/div>\n\n\n<div id=\"cta-69f2b9bd22e40\" class=\"calltoaction-outer-container overflow-hidden generalcta\">\n    <div class=\"container mx-auto py-12 px-6 md:p-14 xl:px-28\">\n        <div class=\"rounded-lg bg-fjellvann-medium-beige py-14 px-5 md:px-[50px] lg:px-[100px]\">\n            <div class=\"flex flex-col-reverse gap-10 md:gap-[57px] md:flex-row md:items-center\">\n                <div class=\"w-full md:w-[calc(50%-28.5px)] lg:w-[calc(592px)]\">\n                                            <div class=\"flex flex-col gap-6 text-center md:text-left\">\n                            <h2 class=\"h2 max-w-[592px]\">Masz pytania?<\/h2><div class=\"text-[18px] md:text-[24px] content-rte font-recklessregular\"><p><a href=\"https:\/\/www.motty.no\/pl\/skontaktuj-sie-z-nami\">Skontaktuj si\u0119 z nami<\/a>, a odpowiemy na wszystkie pytania i rozwiejemy wszelkie w\u0105tpliwo\u015bci!<\/p>\n<\/div>                        <\/div>\n                                                                <div class=\"mt-10\">\n                            <a id=\"\" href=\"https:\/\/www.motty.no\/pl\/skontaktuj-sie-z-nami\" class=\"text-nowrap flex items-center justify-center transition-all ease-in duration-300 rounded font-generalsansmedium text-center text-fjellvann-white bg-fjellvann-green hover:bg-fjellvann-light-green py-[18px] px-6 w-fit\">Skontaktuj si\u0119 z nami<\/a>                        <\/div>\n                                    <\/div>\n                <div class=\"w-full md:w-[calc(50%-28.5px)] lg:w-[calc(100%-620.5px)]\">\n                    <img decoding=\"async\" class=\"w-[174px] h-auto mx-auto md:m-0 md:w-full md:h-full object-cover\" src=\"https:\/\/www.motty.no\/wp-content\/uploads\/2024\/03\/faq_prefooter.svg\" alt=\"faq_prefooter\" \/>                <\/div>\n            <\/div>\n        <\/div>\n    <\/div>\n<\/div>\n\n<div id=\"slb-69f2b9bd2496f\" class=\"services__link-block-outer-container\">\n    <div class=\"max-w-[1080px] mx-auto py-6 px-0 md:px-14 md:py-16 xl:px-28 \">\n        <div class=\"hidden md:flex md:flex-wrap md:gap-8 md:items-center md:justify-center\">\n                        <a class=\"flex items-center justify-between gap-[10px] py-[14px] px-[18px] rounded border border-fjellvann-medium-blue bg-fjellvann-medium-beige hover:bg-fjellvann-light-beige transition-colors\" href=\"https:\/\/www.motty.no\/pl\/sok-nytt-lan\">\n            <span>Wnioskuj o nowy kredyt<\/span>            <\/a>\n                        <a class=\"flex items-center justify-between gap-[10px] py-[14px] px-[18px] rounded border border-fjellvann-medium-blue bg-fjellvann-medium-beige hover:bg-fjellvann-light-beige transition-colors\" href=\"https:\/\/www.motty.no\/pl\/refinansiering-norwegia\">\n            <span>Refinansowanie<\/span>            <\/a>\n                        <a class=\"flex items-center justify-between gap-[10px] py-[14px] px-[18px] rounded border border-fjellvann-medium-blue bg-fjellvann-medium-beige hover:bg-fjellvann-light-beige transition-colors\" href=\"https:\/\/www.motty.no\/pl\/pomoc-finansowa-norwegia\">\n            <span>Pomoc finansowa<\/span>            <\/a>\n                        <a class=\"flex items-center justify-between gap-[10px] py-[14px] px-[18px] rounded border border-fjellvann-medium-blue bg-fjellvann-medium-beige hover:bg-fjellvann-light-beige transition-colors\" href=\"https:\/\/www.motty.no\/pl\/karta-kredytowa-norwegia\">\n            <img decoding=\"async\" class=\"w-5 h-auto block\" src=\"https:\/\/www.motty.no\/wp-content\/uploads\/2024\/03\/kredittkort.svg\" alt=\"\"\/><span>Karta kredytowa<\/span>            <\/a>\n                        <a class=\"flex items-center justify-between gap-[10px] py-[14px] px-[18px] rounded border border-fjellvann-medium-blue bg-fjellvann-medium-beige hover:bg-fjellvann-light-beige transition-colors\" href=\"https:\/\/www.motty.no\/pl\/kredyt-konsumencki-norwegia\">\n            <span>Kredyt konsumencki<\/span>            <\/a>\n                    <\/div>\n        <div class=\"block md:hidden\">\n            <div id=\"post4574\" class=\"swiper archive_swiper\" data-swiper=\"post4574\">\n                <div class=\"swiper-wrapper\">\n                                        <div class=\"swiper-slide w-fit\">\n                            <a class=\"flex items-center justify-between gap-[10px] py-[14px] px-[18px] rounded border border-fjellvann-medium-blue bg-fjellvann-medium-beige hover:bg-fjellvann-light-beige transition-colors\" href=\"https:\/\/www.motty.no\/pl\/sok-nytt-lan\">\n                        <span>Wnioskuj o nowy kredyt<\/span>                        <\/a>\n                    <\/div>\n\n                                        <div class=\"swiper-slide w-fit\">\n                            <a class=\"flex items-center justify-between gap-[10px] py-[14px] px-[18px] rounded border border-fjellvann-medium-blue bg-fjellvann-medium-beige hover:bg-fjellvann-light-beige transition-colors\" href=\"https:\/\/www.motty.no\/pl\/refinansiering-norwegia\">\n                        <span>Refinansowanie<\/span>                        <\/a>\n                    <\/div>\n\n                                        <div class=\"swiper-slide w-fit\">\n                            <a class=\"flex items-center justify-between gap-[10px] py-[14px] px-[18px] rounded border border-fjellvann-medium-blue bg-fjellvann-medium-beige hover:bg-fjellvann-light-beige transition-colors\" href=\"https:\/\/www.motty.no\/pl\/pomoc-finansowa-norwegia\">\n                        <span>Pomoc finansowa<\/span>                        <\/a>\n                    <\/div>\n\n                                        <div class=\"swiper-slide w-fit\">\n                            <a class=\"flex items-center justify-between gap-[10px] py-[14px] px-[18px] rounded border border-fjellvann-medium-blue bg-fjellvann-medium-beige hover:bg-fjellvann-light-beige transition-colors\" href=\"https:\/\/www.motty.no\/pl\/karta-kredytowa-norwegia\">\n                        <img decoding=\"async\" class=\"w-5 h-auto block\" src=\"https:\/\/www.motty.no\/wp-content\/uploads\/2024\/03\/kredittkort.svg\" alt=\"\"\/><span>Karta kredytowa<\/span>                        <\/a>\n                    <\/div>\n\n                                        <div class=\"swiper-slide w-fit\">\n                            <a class=\"flex items-center justify-between gap-[10px] py-[14px] px-[18px] rounded border border-fjellvann-medium-blue bg-fjellvann-medium-beige hover:bg-fjellvann-light-beige transition-colors\" href=\"https:\/\/www.motty.no\/pl\/kredyt-konsumencki-norwegia\">\n                        <span>Kredyt konsumencki<\/span>                        <\/a>\n                    <\/div>\n\n                                    <\/div>\n                <div class=\"sp-pagination-post4574 flex justify-center mt-4\"><\/div>\n            <\/div>\n\n        <\/div>\n    <\/div>\n<\/div>\n\n\n<div id=\"ra-69f2b9bd26b46\" class=\"related_articles-outer-container\">\n    <div class=\"container mx-auto py-12 px-6 md:p-14 xl:px-28 lg:pt-14 lg:pb-28\">\n        <div class=\"flex flex-col text-center gap-8\">\n                        <h2 class=\"h2\">Artyku\u0142y<\/h2>\n                    <\/div>\n                <div class=\"mt-14 flex flex-col gap-14 items-center\">\n            <div class=\"flex flex-col gap-8 flex-wrap md:flex-row\">\n                        <div class=\"w-full md:w-[calc(50%-21.999px)] lg:w-[calc(33.33%-21.999px)]\">\n                <div class=\"w-full flex flex-col gap-[15px]\">\n                        <a class=\"block w-full \" href=\"https:\/\/www.motty.no\/pl\/artikler\/finanse-prywatne\/oprocentowanie-kredytu-hipotecznego-w-norwegii\"><img decoding=\"async\" class=\"overflow-hidden w-full h-full block object-cover rounded-lg border-b-[9px] border-fjellvann-green\" src=\"https:\/\/www.motty.no\/wp-content\/uploads\/2024\/09\/BLOG-MOTTY-new-niesplacony-kredyt-w-norwegii.png\"><\/a>                    <div class=\"flex flex-col gap-3 relative\">\n                        <a class=\"block absolute top-0 left-0 w-full h-full\" href=\"https:\/\/www.motty.no\/pl\/artikler\/finanse-prywatne\/oprocentowanie-kredytu-hipotecznego-w-norwegii\"><\/a>\n                        <h3 class=\"font-recklesssemibold text-[20px] md:text-[24px]\">Oprocentowanie kredytu hipotecznego w Norwegii<\/h3><p>Ceny nieruchomo\u015bci nadal trzymaj\u0105 si\u0119 na wysokim poziomie, a oprocentowanie kredytu hipotecznego w Norwegii osi\u0105ga rekordow\u0105&#8230;<\/p>\n                    <\/div>\n                <\/div>\n            <\/div>\n                        <div class=\"w-full md:w-[calc(50%-21.999px)] lg:w-[calc(33.33%-21.999px)]\">\n                <div class=\"w-full flex flex-col gap-[15px]\">\n                        <a class=\"block w-full \" href=\"https:\/\/www.motty.no\/pl\/artikler\/finanse-prywatne\/oprocentowanie-kredytu-hipotecznego-w-norwegii-2023\"><img decoding=\"async\" class=\"overflow-hidden w-full h-full block object-cover rounded-lg border-b-[9px] border-fjellvann-green\" src=\"https:\/\/www.motty.no\/wp-content\/uploads\/2024\/09\/Motty-Blog-Miniaturka-21.06.2023.png\"><\/a>                    <div class=\"flex flex-col gap-3 relative\">\n                        <a class=\"block absolute top-0 left-0 w-full h-full\" href=\"https:\/\/www.motty.no\/pl\/artikler\/finanse-prywatne\/oprocentowanie-kredytu-hipotecznego-w-norwegii-2023\"><\/a>\n                        <h3 class=\"font-recklesssemibold text-[20px] md:text-[24px]\">Zmiany w oprocentowaniu kredyt\u00f3w hipotecznych w Norwegii<\/h3><p>Polacy, kt\u00f3rzy wzi\u0119li\u00a0kredyt hipoteczny w Norwegii, musz\u0105 przygotowa\u0107 si\u0119 na wzrost wysoko\u015bci rat. Jest to zwi\u0105zane&#8230;<\/p>\n                    <\/div>\n                <\/div>\n            <\/div>\n                        <div class=\"w-full md:w-[calc(50%-21.999px)] lg:w-[calc(33.33%-21.999px)]\">\n                <div class=\"w-full flex flex-col gap-[15px]\">\n                        <a class=\"block w-full \" href=\"https:\/\/www.motty.no\/pl\/artikler\/finanse-prywatne\/jak-sprawdzic-swoja-zdolnosc-kredytowa-w-norwegii\"><img decoding=\"async\" class=\"overflow-hidden w-full h-full block object-cover rounded-lg border-b-[9px] border-fjellvann-green\" src=\"https:\/\/www.motty.no\/wp-content\/uploads\/2024\/09\/Kredittvurdering-Norge.png\"><\/a>                    <div class=\"flex flex-col gap-3 relative\">\n                        <a class=\"block absolute top-0 left-0 w-full h-full\" href=\"https:\/\/www.motty.no\/pl\/artikler\/finanse-prywatne\/jak-sprawdzic-swoja-zdolnosc-kredytowa-w-norwegii\"><\/a>\n                        <h3 class=\"font-recklesssemibold text-[20px] md:text-[24px]\">Jak sprawdzi\u0107 swoj\u0105 zdolno\u015b\u0107 kredytow\u0105 w Norwegii<\/h3><p>Potrzebujesz dodatkowych \u015brodk\u00f3w finansowych, a mo\u017ce interesuje Ci\u0119 kredyt na zakup mieszkania b\u0105d\u017a domu w Norwegii?&#8230;<\/p>\n                    <\/div>\n                <\/div>\n            <\/div>\n                        <\/div>\n            <a id=\"\" href=\"https:\/\/www.motty.no\/pl\/artykuly\" class=\"text-nowrap flex items-center justify-center transition-all ease-in duration-300 rounded font-generalsansmedium text-center text-fjellvann-white bg-fjellvann-green hover:bg-fjellvann-light-green py-[18px] px-6 w-fit\">Czytaj wi\u0119cej<\/a>        <\/div>\n            <\/div>\n<\/div>\n\n\n\n<p><\/p>\n","protected":false},"excerpt":{"rendered":"","protected":false},"author":18,"featured_media":0,"parent":4147,"menu_order":0,"comment_status":"closed","ping_status":"closed","template":"","meta":{"_acf_changed":false,"footnotes":""},"class_list":["post-4574","page","type-page","status-publish","hentry"],"acf":[],"_links":{"self":[{"href":"https:\/\/www.motty.no\/pl\/wp-json\/wp\/v2\/pages\/4574","targetHints":{"allow":["GET"]}}],"collection":[{"href":"https:\/\/www.motty.no\/pl\/wp-json\/wp\/v2\/pages"}],"about":[{"href":"https:\/\/www.motty.no\/pl\/wp-json\/wp\/v2\/types\/page"}],"author":[{"embeddable":true,"href":"https:\/\/www.motty.no\/pl\/wp-json\/wp\/v2\/users\/18"}],"replies":[{"embeddable":true,"href":"https:\/\/www.motty.no\/pl\/wp-json\/wp\/v2\/comments?post=4574"}],"version-history":[{"count":5,"href":"https:\/\/www.motty.no\/pl\/wp-json\/wp\/v2\/pages\/4574\/revisions"}],"predecessor-version":[{"id":6609,"href":"https:\/\/www.motty.no\/pl\/wp-json\/wp\/v2\/pages\/4574\/revisions\/6609"}],"up":[{"embeddable":true,"href":"https:\/\/www.motty.no\/pl\/wp-json\/wp\/v2\/pages\/4147"}],"wp:attachment":[{"href":"https:\/\/www.motty.no\/pl\/wp-json\/wp\/v2\/media?parent=4574"}],"curies":[{"name":"wp","href":"https:\/\/api.w.org\/{rel}","templated":true}]}}