{"id":4558,"date":"2024-09-12T13:34:07","date_gmt":"2024-09-12T13:34:07","guid":{"rendered":"https:\/\/www.motty.no\/zasoby\/kalkulator-pozyczki\/mc-lan"},"modified":"2025-05-23T11:09:42","modified_gmt":"2025-05-23T11:09:42","slug":"mc-lan","status":"publish","type":"page","link":"https:\/\/www.motty.no\/pl\/zasoby\/kalkulator-pozyczki\/mc-lan","title":{"rendered":"Kalkulator kredytu na motocykl"},"content":{"rendered":"<div id=\"69e7e80dd86d4\" class=\"feature_content-outer-container overflow-hidden relative\">\n<svg class=\"absolute top-0 left-0 hidden md:block\" xmlns=\"http:\/\/www.w3.org\/2000\/svg\" width=\"593\" height=\"615\" viewBox=\"0 0 593 615\" fill=\"none\">\n<path d=\"M203.964 63.4865L203.959 63.4906L203.267 64.141L203.254 64.1539L203.24 64.1671L186.798 80.5602L107.378 159.743L-101.005 367.504V232.603C-101.005 168.792 -49.7295 116.031 14.2431 115.66C38.0374 115.524 60.205 122.563 78.6877 134.751L79.5544 135.322L80.2896 134.589L160.164 54.9526L161.167 53.9531L160.068 53.0604C119.156 19.8147 68.44 1.72514 14.9375 1.72514C-37.6024 1.72514 -87.464 19.1609 -127.994 51.2815V3V1.72514H-129.269H-214H-215.275V3V231.243V234.718V591.884C-215.275 610.597 -192.601 619.941 -179.346 606.725L-152.741 580.203L-153.641 579.3L-152.741 580.203L-130.556 558.079L240.533 188.103L282.602 146.16C303.926 126.593 331.576 115.777 360.607 115.66C424.608 115.397 477.014 168.797 477.014 232.652V601.856C477.014 607.999 482.019 612.981 488.173 612.981H580.123C586.285 612.981 591.282 607.999 591.282 601.856V231.243C591.282 169.937 567.342 112.302 523.858 68.9484C480.383 25.6044 422.566 1.72514 361.085 1.72514C299.602 1.72514 246.73 23.6663 203.964 63.4865ZM130.872 580.582H132.147H243.873H245.147V579.307V238.743V235.671L242.972 237.84L131.247 349.229L130.872 349.602V350.131V579.307V580.582Z\" stroke=\"#00074A\" stroke-opacity=\"0.12\" stroke-width=\"2.54971\"\/>\n<\/svg>\n    <div class=\"container mx-auto py-10 px-6 md:p-14 lg:py-28 xl:px-28 relative z-[5]\">\n        <h2 class=\"h2 text-center\">Kalkulator kredytu na motocykl<\/h2>        <p class=\"text-center mt-6 text-lg text-fjellvann-dark-blue max-w-[900px] mx-auto\">Wpisz kwot\u0119, kt\u00f3r\u0105 chcesz po\u017cyczy\u0107, okres sp\u0142aty oraz oprocentowanie i dowiedz si\u0119, jaka b\u0119dzie miesi\u0119czna rata. Mo\u017cesz tak\u017ce zobaczy\u0107 harmonogram sp\u0142at.<\/p>        <div data-product=\"ConsumerLoan\" data-locale=\"pl\" data-type=\"loan cost\" class=\"mt-8 bg-fjellvann-medium-beige p-12 rounded-lg max-w-fit mx-auto\" id=\"loan-calculator\"><\/div>\n    <\/div>\n<\/div>\n\n\n<div id=\"rt-69e7e80dd9354\" class=\"richtext_outer-container overflow-hidden\">\n    <div class=\"py-[60px] px-6 md:px-14 lg:py-20 xl:px-28\">\n        <div class=\"content_medium mx-auto flex flex-col gap-6 md:gap-10\">\n                        <div class=\"richtext__outer-header gap-8 flex flex-col content-left\">\n            <h2 class=\"h2\">Skorzystaj z naszego kalkulatora kredytowego, aby obliczy\u0107 ile wyniesie Ci\u0119 kredyt<\/h2><p class=\"md:text-[20px] lg:text-[24px]\">Du\u017co podr\u00f3\u017cujesz i potrzebujesz zainwestowa\u0107 w nowy sprz\u0119t? Marzysz o nowym motocyklu, ale potrzebujesz dobra\u0107 \u015brodki na jego zakup?\r\n\r\nU\u017cyj naszego kalkulatora kredytu na motocykl i oblicz ile b\u0119dzie Ci\u0119 kosztowa\u0107 kredyt na spe\u0142nienie swoich marze\u0144.<\/p>            <\/div>\n                        <div class=\"richtext__contents content-rte spacing_content-large\">\n                <h1 class=\"h2 text-center\" style=\"text-align: left\">Kalkulator kredytu na motocykl<\/h1>\n<h3>Ile mog\u0119 po\u017cyczy\u0107?<\/h3>\n<p>Skorzystaj z naszego kalkulatora kredytu na motocykl, aby dowiedzie\u0107 si\u0119, ile mo\u017cesz po\u017cyczy\u0107 i ile to b\u0119dzie kosztowa\u0107. Wzi\u0119cie kredytu powinno by\u0107 dobrze przemy\u015blan\u0105 decyzj\u0105, obliczenie wszystkich koszt\u00f3w kredytu mo\u017ce pom\u00f3c Ci w jej podj\u0119ciu.<\/p>\n<h3>Jak korzysta\u0107 z kalkulatora?<\/h3>\n<ol>\n<li>Wprowad\u017a kwot\u0119, kt\u00f3r\u0105 chcesz po\u017cyczy\u0107<\/li>\n<li>Wprowad\u017a wybrany okres sp\u0142aty<\/li>\n<li>Kalkulator oblicza wysoko\u015b\u0107 odsetek, op\u0142at i miesi\u0119cznej raty Twojego kredytu<\/li>\n<li><span data-sheets-root=\"1\">Wype\u0142nij i prze\u015blij wniosek. My zweryfikujemy i roze\u015blemy Tw\u00f3j wniosek do bank\u00f3w.<\/span><\/li>\n<li><span data-sheets-root=\"1\">Otrzymasz od nas pe\u0142ny i przejrzysty przegl\u0105d ofert, kt\u00f3re mo\u017cesz por\u00f3wna\u0107. Pomagamy r\u00f3wnie\u017c w ocenie ofert kredytowych i mo\u017cemy udzieli\u0107 porady.<\/span><\/li>\n<\/ol>\n<h3>Wnioskowa\u0107 z zabezpieczeniem czy bez?<\/h3>\n<p>Je\u015bli masz wk\u0142ad w\u0142asny, mo\u017cesz liczy\u0107 na ni\u017csze oprocentowanie od banku. Je\u015bli nie masz wk\u0142adu w\u0142asnego, mo\u017cesz wykorzysta\u0107 sw\u00f3j obecny motocykl, kamper czy nieruchomo\u015b\u0107 jako zabezpieczenie.<\/p>\n<p>Wnioskowanie o kredyt bez zabezpieczenia ma r\u00f3wnie\u017c swoje zalety. Ca\u0142y proces wnioskowania jest szybszy,\u00a0 bank stawia mniej wymaga\u0144 i zyskujesz mo\u017cliwo\u015b\u0107 sprzeda\u017cy motocyklu w dowolnym momencie.<\/p>\n<h3>Jakie b\u0119dzie oprocentowanie mojego kredytu?<\/h3>\n<p>Oprocentowanie b\u0119dzie r\u00f3\u017cni\u0107 si\u0119 w zale\u017cno\u015bci od banku. Dobrym rozwi\u0105zaniem b\u0119dzie skorzystanie z pomocy naszych doradc\u00f3w finansowych. Por\u00f3wnamy dla Ciebie oferty z nawet 20 r\u00f3\u017cnych bank\u00f3w, aby mie\u0107 pewno\u015b\u0107, \u017ce otrzymujesz najlepsze mo\u017cliwe warunki kredytu i najni\u017csze oprocentowanie.<\/p>\n<h2><span style=\"color: var(--fjellvann-medium-blue);font-family: GeneralSansRegular, sans-serif;font-size: 16px\">Przeczytaj wi\u0119cej o oprocentowaniu w poni\u017cszym artykule.<\/span><\/h2>\n<h2><a style=\"font-family: GeneralSansRegular, sans-serif;font-size: 16px\" href=\"https:\/\/www.motty.no\/artikler\/forbrukslan\/hva-er-god-rente\">Jakie jest dobre oprocentowanie po\u017cyczki konsumenckiej?<\/a><\/h2>\n<h2>Motty pomaga!<\/h2>\n<p>Bez wzgl\u0119du na to, na co potrzebujesz po\u017cyczy\u0107 pieni\u0105dze, we wszystkim Ci pomo\u017cemy. Oferujemy r\u00f3wnie\u017c kredyty na samochody i przyczepy kempingowe. Przeczytaj wi\u0119cej na ten temat, klikaj\u0105c w poni\u017csze linki.<\/p>\n<p><a href=\"https:\/\/www.motty.no\/pl\/lan\/kredyt-na-samochod-norwegia\">Kredyt samochodowy &#8211; Najta\u0144szy kredyt na nowy samoch\u00f3d<\/a><\/p>\n<p><a href=\"https:\/\/www.motty.no\/pl\/zasoby\/kalkulator-pozyczki\/kalkulator-kraju-przyczepa-kempingowa\">Kalkulator kredytowy dla przyczep kempingowych i kamper\u00f3w<\/a><\/p>\n            <\/div>\n                    <\/div>\n    <\/div>\n<\/div>\n\n\n<div id=\"cta-69e7e80dde1b6\" class=\"calltoaction-outer-container overflow-hidden generalcta\">\n    <div class=\"container mx-auto py-12 px-6 md:p-14 xl:px-28\">\n        <div class=\"rounded-lg bg-fjellvann-medium-beige py-14 px-5 md:px-[50px] lg:px-[100px]\">\n            <div class=\"flex flex-col-reverse gap-10 md:gap-[57px] md:flex-row md:items-center\">\n                <div class=\"w-full md:w-[calc(50%-28.5px)] lg:w-[calc(592px)]\">\n                                            <div class=\"flex flex-col gap-6 text-center md:text-left\">\n                            <h2 class=\"h2 max-w-[592px]\">Masz pytania?<\/h2><div class=\"text-[18px] md:text-[24px] content-rte font-recklessregular\"><p><a href=\"https:\/\/www.motty.no\/pl\/skontaktuj-sie-z-nami\">Skontaktuj si\u0119 z nami<\/a>, a odpowiemy na wszystkie pytania i rozwiejemy wszelkie w\u0105tpliwo\u015bci!<\/p>\n<\/div>                        <\/div>\n                                                                <div class=\"mt-10\">\n                            <a id=\"\" href=\"https:\/\/www.motty.no\/pl\/skontaktuj-sie-z-nami\" class=\"text-nowrap flex items-center justify-center transition-all ease-in duration-300 rounded font-generalsansmedium text-center text-fjellvann-white bg-fjellvann-green hover:bg-fjellvann-light-green py-[18px] px-6 w-fit\">Skontaktuj si\u0119 z nami<\/a>                        <\/div>\n                                    <\/div>\n                <div class=\"w-full md:w-[calc(50%-28.5px)] lg:w-[calc(100%-620.5px)]\">\n                    <img decoding=\"async\" class=\"w-[174px] h-auto mx-auto md:m-0 md:w-full md:h-full object-cover\" src=\"https:\/\/www.motty.no\/wp-content\/uploads\/2024\/03\/faq_prefooter.svg\" alt=\"faq_prefooter\" \/>                <\/div>\n            <\/div>\n        <\/div>\n    <\/div>\n<\/div>\n\n<div id=\"slb-69e7e80ddfeac\" class=\"services__link-block-outer-container\">\n    <div class=\"max-w-[1080px] mx-auto py-6 px-0 md:px-14 md:py-16 xl:px-28 \">\n        <div class=\"hidden md:flex md:flex-wrap md:gap-8 md:items-center md:justify-center\">\n                        <a class=\"flex items-center justify-between gap-[10px] py-[14px] px-[18px] rounded border border-fjellvann-medium-blue bg-fjellvann-medium-beige hover:bg-fjellvann-light-beige transition-colors\" href=\"https:\/\/www.motty.no\/pl\/karta-kredytowa-norwegia\">\n            <img decoding=\"async\" class=\"w-5 h-auto block\" src=\"https:\/\/www.motty.no\/wp-content\/uploads\/2024\/03\/kredittkort.svg\" alt=\"\"\/><span>Karta kredytowa<\/span>            <\/a>\n                        <a class=\"flex items-center justify-between gap-[10px] py-[14px] px-[18px] rounded border border-fjellvann-medium-blue bg-fjellvann-medium-beige hover:bg-fjellvann-light-beige transition-colors\" href=\"https:\/\/www.motty.no\/pl\/kredyt-konsumencki-norwegia\">\n            <span>Kredyt konsumencki<\/span>            <\/a>\n                        <a class=\"flex items-center justify-between gap-[10px] py-[14px] px-[18px] rounded border border-fjellvann-medium-blue bg-fjellvann-medium-beige hover:bg-fjellvann-light-beige transition-colors\" href=\"https:\/\/www.motty.no\/pl\/sok-nytt-lan\">\n            <span>Wnioskuj o nowy kredyt<\/span>            <\/a>\n                        <a class=\"flex items-center justify-between gap-[10px] py-[14px] px-[18px] rounded border border-fjellvann-medium-blue bg-fjellvann-medium-beige hover:bg-fjellvann-light-beige transition-colors\" href=\"https:\/\/www.motty.no\/pl\/pomoc-finansowa-norwegia\">\n            <span>Pomoc finansowa<\/span>            <\/a>\n                        <a class=\"flex items-center justify-between gap-[10px] py-[14px] px-[18px] rounded border border-fjellvann-medium-blue bg-fjellvann-medium-beige hover:bg-fjellvann-light-beige transition-colors\" href=\"https:\/\/www.motty.no\/pl\/refinansiering-norwegia\">\n            <span>Refinansowanie<\/span>            <\/a>\n                    <\/div>\n        <div class=\"block md:hidden\">\n            <div id=\"post4558\" class=\"swiper archive_swiper\" data-swiper=\"post4558\">\n                <div class=\"swiper-wrapper\">\n                                        <div class=\"swiper-slide w-fit\">\n                            <a class=\"flex items-center justify-between gap-[10px] py-[14px] px-[18px] rounded border border-fjellvann-medium-blue bg-fjellvann-medium-beige hover:bg-fjellvann-light-beige transition-colors\" href=\"https:\/\/www.motty.no\/pl\/karta-kredytowa-norwegia\">\n                        <img decoding=\"async\" class=\"w-5 h-auto block\" src=\"https:\/\/www.motty.no\/wp-content\/uploads\/2024\/03\/kredittkort.svg\" alt=\"\"\/><span>Karta kredytowa<\/span>                        <\/a>\n                    <\/div>\n\n                                        <div class=\"swiper-slide w-fit\">\n                            <a class=\"flex items-center justify-between gap-[10px] py-[14px] px-[18px] rounded border border-fjellvann-medium-blue bg-fjellvann-medium-beige hover:bg-fjellvann-light-beige transition-colors\" href=\"https:\/\/www.motty.no\/pl\/kredyt-konsumencki-norwegia\">\n                        <span>Kredyt konsumencki<\/span>                        <\/a>\n                    <\/div>\n\n                                        <div class=\"swiper-slide w-fit\">\n                            <a class=\"flex items-center justify-between gap-[10px] py-[14px] px-[18px] rounded border border-fjellvann-medium-blue bg-fjellvann-medium-beige hover:bg-fjellvann-light-beige transition-colors\" href=\"https:\/\/www.motty.no\/pl\/sok-nytt-lan\">\n                        <span>Wnioskuj o nowy kredyt<\/span>                        <\/a>\n                    <\/div>\n\n                                        <div class=\"swiper-slide w-fit\">\n                            <a class=\"flex items-center justify-between gap-[10px] py-[14px] px-[18px] rounded border border-fjellvann-medium-blue bg-fjellvann-medium-beige hover:bg-fjellvann-light-beige transition-colors\" href=\"https:\/\/www.motty.no\/pl\/pomoc-finansowa-norwegia\">\n                        <span>Pomoc finansowa<\/span>                        <\/a>\n                    <\/div>\n\n                                        <div class=\"swiper-slide w-fit\">\n                            <a class=\"flex items-center justify-between gap-[10px] py-[14px] px-[18px] rounded border border-fjellvann-medium-blue bg-fjellvann-medium-beige hover:bg-fjellvann-light-beige transition-colors\" href=\"https:\/\/www.motty.no\/pl\/refinansiering-norwegia\">\n                        <span>Refinansowanie<\/span>                        <\/a>\n                    <\/div>\n\n                                    <\/div>\n                <div class=\"sp-pagination-post4558 flex justify-center mt-4\"><\/div>\n            <\/div>\n\n        <\/div>\n    <\/div>\n<\/div>\n\n\n<div id=\"ra-69e7e80de2592\" class=\"related_articles-outer-container\">\n    <div class=\"container mx-auto py-12 px-6 md:p-14 xl:px-28 lg:pt-14 lg:pb-28\">\n        <div class=\"flex flex-col text-center gap-8\">\n                        <h2 class=\"h2\">Artyku\u0142y<\/h2>\n                    <\/div>\n                <div class=\"mt-14 flex flex-col gap-14 items-center\">\n            <div class=\"flex flex-col gap-8 flex-wrap md:flex-row\">\n                        <div class=\"w-full md:w-[calc(50%-21.999px)] lg:w-[calc(33.33%-21.999px)]\">\n                <div class=\"w-full flex flex-col gap-[15px]\">\n                        <a class=\"block w-full \" href=\"https:\/\/www.motty.no\/pl\/artikler\/finanse-prywatne\/dlaczego-nie-warto-bac-sie-kredytu-w-norwegii\"><img decoding=\"async\" class=\"overflow-hidden w-full h-full block object-cover rounded-lg border-b-[9px] border-fjellvann-green\" src=\"https:\/\/www.motty.no\/wp-content\/uploads\/2024\/09\/Motty-miniaturka-02-05.jpg\"><\/a>                    <div class=\"flex flex-col gap-3 relative\">\n                        <a class=\"block absolute top-0 left-0 w-full h-full\" href=\"https:\/\/www.motty.no\/pl\/artikler\/finanse-prywatne\/dlaczego-nie-warto-bac-sie-kredytu-w-norwegii\"><\/a>\n                        <h3 class=\"font-recklesssemibold text-[20px] md:text-[24px]\">Dlaczego nie warto ba\u0107 si\u0119 kredytu w Norwegii<\/h3><p>Dlaczego u niekt\u00f3rych os\u00f3b samo s\u0142owo \u201ekredyt\u201d powoduje dr\u017cenie r\u0105k i przyspieszone bicie serca? Przyczyn\u0105 s\u0105&#8230;<\/p>\n                    <\/div>\n                <\/div>\n            <\/div>\n                        <div class=\"w-full md:w-[calc(50%-21.999px)] lg:w-[calc(33.33%-21.999px)]\">\n                <div class=\"w-full flex flex-col gap-[15px]\">\n                        <a class=\"block w-full \" href=\"https:\/\/www.motty.no\/pl\/artikler\/finanse-prywatne\/fundusz-pozyczkowy-w-norwegii\"><img decoding=\"async\" class=\"overflow-hidden w-full h-full block object-cover rounded-lg border-b-[9px] border-fjellvann-green\" src=\"https:\/\/www.motty.no\/wp-content\/uploads\/2024\/09\/Miljobilder-12.09.23-23.webp\"><\/a>                    <div class=\"flex flex-col gap-3 relative\">\n                        <a class=\"block absolute top-0 left-0 w-full h-full\" href=\"https:\/\/www.motty.no\/pl\/artikler\/finanse-prywatne\/fundusz-pozyczkowy-w-norwegii\"><\/a>\n                        <h3 class=\"font-recklesssemibold text-[20px] md:text-[24px]\">Fundusz po\u017cyczkowy w Norwegii (l\u00e5nekassen)<\/h3><p>Chcesz studiowa\u0107 w Norwegii? Je\u015bli obawiasz si\u0119 koszt\u00f3w, to dobrym rozwi\u0105zaniem b\u0119dzie skorzystanie z funduszu po\u017cyczkowego&#8230;<\/p>\n                    <\/div>\n                <\/div>\n            <\/div>\n                        <div class=\"w-full md:w-[calc(50%-21.999px)] lg:w-[calc(33.33%-21.999px)]\">\n                <div class=\"w-full flex flex-col gap-[15px]\">\n                        <a class=\"block w-full \" href=\"https:\/\/www.motty.no\/pl\/artikler\/finanse-prywatne\/jak-norweskie-banki-ustalaja-twoja-zdolnosc-kredytowa\"><img decoding=\"async\" class=\"overflow-hidden w-full h-full block object-cover rounded-lg border-b-[9px] border-fjellvann-green\" src=\"https:\/\/www.motty.no\/wp-content\/uploads\/2024\/09\/BLOG-MOTTY-new-Jak-norweskie-banki-ustalaja-Twoja-zdolnosc-kredytowa.png\"><\/a>                    <div class=\"flex flex-col gap-3 relative\">\n                        <a class=\"block absolute top-0 left-0 w-full h-full\" href=\"https:\/\/www.motty.no\/pl\/artikler\/finanse-prywatne\/jak-norweskie-banki-ustalaja-twoja-zdolnosc-kredytowa\"><\/a>\n                        <h3 class=\"font-recklesssemibold text-[20px] md:text-[24px]\">Zdolno\u015b\u0107 kredytowa w Norwegii. Jak norweskie banki j\u0105 ustalaj\u0105?<\/h3><p>Zdolno\u015b\u0107 kredytowa w Norwegii to z\u0142o\u017cony temat. Marzysz o w\u0142asnych czterech k\u0105tach, chcesz zmieni\u0107 auto lub&#8230;<\/p>\n                    <\/div>\n                <\/div>\n            <\/div>\n                        <\/div>\n            <a id=\"\" href=\"https:\/\/www.motty.no\/pl\/artykuly\" class=\"text-nowrap flex items-center justify-center transition-all ease-in duration-300 rounded font-generalsansmedium text-center text-fjellvann-white bg-fjellvann-green hover:bg-fjellvann-light-green py-[18px] px-6 w-fit\">Czytaj wi\u0119cej<\/a>        <\/div>\n            <\/div>\n<\/div>\n","protected":false},"excerpt":{"rendered":"","protected":false},"author":18,"featured_media":0,"parent":4147,"menu_order":0,"comment_status":"closed","ping_status":"closed","template":"","meta":{"_acf_changed":false,"footnotes":""},"class_list":["post-4558","page","type-page","status-publish","hentry"],"acf":[],"_links":{"self":[{"href":"https:\/\/www.motty.no\/pl\/wp-json\/wp\/v2\/pages\/4558","targetHints":{"allow":["GET"]}}],"collection":[{"href":"https:\/\/www.motty.no\/pl\/wp-json\/wp\/v2\/pages"}],"about":[{"href":"https:\/\/www.motty.no\/pl\/wp-json\/wp\/v2\/types\/page"}],"author":[{"embeddable":true,"href":"https:\/\/www.motty.no\/pl\/wp-json\/wp\/v2\/users\/18"}],"replies":[{"embeddable":true,"href":"https:\/\/www.motty.no\/pl\/wp-json\/wp\/v2\/comments?post=4558"}],"version-history":[{"count":5,"href":"https:\/\/www.motty.no\/pl\/wp-json\/wp\/v2\/pages\/4558\/revisions"}],"predecessor-version":[{"id":6144,"href":"https:\/\/www.motty.no\/pl\/wp-json\/wp\/v2\/pages\/4558\/revisions\/6144"}],"up":[{"embeddable":true,"href":"https:\/\/www.motty.no\/pl\/wp-json\/wp\/v2\/pages\/4147"}],"wp:attachment":[{"href":"https:\/\/www.motty.no\/pl\/wp-json\/wp\/v2\/media?parent=4558"}],"curies":[{"name":"wp","href":"https:\/\/api.w.org\/{rel}","templated":true}]}}