{"id":4550,"date":"2024-09-12T13:30:44","date_gmt":"2024-09-12T13:30:44","guid":{"rendered":"https:\/\/www.motty.no\/zasoby\/kalkulator-pozyczki\/kalkulator-kraju-przyczepa-kempingowa"},"modified":"2025-05-23T10:47:17","modified_gmt":"2025-05-23T10:47:17","slug":"kalkulator-kraju-przyczepa-kempingowa","status":"publish","type":"page","link":"https:\/\/www.motty.no\/pl\/zasoby\/kalkulator-pozyczki\/kalkulator-kraju-przyczepa-kempingowa","title":{"rendered":"Kalkulator kredytowy na przyczepy kempingowe i kampery"},"content":{"rendered":"<div id=\"69f37ed66ac25\" class=\"feature_content-outer-container overflow-hidden relative\">\n<svg class=\"absolute top-0 left-0 hidden md:block\" xmlns=\"http:\/\/www.w3.org\/2000\/svg\" width=\"593\" height=\"615\" viewBox=\"0 0 593 615\" fill=\"none\">\n<path d=\"M203.964 63.4865L203.959 63.4906L203.267 64.141L203.254 64.1539L203.24 64.1671L186.798 80.5602L107.378 159.743L-101.005 367.504V232.603C-101.005 168.792 -49.7295 116.031 14.2431 115.66C38.0374 115.524 60.205 122.563 78.6877 134.751L79.5544 135.322L80.2896 134.589L160.164 54.9526L161.167 53.9531L160.068 53.0604C119.156 19.8147 68.44 1.72514 14.9375 1.72514C-37.6024 1.72514 -87.464 19.1609 -127.994 51.2815V3V1.72514H-129.269H-214H-215.275V3V231.243V234.718V591.884C-215.275 610.597 -192.601 619.941 -179.346 606.725L-152.741 580.203L-153.641 579.3L-152.741 580.203L-130.556 558.079L240.533 188.103L282.602 146.16C303.926 126.593 331.576 115.777 360.607 115.66C424.608 115.397 477.014 168.797 477.014 232.652V601.856C477.014 607.999 482.019 612.981 488.173 612.981H580.123C586.285 612.981 591.282 607.999 591.282 601.856V231.243C591.282 169.937 567.342 112.302 523.858 68.9484C480.383 25.6044 422.566 1.72514 361.085 1.72514C299.602 1.72514 246.73 23.6663 203.964 63.4865ZM130.872 580.582H132.147H243.873H245.147V579.307V238.743V235.671L242.972 237.84L131.247 349.229L130.872 349.602V350.131V579.307V580.582Z\" stroke=\"#00074A\" stroke-opacity=\"0.12\" stroke-width=\"2.54971\"\/>\n<\/svg>\n    <div class=\"container mx-auto py-10 px-6 md:p-14 lg:py-28 xl:px-28 relative z-[5]\">\n        <h2 class=\"h2 text-center\">Kalkulator kredytowy na przyczepy kempingowe i kampery<\/h2>        <p class=\"text-center mt-6 text-lg text-fjellvann-dark-blue max-w-[900px] mx-auto\">Wpisz kwot\u0119, kt\u00f3r\u0105 chcesz po\u017cyczy\u0107, okres sp\u0142aty oraz oprocentowanie i dowiedz si\u0119, jaka b\u0119dzie miesi\u0119czna rata. Mo\u017cesz tak\u017ce zobaczy\u0107 harmonogram sp\u0142at.<\/p>        <div data-product=\"ConsumerLoan\" data-locale=\"pl\" data-type=\"loan cost\" class=\"mt-8 bg-fjellvann-medium-beige p-12 rounded-lg max-w-fit mx-auto\" id=\"loan-calculator\"><\/div>\n    <\/div>\n<\/div>\n\n\n<div id=\"rt-69f37ed66bb91\" class=\"richtext_outer-container overflow-hidden\">\n    <div class=\"py-[60px] px-6 md:px-14 lg:py-20 xl:px-28\">\n        <div class=\"content_medium mx-auto flex flex-col gap-6 md:gap-10\">\n                        <div class=\"richtext__outer-header gap-8 flex flex-col content-left\">\n            <h2 class=\"h2\">Skorzystaj z naszego kalkulatora kredytowego, aby obliczy\u0107 ile wyniesie Ci\u0119 kredyt<\/h2><p class=\"md:text-[20px] lg:text-[24px]\">Du\u017co podr\u00f3\u017cujesz i potrzebujesz zainwestowa\u0107 w nowy sprz\u0119t? Marzysz o wakacjach na czterech ko\u0142ach?\r\n\r\nU\u017cyj kalkulatora kredytowego na przyczepy kempingowe i kampery i oblicz ile b\u0119dzie Ci\u0119 kosztowa\u0107 kredyt na spe\u0142nienie swoich marze\u0144.<\/p>            <\/div>\n                        <div class=\"richtext__contents content-rte spacing_content-large\">\n                <div id=\"1284115543\" class=\"dmRespRow u_1284115543\">\n<div id=\"1881199231\" class=\"dmRespColsWrapper\">\n<div id=\"1381027071\" class=\"dmRespCol large-12 medium-12 small-12 u_1381027071\">\n<div id=\"1311704236\" class=\"dmNewParagraph\" data-element-type=\"paragraph\" data-version=\"5\">\n<h1>Kalkulator kredytowy Norwegia<\/h1>\n<p>Skorzystaj z naszego kalkulatora kredytowego na przyczepy kempingowe i kampery, aby dowiedzie\u0107 si\u0119, ile mo\u017cesz po\u017cyczy\u0107 i ile to b\u0119dzie kosztowa\u0107. Wzi\u0119cie kredytu powinno by\u0107 dobrze przemy\u015blan\u0105 decyzj\u0105, obliczenie wszystkich koszt\u00f3w kredytu mo\u017ce pom\u00f3c Ci w jej podj\u0119ciu.<\/p>\n<h3>Jak korzysta\u0107 z kalkulatora?<\/h3>\n<ol>\n<li>Wpisz kwot\u0119, kt\u00f3r\u0105 chcesz po\u017cyczy\u0107 (25 000 kr &#8211; 800 000 kr)<\/li>\n<li>Wprowad\u017a wybrany okres sp\u0142aty (do 5 lat)<\/li>\n<li>Kalkulator oblicza wysoko\u015b\u0107 odsetek, op\u0142at i miesi\u0119cznej raty Twojego kredytu<\/li>\n<li><span data-sheets-root=\"1\">Wype\u0142nij i prze\u015blij wniosek. My zweryfikujemy i roze\u015blemy Tw\u00f3j wniosek do bank\u00f3w.<\/span><\/li>\n<li><span data-sheets-root=\"1\">Otrzymasz od nas pe\u0142ny i przejrzysty przegl\u0105d ofert, kt\u00f3re mo\u017cesz por\u00f3wna\u0107. Pomagamy r\u00f3wnie\u017c w ocenie ofert kredytowych i mo\u017cemy udzieli\u0107 porady.<\/span><\/li>\n<\/ol>\n<h3>Jak\u0105 ofert\u0119 wybra\u0107?<\/h3>\n<p>Korzystaj\u0105c z kalkulatora kredytowego Motty, mo\u017cesz por\u00f3wna\u0107 oferty kilku bank\u00f3w i wybra\u0107 najlepsz\u0105 i najbardziej dopasowan\u0105 do swojej sytuacji opcj\u0119.<\/p>\n<p>Je\u015bli p\u00f3jdziesz tylko do swojego banku, nie masz pewno\u015bci, \u017ce oferta, kt\u00f3r\u0105 otrzymasz, ma najlepsze warunki. Dlatego op\u0142aca si\u0119 korzysta\u0107 z kalkulator\u00f3w kredytowych Motty, aby pozna\u0107 i por\u00f3wna\u0107 wszystkie swoje opcje.<\/p>\n<h3><span class=\"\">Jak wygl\u0105da proces wnioskowania?<\/span><\/h3>\n<p><span data-sheets-root=\"1\">Wype\u0142nij i wy\u015blij wniosek przez nasz\u0105 stron\u0119, a my zajmiemy si\u0119 reszt\u0105. Sprawdzamy i wysy\u0142amy wniosek do bank\u00f3w, a oferty otrzymujesz od nas bezpo\u015brednio na maila. Nast\u0119pnie por\u00f3wnujesz oferty i wybierasz najkorzystniejsz\u0105.\u00a0<\/span><\/p>\n<\/div>\n<\/div>\n<\/div>\n<\/div>\n            <\/div>\n                    <\/div>\n    <\/div>\n<\/div>\n\n\n<div id=\"cta-69f37ed66dc80\" class=\"calltoaction-outer-container overflow-hidden generalcta\">\n    <div class=\"container mx-auto py-12 px-6 md:p-14 xl:px-28\">\n        <div class=\"rounded-lg bg-fjellvann-medium-beige py-14 px-5 md:px-[50px] lg:px-[100px]\">\n            <div class=\"flex flex-col-reverse gap-10 md:gap-[57px] md:flex-row md:items-center\">\n                <div class=\"w-full md:w-[calc(50%-28.5px)] lg:w-[calc(592px)]\">\n                                            <div class=\"flex flex-col gap-6 text-center md:text-left\">\n                            <h2 class=\"h2 max-w-[592px]\">Masz pytania?<\/h2><div class=\"text-[18px] md:text-[24px] content-rte font-recklessregular\"><p><a href=\"https:\/\/www.motty.no\/pl\/skontaktuj-sie-z-nami\">Skontaktuj si\u0119 z nami<\/a>, a odpowiemy na wszystkie pytania i rozwiejemy wszelkie w\u0105tpliwo\u015bci!<\/p>\n<\/div>                        <\/div>\n                                                                <div class=\"mt-10\">\n                            <a id=\"\" href=\"https:\/\/www.motty.no\/pl\/skontaktuj-sie-z-nami\" class=\"text-nowrap flex items-center justify-center transition-all ease-in duration-300 rounded font-generalsansmedium text-center text-fjellvann-white bg-fjellvann-green hover:bg-fjellvann-light-green py-[18px] px-6 w-fit\">Skontaktuj si\u0119 z nami<\/a>                        <\/div>\n                                    <\/div>\n                <div class=\"w-full md:w-[calc(50%-28.5px)] lg:w-[calc(100%-620.5px)]\">\n                    <img decoding=\"async\" class=\"w-[174px] h-auto mx-auto md:m-0 md:w-full md:h-full object-cover\" src=\"https:\/\/www.motty.no\/wp-content\/uploads\/2024\/03\/faq_prefooter.svg\" alt=\"faq_prefooter\" \/>                <\/div>\n            <\/div>\n        <\/div>\n    <\/div>\n<\/div>\n\n<div id=\"slb-69f37ed6734d5\" class=\"services__link-block-outer-container\">\n    <div class=\"max-w-[1080px] mx-auto py-6 px-0 md:px-14 md:py-16 xl:px-28 \">\n        <div class=\"hidden md:flex md:flex-wrap md:gap-8 md:items-center md:justify-center\">\n                        <a class=\"flex items-center justify-between gap-[10px] py-[14px] px-[18px] rounded border border-fjellvann-medium-blue bg-fjellvann-medium-beige hover:bg-fjellvann-light-beige transition-colors\" href=\"https:\/\/www.motty.no\/pl\/kredyt-konsumencki-norwegia\">\n            <span>Kredyt konsumencki<\/span>            <\/a>\n                        <a class=\"flex items-center justify-between gap-[10px] py-[14px] px-[18px] rounded border border-fjellvann-medium-blue bg-fjellvann-medium-beige hover:bg-fjellvann-light-beige transition-colors\" href=\"https:\/\/www.motty.no\/pl\/kredyt\">\n            <span>Kredyty<\/span>            <\/a>\n                        <a class=\"flex items-center justify-between gap-[10px] py-[14px] px-[18px] rounded border border-fjellvann-medium-blue bg-fjellvann-medium-beige hover:bg-fjellvann-light-beige transition-colors\" href=\"https:\/\/www.motty.no\/pl\/kredyt\/batlan-uten-egenkapital\">\n            <span>Kredyt na \u0142\u00f3d\u017a bez wk\u0142adu w\u0142asnego<\/span>            <\/a>\n                        <a class=\"flex items-center justify-between gap-[10px] py-[14px] px-[18px] rounded border border-fjellvann-medium-blue bg-fjellvann-medium-beige hover:bg-fjellvann-light-beige transition-colors\" href=\"https:\/\/www.motty.no\/pl\/kredyt\/kredyt-na-remont-norwegia\">\n            <img decoding=\"async\" class=\"w-5 h-auto block\" src=\"https:\/\/www.motty.no\/wp-content\/uploads\/2024\/03\/Lan-til-oppussing.svg\" alt=\"\"\/><span>Kredyt na remont domu Norwegia<\/span>            <\/a>\n                        <a class=\"flex items-center justify-between gap-[10px] py-[14px] px-[18px] rounded border border-fjellvann-medium-blue bg-fjellvann-medium-beige hover:bg-fjellvann-light-beige transition-colors\" href=\"https:\/\/www.motty.no\/pl\/pomoc-finansowa-norwegia\">\n            <span>Pomoc finansowa<\/span>            <\/a>\n                    <\/div>\n        <div class=\"block md:hidden\">\n            <div id=\"post4550\" class=\"swiper archive_swiper\" data-swiper=\"post4550\">\n                <div class=\"swiper-wrapper\">\n                                        <div class=\"swiper-slide w-fit\">\n                            <a class=\"flex items-center justify-between gap-[10px] py-[14px] px-[18px] rounded border border-fjellvann-medium-blue bg-fjellvann-medium-beige hover:bg-fjellvann-light-beige transition-colors\" href=\"https:\/\/www.motty.no\/pl\/kredyt-konsumencki-norwegia\">\n                        <span>Kredyt konsumencki<\/span>                        <\/a>\n                    <\/div>\n\n                                        <div class=\"swiper-slide w-fit\">\n                            <a class=\"flex items-center justify-between gap-[10px] py-[14px] px-[18px] rounded border border-fjellvann-medium-blue bg-fjellvann-medium-beige hover:bg-fjellvann-light-beige transition-colors\" href=\"https:\/\/www.motty.no\/pl\/kredyt\">\n                        <span>Kredyty<\/span>                        <\/a>\n                    <\/div>\n\n                                        <div class=\"swiper-slide w-fit\">\n                            <a class=\"flex items-center justify-between gap-[10px] py-[14px] px-[18px] rounded border border-fjellvann-medium-blue bg-fjellvann-medium-beige hover:bg-fjellvann-light-beige transition-colors\" href=\"https:\/\/www.motty.no\/pl\/kredyt\/batlan-uten-egenkapital\">\n                        <span>Kredyt na \u0142\u00f3d\u017a bez wk\u0142adu w\u0142asnego<\/span>                        <\/a>\n                    <\/div>\n\n                                        <div class=\"swiper-slide w-fit\">\n                            <a class=\"flex items-center justify-between gap-[10px] py-[14px] px-[18px] rounded border border-fjellvann-medium-blue bg-fjellvann-medium-beige hover:bg-fjellvann-light-beige transition-colors\" href=\"https:\/\/www.motty.no\/pl\/kredyt\/kredyt-na-remont-norwegia\">\n                        <img decoding=\"async\" class=\"w-5 h-auto block\" src=\"https:\/\/www.motty.no\/wp-content\/uploads\/2024\/03\/Lan-til-oppussing.svg\" alt=\"\"\/><span>Kredyt na remont domu Norwegia<\/span>                        <\/a>\n                    <\/div>\n\n                                        <div class=\"swiper-slide w-fit\">\n                            <a class=\"flex items-center justify-between gap-[10px] py-[14px] px-[18px] rounded border border-fjellvann-medium-blue bg-fjellvann-medium-beige hover:bg-fjellvann-light-beige transition-colors\" href=\"https:\/\/www.motty.no\/pl\/pomoc-finansowa-norwegia\">\n                        <span>Pomoc finansowa<\/span>                        <\/a>\n                    <\/div>\n\n                                    <\/div>\n                <div class=\"sp-pagination-post4550 flex justify-center mt-4\"><\/div>\n            <\/div>\n\n        <\/div>\n    <\/div>\n<\/div>\n\n\n<div id=\"ra-69f37ed6783fd\" class=\"related_articles-outer-container\">\n    <div class=\"container mx-auto py-12 px-6 md:p-14 xl:px-28 lg:pt-14 lg:pb-28\">\n        <div class=\"flex flex-col text-center gap-8\">\n                        <h2 class=\"h2\">Artyku\u0142y<\/h2>\n                    <\/div>\n                <div class=\"mt-14 flex flex-col gap-14 items-center\">\n            <div class=\"flex flex-col gap-8 flex-wrap md:flex-row\">\n                        <div class=\"w-full md:w-[calc(50%-21.999px)] lg:w-[calc(33.33%-21.999px)]\">\n                <div class=\"w-full flex flex-col gap-[15px]\">\n                        <a class=\"block w-full \" href=\"https:\/\/www.motty.no\/pl\/artikler\/finanse-prywatne\/ferie-zimowe-w-norwegii-2024\"><img decoding=\"async\" class=\"overflow-hidden w-full h-full block object-cover rounded-lg border-b-[9px] border-fjellvann-green\" src=\"https:\/\/www.motty.no\/wp-content\/uploads\/2024\/09\/Motty-miniaturka-02-03-1.jpg\"><\/a>                    <div class=\"flex flex-col gap-3 relative\">\n                        <a class=\"block absolute top-0 left-0 w-full h-full\" href=\"https:\/\/www.motty.no\/pl\/artikler\/finanse-prywatne\/ferie-zimowe-w-norwegii-2024\"><\/a>\n                        <h3 class=\"font-recklesssemibold text-[20px] md:text-[24px]\">Ferie zimowe w Norwegii \u2013 zaplanuj i sfinansuj atrakcje<\/h3><p>Ferie zimowe w Norwegii ju\u017c na wyci\u0105gni\u0119cie r\u0119ki. Przerwa od nauki to \u015bwietny pow\u00f3d, aby wi\u0119cej&#8230;<\/p>\n                    <\/div>\n                <\/div>\n            <\/div>\n                        <div class=\"w-full md:w-[calc(50%-21.999px)] lg:w-[calc(33.33%-21.999px)]\">\n                <div class=\"w-full flex flex-col gap-[15px]\">\n                        <a class=\"block w-full \" href=\"https:\/\/www.motty.no\/pl\/artikler\/finanse-prywatne\/wakacje-w-norwegii\"><img decoding=\"async\" class=\"overflow-hidden w-full h-full block object-cover rounded-lg border-b-[9px] border-fjellvann-green\" src=\"https:\/\/www.motty.no\/wp-content\/uploads\/2024\/09\/Motty-blogg-ferie-i-Norge.png\"><\/a>                    <div class=\"flex flex-col gap-3 relative\">\n                        <a class=\"block absolute top-0 left-0 w-full h-full\" href=\"https:\/\/www.motty.no\/pl\/artikler\/finanse-prywatne\/wakacje-w-norwegii\"><\/a>\n                        <h3 class=\"font-recklesssemibold text-[20px] md:text-[24px]\">Gdzie sp\u0119dzi\u0107 wakacje w Norwegii?<\/h3><p>P\u00f3\u0142nocna Europa zwykle nie jest pierwszym wyborem jako wakacyjny kierunek. Wielu osobom kojarzy si\u0119 wy\u0142\u0105cznie z&#8230;<\/p>\n                    <\/div>\n                <\/div>\n            <\/div>\n                        <div class=\"w-full md:w-[calc(50%-21.999px)] lg:w-[calc(33.33%-21.999px)]\">\n                <div class=\"w-full flex flex-col gap-[15px]\">\n                        <a class=\"block w-full \" href=\"https:\/\/www.motty.no\/pl\/artikler\/finanse-prywatne\/kredyt-na-samochod-w-norwegii-co-warto-wiedziec\"><img decoding=\"async\" class=\"overflow-hidden w-full h-full block object-cover rounded-lg border-b-[9px] border-fjellvann-green\" src=\"https:\/\/www.motty.no\/wp-content\/uploads\/2024\/09\/kupno-auta-1024x576-1.png\"><\/a>                    <div class=\"flex flex-col gap-3 relative\">\n                        <a class=\"block absolute top-0 left-0 w-full h-full\" href=\"https:\/\/www.motty.no\/pl\/artikler\/finanse-prywatne\/kredyt-na-samochod-w-norwegii-co-warto-wiedziec\"><\/a>\n                        <h3 class=\"font-recklesssemibold text-[20px] md:text-[24px]\">Kredyt na samoch\u00f3d w Norwegii \u2013 co warto wiedzie\u0107?<\/h3><p>Zakup nowego samochodu to ekscytuj\u0105cy, ale wcale nie\u0142atwy moment w \u017cyciu. W g\u0105szczu przepis\u00f3w, rodzaj\u00f3w ubezpiecze\u0144&#8230;<\/p>\n                    <\/div>\n                <\/div>\n            <\/div>\n                        <\/div>\n            <a id=\"\" href=\"https:\/\/www.motty.no\/pl\/artykuly\" class=\"text-nowrap flex items-center justify-center transition-all ease-in duration-300 rounded font-generalsansmedium text-center text-fjellvann-white bg-fjellvann-green hover:bg-fjellvann-light-green py-[18px] px-6 w-fit\">Czytaj wi\u0119cej<\/a>        <\/div>\n            <\/div>\n<\/div>\n\n\n\n<p><\/p>\n","protected":false},"excerpt":{"rendered":"","protected":false},"author":18,"featured_media":0,"parent":4147,"menu_order":0,"comment_status":"closed","ping_status":"closed","template":"","meta":{"_acf_changed":false,"footnotes":""},"class_list":["post-4550","page","type-page","status-publish","hentry"],"acf":[],"_links":{"self":[{"href":"https:\/\/www.motty.no\/pl\/wp-json\/wp\/v2\/pages\/4550","targetHints":{"allow":["GET"]}}],"collection":[{"href":"https:\/\/www.motty.no\/pl\/wp-json\/wp\/v2\/pages"}],"about":[{"href":"https:\/\/www.motty.no\/pl\/wp-json\/wp\/v2\/types\/page"}],"author":[{"embeddable":true,"href":"https:\/\/www.motty.no\/pl\/wp-json\/wp\/v2\/users\/18"}],"replies":[{"embeddable":true,"href":"https:\/\/www.motty.no\/pl\/wp-json\/wp\/v2\/comments?post=4550"}],"version-history":[{"count":5,"href":"https:\/\/www.motty.no\/pl\/wp-json\/wp\/v2\/pages\/4550\/revisions"}],"predecessor-version":[{"id":6134,"href":"https:\/\/www.motty.no\/pl\/wp-json\/wp\/v2\/pages\/4550\/revisions\/6134"}],"up":[{"embeddable":true,"href":"https:\/\/www.motty.no\/pl\/wp-json\/wp\/v2\/pages\/4147"}],"wp:attachment":[{"href":"https:\/\/www.motty.no\/pl\/wp-json\/wp\/v2\/media?parent=4550"}],"curies":[{"name":"wp","href":"https:\/\/api.w.org\/{rel}","templated":true}]}}