{"id":4530,"date":"2024-04-02T07:44:09","date_gmt":"2024-04-02T07:44:09","guid":{"rendered":"https:\/\/www.motty.no\/zasoby\/kalkulator-pozyczki\/kalkulator-karty-kredytowej"},"modified":"2025-06-19T05:49:17","modified_gmt":"2025-06-19T05:49:17","slug":"kalkulator-karty-kredytowej","status":"publish","type":"page","link":"https:\/\/www.motty.no\/pl\/zasoby\/kalkulator-pozyczki\/kalkulator-karty-kredytowej","title":{"rendered":"Kalkulator kart kredytowych"},"content":{"rendered":"<div id=\"69f26d7a2d697\" class=\"feature_content-outer-container overflow-hidden relative\">\n<svg class=\"absolute top-0 left-0 hidden md:block\" xmlns=\"http:\/\/www.w3.org\/2000\/svg\" width=\"593\" height=\"615\" viewBox=\"0 0 593 615\" fill=\"none\">\n<path d=\"M203.964 63.4865L203.959 63.4906L203.267 64.141L203.254 64.1539L203.24 64.1671L186.798 80.5602L107.378 159.743L-101.005 367.504V232.603C-101.005 168.792 -49.7295 116.031 14.2431 115.66C38.0374 115.524 60.205 122.563 78.6877 134.751L79.5544 135.322L80.2896 134.589L160.164 54.9526L161.167 53.9531L160.068 53.0604C119.156 19.8147 68.44 1.72514 14.9375 1.72514C-37.6024 1.72514 -87.464 19.1609 -127.994 51.2815V3V1.72514H-129.269H-214H-215.275V3V231.243V234.718V591.884C-215.275 610.597 -192.601 619.941 -179.346 606.725L-152.741 580.203L-153.641 579.3L-152.741 580.203L-130.556 558.079L240.533 188.103L282.602 146.16C303.926 126.593 331.576 115.777 360.607 115.66C424.608 115.397 477.014 168.797 477.014 232.652V601.856C477.014 607.999 482.019 612.981 488.173 612.981H580.123C586.285 612.981 591.282 607.999 591.282 601.856V231.243C591.282 169.937 567.342 112.302 523.858 68.9484C480.383 25.6044 422.566 1.72514 361.085 1.72514C299.602 1.72514 246.73 23.6663 203.964 63.4865ZM130.872 580.582H132.147H243.873H245.147V579.307V238.743V235.671L242.972 237.84L131.247 349.229L130.872 349.602V350.131V579.307V580.582Z\" stroke=\"#00074A\" stroke-opacity=\"0.12\" stroke-width=\"2.54971\"\/>\n<\/svg>\n    <div class=\"container mx-auto py-10 px-6 md:p-14 lg:py-28 xl:px-28 relative z-[5]\">\n        <h2 class=\"h2 text-center\">Kalkulator kart kredytowych<\/h2>        <p class=\"text-center mt-6 text-lg text-fjellvann-dark-blue max-w-[900px] mx-auto\">Wpisz kwot\u0119, kt\u00f3r\u0105 chcesz po\u017cyczy\u0107, okres sp\u0142aty oraz oprocentowanie i dowiedz si\u0119, jaka b\u0119dzie miesi\u0119czna rata. Mo\u017cesz tak\u017ce zobaczy\u0107 harmonogram sp\u0142at.<\/p>        <div data-product=\"ConsumerLoan\" data-locale=\"pl\" data-type=\"credit card\" class=\"mt-8 bg-fjellvann-medium-beige p-12 rounded-lg max-w-fit mx-auto\" id=\"loan-calculator\"><\/div>\n    <\/div>\n<\/div>\n\n\n<div id=\"rt-69f26d7a2de77\" class=\"richtext_outer-container overflow-hidden\">\n    <div class=\"py-[60px] px-6 md:px-14 lg:py-20 xl:px-28\">\n        <div class=\"content_medium mx-auto flex flex-col gap-6 md:gap-10\">\n                        <div class=\"richtext__outer-header gap-8 flex flex-col content-left\">\n            <h2 class=\"h2\">Przydatne informacje o kartach kredytowych<\/h2><p class=\"md:text-[20px] lg:text-[24px]\">Zebrali\u015bmy tutaj przydatne informacje na temat kart kredytowych.\r\n\r\nMasz wi\u0119cej pyta\u0144? Skontaktuj si\u0119 z nami, a na wszystko odpowiemy!<\/p>            <\/div>\n                        <div class=\"richtext__contents content-rte spacing_content-large\">\n                <h1>Kalkulator kart kredytowych<\/h1>\n<p>Skorzystaj z naszego kalkulatora kart kredytowych, aby dowiedzie\u0107 si\u0119, ile odsetek b\u0119dziesz musia\u0142 zap\u0142aci\u0107 za kart\u0119 kredytow\u0105. Kalkulator pokazuje, ile wynios\u0105 odsetki za ca\u0142y okres sp\u0142aty.<\/p>\n<p>Naszego kalkulatora mo\u017cna u\u017cy\u0107 r\u00f3wnie\u017c do por\u00f3wnania ofert r\u00f3\u017cnych bank\u00f3w, aby znale\u017a\u0107 najlepsz\u0105 kart\u0119 dla siebie.<\/p>\n<h2><span data-sheets-root=\"1\">Jak ubiega\u0107 si\u0119 o kart\u0119 kredytow\u0105?<\/span><\/h2>\n<p><span data-sheets-root=\"1\">Rynek oferuje wiele r\u00f3\u017cnych kart kredytowych. Niekt\u00f3re b\u0119d\u0105 odpowiada\u0107 Tobie znacznie bardziej ni\u017c inne. Wyb\u00f3r odpowiedniej karty pozwala zaoszcz\u0119dzi\u0107 pieni\u0105dze i uzyska\u0107 potrzebne \u015brodki.<\/span><\/p>\n<p>Z Motty z\u0142o\u017cysz wniosek w kilku bankach jednocze\u015bnie, a odpowied\u017a uzyskasz nawet w ci\u0105gu 1 dnia!<\/p>\n<h3><span data-sheets-root=\"1\">Czy powinienem skorzysta\u0107 z karty kredytowej?<\/span><\/h3>\n<p><span data-sheets-root=\"1\">Karty kredytowe mog\u0105 zapewni\u0107 Ci zar\u00f3wno elastyczno\u015b\u0107, swobod\u0119, jak i bezpiecze\u0144stwo. Dzi\u0119ki karcie kredytowej masz mo\u017cliwo\u015b\u0107 kupowania lub p\u0142acenia za to, co chcesz lub potrzebujesz, bez konieczno\u015bci posiadania oszcz\u0119dno\u015bci. <\/span><\/p>\n<p><span data-sheets-root=\"1\">Dysponuj\u0105c dodatkowymi pieni\u0119dzmi na karcie z korzy\u015bciami, mo\u017cesz na przyk\u0142ad zarezerwowa\u0107 wycieczki z ubezpieczeniem podr\u00f3\u017cnym. Du\u017c\u0105 zalet\u0105 karty jest to, \u017ce robisz bezpieczne zakupy online i za granic\u0105, poniewa\u017c wydawca karty kredytowej bierze na siebie odpowiedzialno\u015b\u0107 w przypadku oszustwa w sieci. Ponadto istnieje wiele korzy\u015bci, w tym rabaty i oferty promocyjne sklep\u00f3w przez ca\u0142y rok na ca\u0142ym \u015bwiecie.<\/span><\/p>\n<h2>Zalety kart kredytowych:<\/h2>\n<p>Korzystanie z karty kredytowej ma wiele zalet. Oto kilka z nich:<\/p>\n<ul class=\"defaultList\">\n<li>Sta\u0142y dost\u0119p do pieni\u0119dzy<\/li>\n<li>Punkty bonusowe i rabaty<\/li>\n<li>Ubezpieczenia podr\u00f3\u017cne<\/li>\n<li>Bezpieczne p\u0142atno\u015bci w kraju i za granic\u0105 oraz p\u0142atno\u015bci online<\/li>\n<li>Kontrola nad wydatkami<\/li>\n<li>Mo\u017cliwo\u015b\u0107 p\u0142atno\u015bci w ratach<\/li>\n<li>Mo\u017cliwo\u015b\u0107 korzystania z okresu bezodsetkowego<\/li>\n<\/ul>\n<p><a href=\"https:\/\/www.motty.no\/pl\/blog-kredyty-w-norwegii\">Przeczytaj wi\u0119cej o zaletach kart kredytowych&#8230;<\/a><\/p>\n            <\/div>\n                    <\/div>\n    <\/div>\n<\/div>\n\n\n<div id=\"cta-69f26d7a2fc90\" class=\"calltoaction-outer-container overflow-hidden generalcta\">\n    <div class=\"container mx-auto py-12 px-6 md:p-14 xl:px-28\">\n        <div class=\"rounded-lg bg-fjellvann-medium-beige py-14 px-5 md:px-[50px] lg:px-[100px]\">\n            <div class=\"flex flex-col-reverse gap-10 md:gap-[57px] md:flex-row md:items-center\">\n                <div class=\"w-full md:w-[calc(50%-28.5px)] lg:w-[calc(592px)]\">\n                                            <div class=\"flex flex-col gap-6 text-center md:text-left\">\n                            <h2 class=\"h2 max-w-[592px]\">Masz pytania?<\/h2><div class=\"text-[18px] md:text-[24px] content-rte font-recklessregular\"><p><a href=\"https:\/\/www.motty.no\/pl\/skontaktuj-sie-z-nami\">Skontaktuj si\u0119 z nami<\/a>, a odpowiemy na wszystkie pytania i rozwiejemy wszelkie w\u0105tpliwo\u015bci!<\/p>\n<\/div>                        <\/div>\n                                                                <div class=\"mt-10\">\n                            <a id=\"\" href=\"https:\/\/www.motty.no\/pl\/skontaktuj-sie-z-nami\" class=\"text-nowrap flex items-center justify-center transition-all ease-in duration-300 rounded font-generalsansmedium text-center text-fjellvann-white bg-fjellvann-green hover:bg-fjellvann-light-green py-[18px] px-6 w-fit\">Skontaktuj si\u0119 z nami<\/a>                        <\/div>\n                                    <\/div>\n                <div class=\"w-full md:w-[calc(50%-28.5px)] lg:w-[calc(100%-620.5px)]\">\n                    <img decoding=\"async\" class=\"w-[174px] h-auto mx-auto md:m-0 md:w-full md:h-full object-cover\" src=\"https:\/\/www.motty.no\/wp-content\/uploads\/2024\/03\/faq_prefooter.svg\" alt=\"faq_prefooter\" \/>                <\/div>\n            <\/div>\n        <\/div>\n    <\/div>\n<\/div>\n\n<div id=\"slb-69f26d7a31600\" class=\"services__link-block-outer-container\">\n    <div class=\"max-w-[1080px] mx-auto py-6 px-0 md:px-14 md:py-16 xl:px-28 \">\n        <div class=\"hidden md:flex md:flex-wrap md:gap-8 md:items-center md:justify-center\">\n                        <a class=\"flex items-center justify-between gap-[10px] py-[14px] px-[18px] rounded border border-fjellvann-medium-blue bg-fjellvann-medium-beige hover:bg-fjellvann-light-beige transition-colors\" href=\"https:\/\/www.motty.no\/pl\/karta-kredytowa-norwegia\">\n            <img decoding=\"async\" class=\"w-5 h-auto block\" src=\"https:\/\/www.motty.no\/wp-content\/uploads\/2024\/03\/kredittkort.svg\" alt=\"\"\/><span>Karta kredytowa<\/span>            <\/a>\n                        <a class=\"flex items-center justify-between gap-[10px] py-[14px] px-[18px] rounded border border-fjellvann-medium-blue bg-fjellvann-medium-beige hover:bg-fjellvann-light-beige transition-colors\" href=\"https:\/\/www.motty.no\/pl\/kredyt-konsumencki-norwegia\">\n            <span>Kredyt konsumencki<\/span>            <\/a>\n                        <a class=\"flex items-center justify-between gap-[10px] py-[14px] px-[18px] rounded border border-fjellvann-medium-blue bg-fjellvann-medium-beige hover:bg-fjellvann-light-beige transition-colors\" href=\"https:\/\/www.motty.no\/pl\/kredyt\">\n            <span>Kredyty<\/span>            <\/a>\n                        <a class=\"flex items-center justify-between gap-[10px] py-[14px] px-[18px] rounded border border-fjellvann-medium-blue bg-fjellvann-medium-beige hover:bg-fjellvann-light-beige transition-colors\" href=\"https:\/\/www.motty.no\/pl\/mastercard\">\n            <span>Mastercard<\/span>            <\/a>\n                        <a class=\"flex items-center justify-between gap-[10px] py-[14px] px-[18px] rounded border border-fjellvann-medium-blue bg-fjellvann-medium-beige hover:bg-fjellvann-light-beige transition-colors\" href=\"https:\/\/www.motty.no\/pl\/sammenlign-kredittkort\">\n            <span>Por\u00f3wnaj karty kredytowe<\/span>            <\/a>\n                    <\/div>\n        <div class=\"block md:hidden\">\n            <div id=\"post4530\" class=\"swiper archive_swiper\" data-swiper=\"post4530\">\n                <div class=\"swiper-wrapper\">\n                                        <div class=\"swiper-slide w-fit\">\n                            <a class=\"flex items-center justify-between gap-[10px] py-[14px] px-[18px] rounded border border-fjellvann-medium-blue bg-fjellvann-medium-beige hover:bg-fjellvann-light-beige transition-colors\" href=\"https:\/\/www.motty.no\/pl\/karta-kredytowa-norwegia\">\n                        <img decoding=\"async\" class=\"w-5 h-auto block\" src=\"https:\/\/www.motty.no\/wp-content\/uploads\/2024\/03\/kredittkort.svg\" alt=\"\"\/><span>Karta kredytowa<\/span>                        <\/a>\n                    <\/div>\n\n                                        <div class=\"swiper-slide w-fit\">\n                            <a class=\"flex items-center justify-between gap-[10px] py-[14px] px-[18px] rounded border border-fjellvann-medium-blue bg-fjellvann-medium-beige hover:bg-fjellvann-light-beige transition-colors\" href=\"https:\/\/www.motty.no\/pl\/kredyt-konsumencki-norwegia\">\n                        <span>Kredyt konsumencki<\/span>                        <\/a>\n                    <\/div>\n\n                                        <div class=\"swiper-slide w-fit\">\n                            <a class=\"flex items-center justify-between gap-[10px] py-[14px] px-[18px] rounded border border-fjellvann-medium-blue bg-fjellvann-medium-beige hover:bg-fjellvann-light-beige transition-colors\" href=\"https:\/\/www.motty.no\/pl\/kredyt\">\n                        <span>Kredyty<\/span>                        <\/a>\n                    <\/div>\n\n                                        <div class=\"swiper-slide w-fit\">\n                            <a class=\"flex items-center justify-between gap-[10px] py-[14px] px-[18px] rounded border border-fjellvann-medium-blue bg-fjellvann-medium-beige hover:bg-fjellvann-light-beige transition-colors\" href=\"https:\/\/www.motty.no\/pl\/mastercard\">\n                        <span>Mastercard<\/span>                        <\/a>\n                    <\/div>\n\n                                        <div class=\"swiper-slide w-fit\">\n                            <a class=\"flex items-center justify-between gap-[10px] py-[14px] px-[18px] rounded border border-fjellvann-medium-blue bg-fjellvann-medium-beige hover:bg-fjellvann-light-beige transition-colors\" href=\"https:\/\/www.motty.no\/pl\/sammenlign-kredittkort\">\n                        <span>Por\u00f3wnaj karty kredytowe<\/span>                        <\/a>\n                    <\/div>\n\n                                    <\/div>\n                <div class=\"sp-pagination-post4530 flex justify-center mt-4\"><\/div>\n            <\/div>\n\n        <\/div>\n    <\/div>\n<\/div>\n\n\n<div id=\"ra-69f26d7a33903\" class=\"related_articles-outer-container\">\n    <div class=\"container mx-auto py-12 px-6 md:p-14 xl:px-28 lg:pt-14 lg:pb-28\">\n        <div class=\"flex flex-col text-center gap-8\">\n                        <h2 class=\"h2\">Artyku\u0142y<\/h2>\n                    <\/div>\n                <div class=\"mt-14 flex flex-col gap-14 items-center\">\n            <div class=\"flex flex-col gap-8 flex-wrap md:flex-row\">\n                        <div class=\"w-full md:w-[calc(50%-21.999px)] lg:w-[calc(33.33%-21.999px)]\">\n                <div class=\"w-full flex flex-col gap-[15px]\">\n                        <a class=\"block w-full \" href=\"https:\/\/www.motty.no\/pl\/artikler\/finanse-prywatne\/karta-kredytowa-dla-obcokrajowca-w-norwegii-kredyt-w-norwegii\"><img decoding=\"async\" class=\"overflow-hidden w-full h-full block object-cover rounded-lg border-b-[9px] border-fjellvann-green\" src=\"https:\/\/www.motty.no\/wp-content\/uploads\/2024\/09\/Motty-ny-kredittkort.png\"><\/a>                    <div class=\"flex flex-col gap-3 relative\">\n                        <a class=\"block absolute top-0 left-0 w-full h-full\" href=\"https:\/\/www.motty.no\/pl\/artikler\/finanse-prywatne\/karta-kredytowa-dla-obcokrajowca-w-norwegii-kredyt-w-norwegii\"><\/a>\n                        <h3 class=\"font-recklesssemibold text-[20px] md:text-[24px]\">Karta kredytowa dla obcokrajowca w Norwegii? Tak!<\/h3><p>Podczas gdy posiadanie konta w banku jest niezb\u0119dne, je\u015bli planujesz podj\u0105\u0107 prac\u0119 w Norwegii, to nie&#8230;<\/p>\n                    <\/div>\n                <\/div>\n            <\/div>\n                        <div class=\"w-full md:w-[calc(50%-21.999px)] lg:w-[calc(33.33%-21.999px)]\">\n                <div class=\"w-full flex flex-col gap-[15px]\">\n                        <a class=\"block w-full \" href=\"https:\/\/www.motty.no\/pl\/artikler\/finanse-prywatne\/karta-kredytowa-w-norwegii\"><img decoding=\"async\" class=\"overflow-hidden w-full h-full block object-cover rounded-lg border-b-[9px] border-fjellvann-green\" src=\"https:\/\/www.motty.no\/wp-content\/uploads\/2024\/09\/Motty-blog-miniaturka-01-04.jpg\"><\/a>                    <div class=\"flex flex-col gap-3 relative\">\n                        <a class=\"block absolute top-0 left-0 w-full h-full\" href=\"https:\/\/www.motty.no\/pl\/artikler\/finanse-prywatne\/karta-kredytowa-w-norwegii\"><\/a>\n                        <h3 class=\"font-recklesssemibold text-[20px] md:text-[24px]\">Karta kredytowa w Norwegii \u2013 kto mo\u017ce j\u0105 dosta\u0107, jak dzia\u0142a i kiedy warto j\u0105 mie\u0107?<\/h3><p>Karta kredytowa w Norwegii to popularne narz\u0119dzie finansowe, z kt\u00f3rego korzysta coraz wi\u0119cej os\u00f3b \u2013 zar\u00f3wno&#8230;<\/p>\n                    <\/div>\n                <\/div>\n            <\/div>\n                        <div class=\"w-full md:w-[calc(50%-21.999px)] lg:w-[calc(33.33%-21.999px)]\">\n                <div class=\"w-full flex flex-col gap-[15px]\">\n                        <a class=\"block w-full \" href=\"https:\/\/www.motty.no\/pl\/artikler\/finanse-prywatne\/kredyt-konsumencki-czy-karta-kredytowa-co-wybrac\"><img decoding=\"async\" class=\"overflow-hidden w-full h-full block object-cover rounded-lg border-b-[9px] border-fjellvann-green\" src=\"https:\/\/www.motty.no\/wp-content\/uploads\/2024\/09\/BLOG-MOTTY-new-Kredyt-konsumencki-czy-karta-kredytowa.png\"><\/a>                    <div class=\"flex flex-col gap-3 relative\">\n                        <a class=\"block absolute top-0 left-0 w-full h-full\" href=\"https:\/\/www.motty.no\/pl\/artikler\/finanse-prywatne\/kredyt-konsumencki-czy-karta-kredytowa-co-wybrac\"><\/a>\n                        <h3 class=\"font-recklesssemibold text-[20px] md:text-[24px]\">Kredyt konsumencki czy karta kredytowa? Co wybra\u0107?<\/h3><p>\u017bycie w Norwegii wi\u0105\u017ce si\u0119 z wysokimi cenami. Dlatego te\u017c, je\u015bli kt\u00f3rego\u015b miesi\u0105ca zarobisz mniej, stracisz&#8230;<\/p>\n                    <\/div>\n                <\/div>\n            <\/div>\n                        <\/div>\n            <a id=\"\" href=\"https:\/\/www.motty.no\/pl\/artykuly\" class=\"text-nowrap flex items-center justify-center transition-all ease-in duration-300 rounded font-generalsansmedium text-center text-fjellvann-white bg-fjellvann-green hover:bg-fjellvann-light-green py-[18px] px-6 w-fit\">Czytaj wi\u0119cej<\/a>        <\/div>\n            <\/div>\n<\/div>\n\n\n\n<p><\/p>\n","protected":false},"excerpt":{"rendered":"","protected":false},"author":18,"featured_media":0,"parent":4147,"menu_order":0,"comment_status":"closed","ping_status":"closed","template":"","meta":{"_acf_changed":false,"footnotes":""},"class_list":["post-4530","page","type-page","status-publish","hentry"],"acf":[],"_links":{"self":[{"href":"https:\/\/www.motty.no\/pl\/wp-json\/wp\/v2\/pages\/4530","targetHints":{"allow":["GET"]}}],"collection":[{"href":"https:\/\/www.motty.no\/pl\/wp-json\/wp\/v2\/pages"}],"about":[{"href":"https:\/\/www.motty.no\/pl\/wp-json\/wp\/v2\/types\/page"}],"author":[{"embeddable":true,"href":"https:\/\/www.motty.no\/pl\/wp-json\/wp\/v2\/users\/18"}],"replies":[{"embeddable":true,"href":"https:\/\/www.motty.no\/pl\/wp-json\/wp\/v2\/comments?post=4530"}],"version-history":[{"count":5,"href":"https:\/\/www.motty.no\/pl\/wp-json\/wp\/v2\/pages\/4530\/revisions"}],"predecessor-version":[{"id":6593,"href":"https:\/\/www.motty.no\/pl\/wp-json\/wp\/v2\/pages\/4530\/revisions\/6593"}],"up":[{"embeddable":true,"href":"https:\/\/www.motty.no\/pl\/wp-json\/wp\/v2\/pages\/4147"}],"wp:attachment":[{"href":"https:\/\/www.motty.no\/pl\/wp-json\/wp\/v2\/media?parent=4530"}],"curies":[{"name":"wp","href":"https:\/\/api.w.org\/{rel}","templated":true}]}}