{"id":4483,"date":"2024-04-03T06:52:42","date_gmt":"2024-04-03T06:52:42","guid":{"rendered":"https:\/\/www.motty.no\/zasoby\/kalkulator-pozyczki\/kalkulator-planu-zuzycia-paliwa"},"modified":"2025-05-21T13:46:38","modified_gmt":"2025-05-21T13:46:38","slug":"kalkulator-planu-zuzycia-paliwa","status":"publish","type":"page","link":"https:\/\/www.motty.no\/pl\/zasoby\/kalkulator-pozyczki\/kalkulator-planu-zuzycia-paliwa","title":{"rendered":"Kalkulator kredytu konsumenckiego"},"content":{"rendered":"<div id=\"69f34dfd2f62a\" class=\"feature_content-outer-container overflow-hidden relative\">\n<svg class=\"absolute top-0 left-0 hidden md:block\" xmlns=\"http:\/\/www.w3.org\/2000\/svg\" width=\"593\" height=\"615\" viewBox=\"0 0 593 615\" fill=\"none\">\n<path d=\"M203.964 63.4865L203.959 63.4906L203.267 64.141L203.254 64.1539L203.24 64.1671L186.798 80.5602L107.378 159.743L-101.005 367.504V232.603C-101.005 168.792 -49.7295 116.031 14.2431 115.66C38.0374 115.524 60.205 122.563 78.6877 134.751L79.5544 135.322L80.2896 134.589L160.164 54.9526L161.167 53.9531L160.068 53.0604C119.156 19.8147 68.44 1.72514 14.9375 1.72514C-37.6024 1.72514 -87.464 19.1609 -127.994 51.2815V3V1.72514H-129.269H-214H-215.275V3V231.243V234.718V591.884C-215.275 610.597 -192.601 619.941 -179.346 606.725L-152.741 580.203L-153.641 579.3L-152.741 580.203L-130.556 558.079L240.533 188.103L282.602 146.16C303.926 126.593 331.576 115.777 360.607 115.66C424.608 115.397 477.014 168.797 477.014 232.652V601.856C477.014 607.999 482.019 612.981 488.173 612.981H580.123C586.285 612.981 591.282 607.999 591.282 601.856V231.243C591.282 169.937 567.342 112.302 523.858 68.9484C480.383 25.6044 422.566 1.72514 361.085 1.72514C299.602 1.72514 246.73 23.6663 203.964 63.4865ZM130.872 580.582H132.147H243.873H245.147V579.307V238.743V235.671L242.972 237.84L131.247 349.229L130.872 349.602V350.131V579.307V580.582Z\" stroke=\"#00074A\" stroke-opacity=\"0.12\" stroke-width=\"2.54971\"\/>\n<\/svg>\n    <div class=\"container mx-auto py-10 px-6 md:p-14 lg:py-28 xl:px-28 relative z-[5]\">\n        <h2 class=\"h2 text-center\">Kalkulator kredytu konsumenckiego<\/h2>        <p class=\"text-center mt-6 text-lg text-fjellvann-dark-blue max-w-[900px] mx-auto\">Wpisz kwot\u0119, kt\u00f3r\u0105 chcesz po\u017cyczy\u0107, okres sp\u0142aty oraz oprocentowanie i dowiedz si\u0119, jaka b\u0119dzie miesi\u0119czna rata. Mo\u017cesz tak\u017ce zobaczy\u0107 harmonogram sp\u0142at.<\/p>        <div data-product=\"ConsumerLoan\" data-locale=\"pl\" data-type=\"loan cost\" class=\"mt-8 bg-fjellvann-medium-beige p-12 rounded-lg max-w-fit mx-auto\" id=\"loan-calculator\"><\/div>\n    <\/div>\n<\/div>\n\n\n<div id=\"rt-69f34dfd30515\" class=\"richtext_outer-container overflow-hidden\">\n    <div class=\"py-[60px] px-6 md:px-14 lg:py-20 xl:px-28\">\n        <div class=\"content_medium mx-auto flex flex-col gap-6 md:gap-10\">\n                        <div class=\"richtext__outer-header gap-8 flex flex-col content-left\">\n            <h2 class=\"h2\">Dowiedz si\u0119, ile wyniesie Ci\u0119 kredyt<\/h2><p class=\"md:text-[20px] lg:text-[24px]\">Zastanawiasz si\u0119 ile pieni\u0119dzy mo\u017cesz po\u017cyczy\u0107 i ile b\u0119dzie Ci\u0119 to kosztowa\u0107?\r\n\r\nSkorzystaj z naszego kalkulatora kredytu konsumenckiego, aby dowiedzie\u0107 si\u0119, ile wyniesie Ci\u0119 kredyt.<\/p>            <\/div>\n                        <div class=\"richtext__contents content-rte spacing_content-large\">\n                <h1>Kalkulator kredytu konsumenckiego<\/h1>\n<p>Kalkulator kredytu konsumenckiego Motty daje wgl\u0105d do tego, ile mo\u017cesz po\u017cyczy\u0107, jak d\u0142ugi mo\u017ce by\u0107 okres sp\u0142aty i jaki b\u0119dzie ca\u0142kowity koszt kredytu wraz z odsetkami i op\u0142atami. Przeczytaj wi\u0119cej o tym, jak uzyska\u0107 najni\u017csze oprocentowanie w poni\u017cszym artykule.<\/p>\n<p>Artyku\u0142 &#8211; <a href=\"https:\/\/www.motty.no\/artikler\/forbrukslan\/hvordan-fa-lav-rente\">Jak uzyska\u0107 najni\u017csze oprocentowanie po\u017cyczki konsumenckiej?<\/a><\/p>\n<h3>Jak ubiega\u0107 si\u0119 o kredyt konsumencki?<\/h3>\n<p><span data-sheets-root=\"1\">Czasami potrzebujemy szybko pozyska\u0107 dodatkowe \u015brodki. Kredyty konsumenckie s\u0105 dobrym rozwi\u0105zaniem, gdy pojawiaj\u0105 si\u0119 du\u017ce lub niespodziewane wydatki. <\/span><\/p>\n<p>Wnioskuj o kredyt konsumencki tutaj &#8211; <a href=\"https:\/\/www.motty.no\/forbrukslan\">Kredyty konsumenckie.<\/a><\/p>\n<h3>Jak korzysta\u0107 z kalkulatora kredytu konsumenckiego?<\/h3>\n<ol>\n<li>Wpisz kwot\u0119, kt\u00f3r\u0105 chcesz po\u017cyczy\u0107 (25 000 &#8211; 800 000 kr)<\/li>\n<li>Wprowad\u017a wybrany okres sp\u0142aty (do 5 lat)<\/li>\n<li>Kalkulator oblicza wysoko\u015b\u0107 odsetek, op\u0142at i miesi\u0119cznej raty Twojego kredytu<\/li>\n<li><span data-sheets-root=\"1\">Wype\u0142nij i prze\u015blij wniosek. My zweryfikujemy i roze\u015blemy Tw\u00f3j wniosek do bank\u00f3w.<\/span><\/li>\n<li><span data-sheets-root=\"1\">Otrzymasz od nas pe\u0142ny i przejrzysty przegl\u0105d ofert, kt\u00f3re mo\u017cesz por\u00f3wna\u0107. Pomagamy r\u00f3wnie\u017c w ocenie ofert kredytowych i mo\u017cemy udzieli\u0107 porady.<\/span><\/li>\n<\/ol>\n<h3>Dlaczego warto skorzysta\u0107 z naszego kalkulatora?<\/h3>\n<p>Wiele os\u00f3b zastanawia si\u0119 nad wzi\u0119ciem kredytu konsumenckiego, ale nie ma pewno\u015bci, jaka b\u0119dzie jego ca\u0142kowita kwota i koszt. Korzystaj\u0105c z naszego kalkulatora, uzyskasz pe\u0142ny przegl\u0105d najta\u0144szych na rynku kredyt\u00f3w i oszacujesz, ile wyniesie Twoja miesi\u0119czna rata.<\/p>\n<h3>Przyk\u0142ad:<\/h3>\n<p><span data-sheets-root=\"1\">Je\u015bli po\u017cyczysz 160 000 kr na 5 lat, koszt wyniesie 57 243 kr przy oprocentowaniu rzeczywistym 13.61%. Oznacza to, \u017ce ca\u0142kowity koszt kredytu na 5 lat wyniesie 217 243 kr. Koszt ten zale\u017cy od uzyskanego oprocentowania. Oprocentowanie nominalne waha si\u0119 od 6% do 23%.<\/span><\/p>\n<h3>Jaka jest r\u00f3\u017cnica mi\u0119dzy oprocentowaniem nominalnym i rzeczywistym?<\/h3>\n<p>Oprocentowanie rzeczywiste okre\u015bla ca\u0142kowity koszt kredytu. Oprocentowanie nominalne to oprocentowanie, kt\u00f3re nie uwzgl\u0119dnia wszystkich op\u0142at zwi\u0105zanych z posiadaniem kredytu i cz\u0119sto jest podawane jako roczna stopa procentowa.<\/p>\n<p>Dla wielu os\u00f3b oprocentowanie rzeczywiste jest najwa\u017cniejszym czynnikiem, kt\u00f3ry bior\u0105 pod uwag\u0119 przy wyborze kredytu. Przeczytaj wi\u0119cej o rodzajach oprocentowania w poni\u017cszym artykule.<\/p>\n<p>Artyku\u0142 &#8211;\u00a0<a href=\"https:\/\/www.motty.no\/artikler\/lan\/hva-er-forskjellen-pa-nominell-og-effektiv-rente\">Jaka jest r\u00f3\u017cnica mi\u0119dzy nominalnym a efektywnym oprocentowaniem?<\/a><\/p>\n<h3>Czy kredyt konsumencki jest dla Ciebie?<\/h3>\n<p>Kredyt konsumencki jest dobrym rozwi\u0105zaniem dla os\u00f3b, kt\u00f3re:<\/p>\n<ul>\n<li>Uko\u0144czy\u0142y 23 lata<\/li>\n<li>Mieszkaj\u0105 w Norwegii i maj\u0105 sta\u0142y doch\u00f3d w wysoko\u015bci minimum 230 000 kr<\/li>\n<li>Nie maj\u0105 problem\u00f3w z windykacj\u0105<\/li>\n<\/ul>\n<p>Skorzystaj z naszego kalkulatora kredytu konsumenckiego, aby znale\u017a\u0107 najlepsz\u0105 form\u0119 kredytu, dopasowan\u0105 do Twoich potrzeb. Przeczytaj wi\u0119cej o r\u00f3\u017cnicach mi\u0119dzy kredytami konsumenckimi, a kartami kredytowymi w poni\u017cszym artykule.<\/p>\n<p>Artyku\u0142 &#8211; <a href=\"https:\/\/www.motty.no\/artikler\/forbrukslan\/kredittkort-eller-forbrukslan\">Kredyt konsumencki czy karta kredytowa &#8211; co wybra\u0107?<\/a><\/p>\n            <\/div>\n                    <\/div>\n    <\/div>\n<\/div>\n\n\n<div id=\"cta-69f34dfd402a7\" class=\"calltoaction-outer-container overflow-hidden generalcta\">\n    <div class=\"container mx-auto py-12 px-6 md:p-14 xl:px-28\">\n        <div class=\"rounded-lg bg-fjellvann-medium-beige py-14 px-5 md:px-[50px] lg:px-[100px]\">\n            <div class=\"flex flex-col-reverse gap-10 md:gap-[57px] md:flex-row md:items-center\">\n                <div class=\"w-full md:w-[calc(50%-28.5px)] lg:w-[calc(592px)]\">\n                                            <div class=\"flex flex-col gap-6 text-center md:text-left\">\n                            <h2 class=\"h2 max-w-[592px]\">Masz pytania?<\/h2><div class=\"text-[18px] md:text-[24px] content-rte font-recklessregular\"><p><a href=\"https:\/\/www.motty.no\/pl\/skontaktuj-sie-z-nami\">Skontaktuj si\u0119 z nami<\/a>, a odpowiemy na wszystkie pytania i rozwiejemy wszelkie w\u0105tpliwo\u015bci!<\/p>\n<\/div>                        <\/div>\n                                                                <div class=\"mt-10\">\n                            <a id=\"\" href=\"https:\/\/www.motty.no\/pl\/skontaktuj-sie-z-nami\" class=\"text-nowrap flex items-center justify-center transition-all ease-in duration-300 rounded font-generalsansmedium text-center text-fjellvann-white bg-fjellvann-green hover:bg-fjellvann-light-green py-[18px] px-6 w-fit\">Skontaktuj si\u0119 z nami<\/a>                        <\/div>\n                                    <\/div>\n                <div class=\"w-full md:w-[calc(50%-28.5px)] lg:w-[calc(100%-620.5px)]\">\n                    <img decoding=\"async\" class=\"w-[174px] h-auto mx-auto md:m-0 md:w-full md:h-full object-cover\" src=\"https:\/\/www.motty.no\/wp-content\/uploads\/2024\/03\/faq_prefooter.svg\" alt=\"faq_prefooter\" \/>                <\/div>\n            <\/div>\n        <\/div>\n    <\/div>\n<\/div>\n\n<div id=\"slb-69f34dfd46921\" class=\"services__link-block-outer-container\">\n    <div class=\"max-w-[1080px] mx-auto py-6 px-0 md:px-14 md:py-16 xl:px-28 \">\n        <div class=\"hidden md:flex md:flex-wrap md:gap-8 md:items-center md:justify-center\">\n                        <a class=\"flex items-center justify-between gap-[10px] py-[14px] px-[18px] rounded border border-fjellvann-medium-blue bg-fjellvann-medium-beige hover:bg-fjellvann-light-beige transition-colors\" href=\"https:\/\/www.motty.no\/pl\/karta-kredytowa-norwegia\">\n            <img decoding=\"async\" class=\"w-5 h-auto block\" src=\"https:\/\/www.motty.no\/wp-content\/uploads\/2024\/03\/kredittkort.svg\" alt=\"\"\/><span>Karta kredytowa<\/span>            <\/a>\n                        <a class=\"flex items-center justify-between gap-[10px] py-[14px] px-[18px] rounded border border-fjellvann-medium-blue bg-fjellvann-medium-beige hover:bg-fjellvann-light-beige transition-colors\" href=\"https:\/\/www.motty.no\/pl\/kredyt-konsumencki-norwegia\">\n            <span>Kredyt konsumencki<\/span>            <\/a>\n                        <a class=\"flex items-center justify-between gap-[10px] py-[14px] px-[18px] rounded border border-fjellvann-medium-blue bg-fjellvann-medium-beige hover:bg-fjellvann-light-beige transition-colors\" href=\"https:\/\/www.motty.no\/pl\/kredyt\">\n            <span>Kredyty<\/span>            <\/a>\n                        <a class=\"flex items-center justify-between gap-[10px] py-[14px] px-[18px] rounded border border-fjellvann-medium-blue bg-fjellvann-medium-beige hover:bg-fjellvann-light-beige transition-colors\" href=\"https:\/\/www.motty.no\/pl\/pomoc-finansowa-norwegia\">\n            <span>Pomoc finansowa<\/span>            <\/a>\n                        <a class=\"flex items-center justify-between gap-[10px] py-[14px] px-[18px] rounded border border-fjellvann-medium-blue bg-fjellvann-medium-beige hover:bg-fjellvann-light-beige transition-colors\" href=\"https:\/\/www.motty.no\/pl\/refinansiering-norwegia\">\n            <span>Refinansowanie<\/span>            <\/a>\n                    <\/div>\n        <div class=\"block md:hidden\">\n            <div id=\"post4483\" class=\"swiper archive_swiper\" data-swiper=\"post4483\">\n                <div class=\"swiper-wrapper\">\n                                        <div class=\"swiper-slide w-fit\">\n                            <a class=\"flex items-center justify-between gap-[10px] py-[14px] px-[18px] rounded border border-fjellvann-medium-blue bg-fjellvann-medium-beige hover:bg-fjellvann-light-beige transition-colors\" href=\"https:\/\/www.motty.no\/pl\/karta-kredytowa-norwegia\">\n                        <img decoding=\"async\" class=\"w-5 h-auto block\" src=\"https:\/\/www.motty.no\/wp-content\/uploads\/2024\/03\/kredittkort.svg\" alt=\"\"\/><span>Karta kredytowa<\/span>                        <\/a>\n                    <\/div>\n\n                                        <div class=\"swiper-slide w-fit\">\n                            <a class=\"flex items-center justify-between gap-[10px] py-[14px] px-[18px] rounded border border-fjellvann-medium-blue bg-fjellvann-medium-beige hover:bg-fjellvann-light-beige transition-colors\" href=\"https:\/\/www.motty.no\/pl\/kredyt-konsumencki-norwegia\">\n                        <span>Kredyt konsumencki<\/span>                        <\/a>\n                    <\/div>\n\n                                        <div class=\"swiper-slide w-fit\">\n                            <a class=\"flex items-center justify-between gap-[10px] py-[14px] px-[18px] rounded border border-fjellvann-medium-blue bg-fjellvann-medium-beige hover:bg-fjellvann-light-beige transition-colors\" href=\"https:\/\/www.motty.no\/pl\/kredyt\">\n                        <span>Kredyty<\/span>                        <\/a>\n                    <\/div>\n\n                                        <div class=\"swiper-slide w-fit\">\n                            <a class=\"flex items-center justify-between gap-[10px] py-[14px] px-[18px] rounded border border-fjellvann-medium-blue bg-fjellvann-medium-beige hover:bg-fjellvann-light-beige transition-colors\" href=\"https:\/\/www.motty.no\/pl\/pomoc-finansowa-norwegia\">\n                        <span>Pomoc finansowa<\/span>                        <\/a>\n                    <\/div>\n\n                                        <div class=\"swiper-slide w-fit\">\n                            <a class=\"flex items-center justify-between gap-[10px] py-[14px] px-[18px] rounded border border-fjellvann-medium-blue bg-fjellvann-medium-beige hover:bg-fjellvann-light-beige transition-colors\" href=\"https:\/\/www.motty.no\/pl\/refinansiering-norwegia\">\n                        <span>Refinansowanie<\/span>                        <\/a>\n                    <\/div>\n\n                                    <\/div>\n                <div class=\"sp-pagination-post4483 flex justify-center mt-4\"><\/div>\n            <\/div>\n\n        <\/div>\n    <\/div>\n<\/div>\n\n\n<div id=\"ra-69f34dfd4c0f5\" class=\"related_articles-outer-container\">\n    <div class=\"container mx-auto py-12 px-6 md:p-14 xl:px-28 lg:pt-14 lg:pb-28\">\n        <div class=\"flex flex-col text-center gap-8\">\n                        <h2 class=\"h2\">Artyku\u0142y<\/h2>\n                    <\/div>\n                <div class=\"mt-14 flex flex-col gap-14 items-center\">\n            <div class=\"flex flex-col gap-8 flex-wrap md:flex-row\">\n                        <div class=\"w-full md:w-[calc(50%-21.999px)] lg:w-[calc(33.33%-21.999px)]\">\n                <div class=\"w-full flex flex-col gap-[15px]\">\n                        <a class=\"block w-full \" href=\"https:\/\/www.motty.no\/pl\/artikler\/finanse-prywatne\/bankowosc-mobilna-w-norwegii\"><img decoding=\"async\" class=\"overflow-hidden w-full h-full block object-cover rounded-lg border-b-[9px] border-fjellvann-green\" src=\"https:\/\/www.motty.no\/wp-content\/uploads\/2024\/09\/Motty-Blog-miniaturka-18.07.2023.png\"><\/a>                    <div class=\"flex flex-col gap-3 relative\">\n                        <a class=\"block absolute top-0 left-0 w-full h-full\" href=\"https:\/\/www.motty.no\/pl\/artikler\/finanse-prywatne\/bankowosc-mobilna-w-norwegii\"><\/a>\n                        <h3 class=\"font-recklesssemibold text-[20px] md:text-[24px]\">Bankowo\u015b\u0107 mobilna w Norwegii<\/h3><p>Zastanawiasz si\u0119, w jaki spos\u00f3b mo\u017cesz dokonywa\u0107 p\u0142atno\u015bci w Norwegii? Kraje skandynawskie maj\u0105 do dyspozycji wiele&#8230;<\/p>\n                    <\/div>\n                <\/div>\n            <\/div>\n                        <div class=\"w-full md:w-[calc(50%-21.999px)] lg:w-[calc(33.33%-21.999px)]\">\n                <div class=\"w-full flex flex-col gap-[15px]\">\n                        <a class=\"block w-full \" href=\"https:\/\/www.motty.no\/pl\/artikler\/finanse-prywatne\/czy-warto-ubezpieczac-kredyt-w-norwegii\"><img decoding=\"async\" class=\"overflow-hidden w-full h-full block object-cover rounded-lg border-b-[9px] border-fjellvann-green\" src=\"https:\/\/www.motty.no\/wp-content\/uploads\/2024\/09\/Ubezpieczenie-1.png\"><\/a>                    <div class=\"flex flex-col gap-3 relative\">\n                        <a class=\"block absolute top-0 left-0 w-full h-full\" href=\"https:\/\/www.motty.no\/pl\/artikler\/finanse-prywatne\/czy-warto-ubezpieczac-kredyt-w-norwegii\"><\/a>\n                        <h3 class=\"font-recklesssemibold text-[20px] md:text-[24px]\">Czy warto ubezpiecza\u0107 kredyt w Norwegii?<\/h3><p>\u017bycie cz\u0119sto bywa nieprzewidywalne. W jednym momencie wszystko mo\u017ce uk\u0142ada\u0107 si\u0119 tak, jak to sobie zaplanowali\u015bmy,&#8230;<\/p>\n                    <\/div>\n                <\/div>\n            <\/div>\n                        <div class=\"w-full md:w-[calc(50%-21.999px)] lg:w-[calc(33.33%-21.999px)]\">\n                <div class=\"w-full flex flex-col gap-[15px]\">\n                        <a class=\"block w-full \" href=\"https:\/\/www.motty.no\/pl\/artikler\/finanse-prywatne\/forbrukslan-kredyt-konsumencki-w-norwegii\"><img decoding=\"async\" class=\"overflow-hidden w-full h-full block object-cover rounded-lg border-b-[9px] border-fjellvann-green\" src=\"https:\/\/www.motty.no\/wp-content\/uploads\/2024\/09\/2-3-1-1-2240x1260-1.png\"><\/a>                    <div class=\"flex flex-col gap-3 relative\">\n                        <a class=\"block absolute top-0 left-0 w-full h-full\" href=\"https:\/\/www.motty.no\/pl\/artikler\/finanse-prywatne\/forbrukslan-kredyt-konsumencki-w-norwegii\"><\/a>\n                        <h3 class=\"font-recklesssemibold text-[20px] md:text-[24px]\">Forbruksl\u00e5n &#8211; kredyt konsumencki w Norwegii<\/h3><p>Kredyt konsumencki w Norwegii&nbsp;to rozwi\u0105zanie dla ka\u017cdego, kto potrzebuje dodatkowego zastrzyku got\u00f3wki. Niewa\u017cne, czy marzysz o&#8230;<\/p>\n                    <\/div>\n                <\/div>\n            <\/div>\n                        <\/div>\n            <a id=\"\" href=\"https:\/\/www.motty.no\/pl\/artykuly\" class=\"text-nowrap flex items-center justify-center transition-all ease-in duration-300 rounded font-generalsansmedium text-center text-fjellvann-white bg-fjellvann-green hover:bg-fjellvann-light-green py-[18px] px-6 w-fit\">Czytaj wi\u0119cej<\/a>        <\/div>\n            <\/div>\n<\/div>\n","protected":false},"excerpt":{"rendered":"","protected":false},"author":18,"featured_media":0,"parent":4147,"menu_order":0,"comment_status":"closed","ping_status":"closed","template":"","meta":{"_acf_changed":false,"footnotes":""},"class_list":["post-4483","page","type-page","status-publish","hentry"],"acf":[],"_links":{"self":[{"href":"https:\/\/www.motty.no\/pl\/wp-json\/wp\/v2\/pages\/4483","targetHints":{"allow":["GET"]}}],"collection":[{"href":"https:\/\/www.motty.no\/pl\/wp-json\/wp\/v2\/pages"}],"about":[{"href":"https:\/\/www.motty.no\/pl\/wp-json\/wp\/v2\/types\/page"}],"author":[{"embeddable":true,"href":"https:\/\/www.motty.no\/pl\/wp-json\/wp\/v2\/users\/18"}],"replies":[{"embeddable":true,"href":"https:\/\/www.motty.no\/pl\/wp-json\/wp\/v2\/comments?post=4483"}],"version-history":[{"count":5,"href":"https:\/\/www.motty.no\/pl\/wp-json\/wp\/v2\/pages\/4483\/revisions"}],"predecessor-version":[{"id":6128,"href":"https:\/\/www.motty.no\/pl\/wp-json\/wp\/v2\/pages\/4483\/revisions\/6128"}],"up":[{"embeddable":true,"href":"https:\/\/www.motty.no\/pl\/wp-json\/wp\/v2\/pages\/4147"}],"wp:attachment":[{"href":"https:\/\/www.motty.no\/pl\/wp-json\/wp\/v2\/media?parent=4483"}],"curies":[{"name":"wp","href":"https:\/\/api.w.org\/{rel}","templated":true}]}}