{"id":4147,"date":"2024-04-02T07:52:39","date_gmt":"2024-04-02T07:52:39","guid":{"rendered":"https:\/\/www.motty.no\/zasoby\/kalkulator-pozyczki"},"modified":"2025-05-21T13:11:04","modified_gmt":"2025-05-21T13:11:04","slug":"kalkulator-pozyczki","status":"publish","type":"page","link":"https:\/\/www.motty.no\/pl\/zasoby\/kalkulator-pozyczki","title":{"rendered":"Kalkulator kredytowy"},"content":{"rendered":"<div id=\"69f237a55dcf3\" class=\"feature_content-outer-container overflow-hidden relative\">\n<svg class=\"absolute top-0 left-0 hidden md:block\" xmlns=\"http:\/\/www.w3.org\/2000\/svg\" width=\"593\" height=\"615\" viewBox=\"0 0 593 615\" fill=\"none\">\n<path d=\"M203.964 63.4865L203.959 63.4906L203.267 64.141L203.254 64.1539L203.24 64.1671L186.798 80.5602L107.378 159.743L-101.005 367.504V232.603C-101.005 168.792 -49.7295 116.031 14.2431 115.66C38.0374 115.524 60.205 122.563 78.6877 134.751L79.5544 135.322L80.2896 134.589L160.164 54.9526L161.167 53.9531L160.068 53.0604C119.156 19.8147 68.44 1.72514 14.9375 1.72514C-37.6024 1.72514 -87.464 19.1609 -127.994 51.2815V3V1.72514H-129.269H-214H-215.275V3V231.243V234.718V591.884C-215.275 610.597 -192.601 619.941 -179.346 606.725L-152.741 580.203L-153.641 579.3L-152.741 580.203L-130.556 558.079L240.533 188.103L282.602 146.16C303.926 126.593 331.576 115.777 360.607 115.66C424.608 115.397 477.014 168.797 477.014 232.652V601.856C477.014 607.999 482.019 612.981 488.173 612.981H580.123C586.285 612.981 591.282 607.999 591.282 601.856V231.243C591.282 169.937 567.342 112.302 523.858 68.9484C480.383 25.6044 422.566 1.72514 361.085 1.72514C299.602 1.72514 246.73 23.6663 203.964 63.4865ZM130.872 580.582H132.147H243.873H245.147V579.307V238.743V235.671L242.972 237.84L131.247 349.229L130.872 349.602V350.131V579.307V580.582Z\" stroke=\"#00074A\" stroke-opacity=\"0.12\" stroke-width=\"2.54971\"\/>\n<\/svg>\n    <div class=\"container mx-auto py-10 px-6 md:p-14 lg:py-28 xl:px-28 relative z-[5]\">\n        <h2 class=\"h2 text-center\">Kalkulator kredytowy &#8211; Ile wyniesie kredyt?<\/h2>        <p class=\"text-center mt-6 text-lg text-fjellvann-dark-blue max-w-[900px] mx-auto\">Wpisz kwot\u0119, kt\u00f3r\u0105 chcesz po\u017cyczy\u0107, okres sp\u0142aty oraz oprocentowanie i dowiedz si\u0119, jaka b\u0119dzie miesi\u0119czna rata. Mo\u017cesz tak\u017ce zobaczy\u0107 harmonogram sp\u0142at.<\/p>        <div data-product=\"ConsumerLoan\" data-locale=\"pl\" data-type=\"loan cost\" class=\"mt-8 bg-fjellvann-medium-beige p-12 rounded-lg max-w-fit mx-auto\" id=\"loan-calculator\"><\/div>\n    <\/div>\n<\/div>\n\n\n<div id=\"rt-69f237a55e8cf\" class=\"richtext_outer-container overflow-hidden\">\n    <div class=\"py-[60px] px-6 md:px-14 lg:py-20 xl:px-28\">\n        <div class=\"content_medium mx-auto flex flex-col gap-6 md:gap-10\">\n                        <div class=\"richtext__outer-header gap-8 flex flex-col content-left\">\n            <h2 class=\"h2\">Skorzystaj z naszego kalkulatora kredytowego, aby obliczy\u0107 ile wyniesie Ci\u0119 kredyt<\/h2><p class=\"md:text-[20px] lg:text-[24px]\">Mo\u017cesz u\u017cy\u0107 kalkulatora kredytowego r\u00f3wnie\u017c do por\u00f3wnania ofert z r\u00f3\u017cnych bank\u00f3w<\/p>            <\/div>\n                        <div class=\"richtext__contents content-rte spacing_content-large\">\n                <h1>Kalkulator kredytowy<\/h1>\n<p>Nasz kalkulator obliczy ile \u0142\u0105cznie wyniesie Ci\u0119 kredyt. Jest \u0142atwy w u\u017cyciu i umo\u017cliwia samodzielne obliczanie oprocentowania i ca\u0142kowitego kosztu kredytu.<\/p>\n<p>Dzi\u0119ki naszemu kalkulatorowi wybierzesz ofert\u0119, kt\u00f3ra najbardziej Ci odpowiada i ma najlepsze warunki kredytowe. Kalkulator sam zajmuje si\u0119 obliczeniami, wi\u0119c nie musisz si\u0119 tym martwi\u0107.<\/p>\n<h3>Jak dzia\u0142a kalkulator kredytowy?<\/h3>\n<p>Wprowad\u017a kwot\u0119, jak\u0105 chcesz po\u017cyczy\u0107, okres sp\u0142aty i wysoko\u015b\u0107 kapita\u0142u w\u0142asnego, a kalkulator obliczy ca\u0142kowit\u0105 kwot\u0119 kredytu. Dostaniesz wgl\u0105d do tego, ile b\u0119dzie kosztowa\u0107 Ci\u0119 kredyt i jakie oprocentowanie mo\u017cesz otrzyma\u0107.<\/p>\n<p>Oprocentowanie i ca\u0142kowity koszt kredytu b\u0119d\u0105 r\u00f3\u017cni\u0107 si\u0119 w zale\u017cno\u015bci od wprowadzonych zmiennych. Kalkulator kredytowy oszcz\u0119dza czas jaki po\u015bwi\u0119cisz na sk\u0142adanie wniosku i oczekiwanie na odpowied\u017a z naszej strony. Kalkulator obliczy wszystko za Ciebie.<\/p>\n<h3>Jak wybra\u0107 odpowiedni\u0105 ofert\u0119?<\/h3>\n<p>Warunki kredytu b\u0119d\u0105 r\u00f3\u017cni\u0107 si\u0119 w zale\u017cno\u015bci od wybranego banku.<\/p>\n<p>Poni\u017cej znajdziesz kilka czynnik\u00f3w, kt\u00f3re nale\u017cy wzi\u0105\u0107 pod uwag\u0119, przy wybieraniu najlepszej dla siebie formy kredytu.<\/p>\n<h4>Jaki rodzaj kredytu wybra\u0107?<\/h4>\n<p><strong>Kredyt o sta\u0142ym oprocentowaniu<\/strong><\/p>\n<p>Je\u015bli chcesz utrzyma\u0107 jednakowe op\u0142aty przez ca\u0142y okres sp\u0142aty, powiniene\u015b wybra\u0107 kredyt o sta\u0142ym oprocentowaniu. Oznacza to, \u017ce co miesi\u0105c b\u0119dziesz p\u0142aci\u0107 sta\u0142\u0105 rat\u0119, niezale\u017cnie od tego, czy stopy procentowe ulegn\u0105 zmianie czy nie. Oprocentowanie takiego kredytu jest zwykle wy\u017csze ni\u017c w wypadku innych form kredytu.<\/p>\n<p><strong>Kredyt o zmiennym oprocentowaniu<\/strong><\/p>\n<p>Oprocentowanie takiego kredytu pod\u0105\u017ca za zmian\u0105 st\u00f3p procentowych na rynku, co oznacza, \u017ce koszty odsetkowe r\u00f3wnie\u017c b\u0119d\u0105 si\u0119 zmienia\u0107. Kredyt o zmiennym oprocentowaniu jest dobrym rozwi\u0105zaniem, je\u015bli zale\u017cy Ci na elastyczno\u015bci, szczeg\u00f3lnie je\u015bli chodzi o okres sp\u0142aty.<\/p>\n<p><strong>Oprocentowanie nominalne i rzeczywiste<\/strong><\/p>\n<p>Oprocentowanie rzeczywiste okre\u015bla ca\u0142kowity koszt kredytu.<\/p>\n<p>Oprocentowanie nominalne to oprocentowanie, kt\u00f3re nie uwzgl\u0119dnia wszystkich op\u0142at zwi\u0105zanych z posiadaniem kredytu i cz\u0119sto jest podawane jako roczna stopa procentowa.<\/p>\n<p>Dla wielu os\u00f3b oprocentowanie rzeczywiste jest najwa\u017cniejszym czynnikiem, kt\u00f3ry bior\u0105 pod uwag\u0119 przy wyborze kredytu. Przeczytaj wi\u0119cej o rodzajach oprocentowania w poni\u017cszym artykule.<\/p>\n<p>Artyku\u0142 &#8211;\u00a0<a href=\"https:\/\/www.motty.no\/artikler\/lan\/hva-er-forskjellen-pa-nominell-og-effektiv-rente\">Jaka jest r\u00f3\u017cnica mi\u0119dzy nominalnym a efektywnym oprocentowaniem?<\/a><\/p>\n<p><strong>Annuitetsl\u00e5n czy seriel\u00e5n?<\/strong><\/p>\n<p>Je\u015bli chcesz p\u0142aci\u0107 tak\u0105 sam\u0105 kwot\u0119 co miesi\u0105c przez ca\u0142y okres sp\u0142aty, dobrym wyborem b\u0119dzie annuitetsl\u00e5n. W tej formie kredytu rata miesi\u0119czna jest sta\u0142a. Na pocz\u0105tku sp\u0142acasz wi\u0119cej odsetek ni\u017c kapita\u0142u. Z biegiem czasu odsetkowa cz\u0119\u015b\u0107 raty maleje i zaczynasz sp\u0142aca\u0107 wi\u0119cej kapita\u0142u.<\/p>\n<p>Natomiast w przypadku seriel\u00e5n, z miesi\u0105ca na miesi\u0105c b\u0119dziesz p\u0142aci\u0107 coraz ni\u017csz\u0105 rat\u0119. W tej formie kredytu kapita\u0142owa cz\u0119\u015b\u0107 raty jest sta\u0142a, a odsetkowa na pocz\u0105tku okresu sp\u0142aty jest do\u015b\u0107 wysoka i zmniejsza si\u0119 z ka\u017cdym kolejnym miesi\u0105cem.<\/p>\n<p>Przeczytaj wi\u0119cej o tych formach kredytu w poni\u017cszym artykule.<\/p>\n<p>Artyku\u0142 &#8211; <a href=\"https:\/\/www.motty.no\/artikler\/lan\/hva-er-forskjellen-pa-annuitetslan-og-serielan\">Jaka jest r\u00f3\u017cnica mi\u0119dzy annuitetsl\u00e5n a seriel\u00e5n?<\/a><\/p>\n<h3>Nasze kalkulatory kredytowe &#8211; dodatkowe \u015brodki na r\u00f3\u017cne cele<\/h3>\n<p>W Motty oferujemy wiele r\u00f3\u017cnych rodzaj\u00f3w kredyt\u00f3w, dlatego opracowali\u015bmy kilka kalkulator\u00f3w, kt\u00f3re pomagaj\u0105 obliczy\u0107 oprocentowanie i ca\u0142kowity koszt tych kredyt\u00f3w.<\/p>\n<p>Wybierz odpowiedni kalkulator na podstawie tego, na co potrzebujesz pieni\u0119dzy.<\/p>\n<h3>Kalkulator kredytu konsumenckiego<\/h3>\n<p><span data-sheets-root=\"1\">Czasami potrzebujemy szybko pozyska\u0107 dodatkowe \u015brodki. Kredyty konsumenckie s\u0105 dobrym rozwi\u0105zaniem, gdy pojawiaj\u0105 si\u0119 du\u017ce lub niespodziewane wydatki.<\/span><\/p>\n<p>Skorzystaj z naszego <a href=\"https:\/\/www.motty.no\/ressurser\/lanekalkulator\/forbrukslankalkulator\">kalkulatora kredytu konsumenckiego<\/a>, aby dowiedzie\u0107 si\u0119, ile wyniesie Ci\u0119 kredyt.<\/p>\n<h3>Kalkulator karty kredytowej<\/h3>\n<p><span data-sheets-root=\"1\">Karty kredytowe mog\u0105 zapewni\u0107 Ci zar\u00f3wno elastyczno\u015b\u0107, swobod\u0119, jak i bezpiecze\u0144stwo. Dzi\u0119ki karcie kredytowej masz mo\u017cliwo\u015b\u0107 kupowania lub p\u0142acenia za to, co chcesz lub potrzebujesz, bez konieczno\u015bci posiadania oszcz\u0119dno\u015bci. <\/span><\/p>\n<p>Skorzystaj z naszego <a href=\"https:\/\/www.motty.no\/pl\/zasoby\/kalkulator-pozyczki\/kalkulator-karty-kredytowej\">kalkulatora kart kredytowych<\/a>, aby znale\u017a\u0107 kart\u0119 kredytow\u0105 odpowiedni\u0105 dla siebie.<\/p>\n<p>Przeczytaj wi\u0119cej o zaletach kart kredytowych w poni\u017cszym artykule.<\/p>\n<p>Artyku\u0142 &#8211; <a href=\"https:\/\/www.motty.no\/artikler\/kredittkort\/fordeler\">Pi\u0119\u0107 zalet kart kredytowych<\/a><\/p>\n<h3>Kalkulator oprocentowania<\/h3>\n<p>Chcesz po\u017cyczy\u0107 pieni\u0105dze, ale nie jeste\u015b pewien, ile b\u0119dzie Ci\u0119 kosztowa\u0107 kredyt?<\/p>\n<p>Oblicz oprocentowanie swojego kredytu za pomoc\u0105 naszego <a href=\"https:\/\/www.motty.no\/ressurser\/lanekalkulator\/renteokning-kalkulator\">kalkulatora oprocentowania<\/a>.<\/p>\n<h3>Kalkulator kredytowy na przyczepy kempingowe i kampery<\/h3>\n<p>Du\u017co podr\u00f3\u017cujesz i potrzebujesz zainwestowa\u0107 w nowy sprz\u0119t? Marzysz o wakacjach na czterech ko\u0142ach?<\/p>\n<p>U\u017cyj <a href=\"https:\/\/www.motty.no\/ressurser\/lanekalkulator\/lanekalkulator-campingvogn\">kalkulatora kredytowego dla przyczep kempingowych i kamper\u00f3w<\/a> i oblicz ile b\u0119dzie Ci\u0119 kosztowa\u0107 kredyt na spe\u0142nienie swoich marze\u0144.<\/p>\n<h3>Kalkulator kredytu hipotecznego<\/h3>\n<p>Oblicz, ile b\u0119dzie Ci\u0119 kosztowa\u0142 kredyt hipoteczny za pomoc\u0105 <a href=\"https:\/\/www.motty.no\/pl\/zasoby\/kalkulator-pozyczki\/osiedle\">kalkulatora kredytu hipotecznego<\/a> Motty.<\/p>\n<p>Wprowad\u017a kwot\u0119, jak\u0105 chcesz po\u017cyczy\u0107, wysoko\u015b\u0107 wk\u0142adu w\u0142asnego i wybrany okres sp\u0142aty, a kalkulator obliczy koszty odsetek i ca\u0142kowit\u0105 kwot\u0119 kredytu. Por\u00f3wnaj swoje opcje w r\u00f3\u017cnych bankach.<\/p>\n            <\/div>\n                        <div class=\"mt-6 md:mt-10 p-8 bg-fjellvann-light-green flex rounded-lg highlight__contents-rte\">\n                \n                                <img decoding=\"async\" class=\"size-[60px] mr-4\" src=\"https:\/\/www.motty.no\/wp-content\/uploads\/2024\/04\/highlight_image1.svg\" alt=\"\"\/>\n                                <div class=\"w-[calc(100%-76px)] richtext__contents content-rte\">\n                    <h3>Por\u00f3wnaj oferty kredyt\u00f3w<\/h3>\n<p>Korzystaj\u0105c z kalkulatora kredytowego Motty, mo\u017cesz por\u00f3wna\u0107 oferty kilku bank\u00f3w i wybra\u0107 najlepsz\u0105 i najbardziej dopasowan\u0105 do swojej sytuacji opcj\u0119.<\/p>\n<p>Je\u015bli p\u00f3jdziesz tylko do swojego banku, nie masz pewno\u015bci, \u017ce oferta, kt\u00f3r\u0105 otrzymasz, ma najlepsze warunki. Dlatego op\u0142aca si\u0119 korzysta\u0107 z kalkulator\u00f3w kredytowych Motty, aby pozna\u0107 i por\u00f3wna\u0107 wszystkie swoje opcje.<\/p>\n                <\/div>\n            <\/div>\n                    <\/div>\n    <\/div>\n<\/div>\n\n\n<div id=\"cta-69f237a5675eb\" class=\"calltoaction-outer-container overflow-hidden generalcta\">\n    <div class=\"container mx-auto py-12 px-6 md:p-14 xl:px-28\">\n        <div class=\"rounded-lg bg-fjellvann-medium-beige py-14 px-5 md:px-[50px] lg:px-[100px]\">\n            <div class=\"flex flex-col-reverse gap-10 md:gap-[57px] md:flex-row md:items-center\">\n                <div class=\"w-full md:w-[calc(50%-28.5px)] lg:w-[calc(592px)]\">\n                                            <div class=\"flex flex-col gap-6 text-center md:text-left\">\n                            <h2 class=\"h2 max-w-[592px]\">Masz pytania?<\/h2><div class=\"text-[18px] md:text-[24px] content-rte font-recklessregular\"><p><a href=\"https:\/\/www.motty.no\/pl\/skontaktuj-sie-z-nami\">Skontaktuj si\u0119 z nami<\/a>, a odpowiemy na wszystkie pytania i rozwiejemy wszelkie w\u0105tpliwo\u015bci!<\/p>\n<\/div>                        <\/div>\n                                                                <div class=\"mt-10\">\n                            <a id=\"\" href=\"https:\/\/www.motty.no\/pl\/skontaktuj-sie-z-nami\" class=\"text-nowrap flex items-center justify-center transition-all ease-in duration-300 rounded font-generalsansmedium text-center text-fjellvann-white bg-fjellvann-green hover:bg-fjellvann-light-green py-[18px] px-6 w-fit\">Skontaktuj si\u0119 z nami<\/a>                        <\/div>\n                                    <\/div>\n                <div class=\"w-full md:w-[calc(50%-28.5px)] lg:w-[calc(100%-620.5px)]\">\n                    <img decoding=\"async\" class=\"w-[174px] h-auto mx-auto md:m-0 md:w-full md:h-full object-cover\" src=\"https:\/\/www.motty.no\/wp-content\/uploads\/2024\/03\/faq_prefooter.svg\" alt=\"faq_prefooter\" \/>                <\/div>\n            <\/div>\n        <\/div>\n    <\/div>\n<\/div>\n\n<div id=\"slb-69f237a56930d\" class=\"services__link-block-outer-container\">\n    <div class=\"max-w-[1080px] mx-auto py-6 px-0 md:px-14 md:py-16 xl:px-28 \">\n        <div class=\"hidden md:flex md:flex-wrap md:gap-8 md:items-center md:justify-center\">\n                        <a class=\"flex items-center justify-between gap-[10px] py-[14px] px-[18px] rounded border border-fjellvann-medium-blue bg-fjellvann-medium-beige hover:bg-fjellvann-light-beige transition-colors\" href=\"https:\/\/www.motty.no\/pl\/kredyt-konsumencki-norwegia\">\n            <span>Kredyt konsumencki<\/span>            <\/a>\n                        <a class=\"flex items-center justify-between gap-[10px] py-[14px] px-[18px] rounded border border-fjellvann-medium-blue bg-fjellvann-medium-beige hover:bg-fjellvann-light-beige transition-colors\" href=\"https:\/\/www.motty.no\/pl\/karta-kredytowa-norwegia\">\n            <img decoding=\"async\" class=\"w-5 h-auto block\" src=\"https:\/\/www.motty.no\/wp-content\/uploads\/2024\/03\/kredittkort.svg\" alt=\"\"\/><span>Karta kredytowa<\/span>            <\/a>\n                        <a class=\"flex items-center justify-between gap-[10px] py-[14px] px-[18px] rounded border border-fjellvann-medium-blue bg-fjellvann-medium-beige hover:bg-fjellvann-light-beige transition-colors\" href=\"https:\/\/www.motty.no\/pl\/refinansiering-norwegia\">\n            <span>Refinansowanie<\/span>            <\/a>\n                        <a class=\"flex items-center justify-between gap-[10px] py-[14px] px-[18px] rounded border border-fjellvann-medium-blue bg-fjellvann-medium-beige hover:bg-fjellvann-light-beige transition-colors\" href=\"https:\/\/www.motty.no\/pl\/sok-nytt-lan\">\n            <span>Wnioskuj o nowy kredyt<\/span>            <\/a>\n                        <a class=\"flex items-center justify-between gap-[10px] py-[14px] px-[18px] rounded border border-fjellvann-medium-blue bg-fjellvann-medium-beige hover:bg-fjellvann-light-beige transition-colors\" href=\"https:\/\/www.motty.no\/pl\/kredyt\/kredyt-na-samochod-norwegia\">\n            <img decoding=\"async\" class=\"w-5 h-auto block\" src=\"https:\/\/www.motty.no\/wp-content\/uploads\/2024\/03\/billan.svg\" alt=\"\"\/><span>Kredyt samochodowy<\/span>            <\/a>\n                    <\/div>\n        <div class=\"block md:hidden\">\n            <div id=\"post4147\" class=\"swiper archive_swiper\" data-swiper=\"post4147\">\n                <div class=\"swiper-wrapper\">\n                                        <div class=\"swiper-slide w-fit\">\n                            <a class=\"flex items-center justify-between gap-[10px] py-[14px] px-[18px] rounded border border-fjellvann-medium-blue bg-fjellvann-medium-beige hover:bg-fjellvann-light-beige transition-colors\" href=\"https:\/\/www.motty.no\/pl\/kredyt-konsumencki-norwegia\">\n                        <span>Kredyt konsumencki<\/span>                        <\/a>\n                    <\/div>\n\n                                        <div class=\"swiper-slide w-fit\">\n                            <a class=\"flex items-center justify-between gap-[10px] py-[14px] px-[18px] rounded border border-fjellvann-medium-blue bg-fjellvann-medium-beige hover:bg-fjellvann-light-beige transition-colors\" href=\"https:\/\/www.motty.no\/pl\/karta-kredytowa-norwegia\">\n                        <img decoding=\"async\" class=\"w-5 h-auto block\" src=\"https:\/\/www.motty.no\/wp-content\/uploads\/2024\/03\/kredittkort.svg\" alt=\"\"\/><span>Karta kredytowa<\/span>                        <\/a>\n                    <\/div>\n\n                                        <div class=\"swiper-slide w-fit\">\n                            <a class=\"flex items-center justify-between gap-[10px] py-[14px] px-[18px] rounded border border-fjellvann-medium-blue bg-fjellvann-medium-beige hover:bg-fjellvann-light-beige transition-colors\" href=\"https:\/\/www.motty.no\/pl\/refinansiering-norwegia\">\n                        <span>Refinansowanie<\/span>                        <\/a>\n                    <\/div>\n\n                                        <div class=\"swiper-slide w-fit\">\n                            <a class=\"flex items-center justify-between gap-[10px] py-[14px] px-[18px] rounded border border-fjellvann-medium-blue bg-fjellvann-medium-beige hover:bg-fjellvann-light-beige transition-colors\" href=\"https:\/\/www.motty.no\/pl\/sok-nytt-lan\">\n                        <span>Wnioskuj o nowy kredyt<\/span>                        <\/a>\n                    <\/div>\n\n                                        <div class=\"swiper-slide w-fit\">\n                            <a class=\"flex items-center justify-between gap-[10px] py-[14px] px-[18px] rounded border border-fjellvann-medium-blue bg-fjellvann-medium-beige hover:bg-fjellvann-light-beige transition-colors\" href=\"https:\/\/www.motty.no\/pl\/kredyt\/kredyt-na-samochod-norwegia\">\n                        <img decoding=\"async\" class=\"w-5 h-auto block\" src=\"https:\/\/www.motty.no\/wp-content\/uploads\/2024\/03\/billan.svg\" alt=\"\"\/><span>Kredyt samochodowy<\/span>                        <\/a>\n                    <\/div>\n\n                                    <\/div>\n                <div class=\"sp-pagination-post4147 flex justify-center mt-4\"><\/div>\n            <\/div>\n\n        <\/div>\n    <\/div>\n<\/div>\n\n\n<div id=\"ra-69f237a56cc95\" class=\"related_articles-outer-container\">\n    <div class=\"container mx-auto py-12 px-6 md:p-14 xl:px-28 lg:pt-14 lg:pb-28\">\n        <div class=\"flex flex-col text-center gap-8\">\n                        <h2 class=\"h2\">Artyku\u0142y<\/h2>\n                    <\/div>\n                <div class=\"mt-14 flex flex-col gap-14 items-center\">\n            <div class=\"flex flex-col gap-8 flex-wrap md:flex-row\">\n                        <div class=\"w-full md:w-[calc(50%-21.999px)] lg:w-[calc(33.33%-21.999px)]\">\n                <div class=\"w-full flex flex-col gap-[15px]\">\n                        <a class=\"block w-full \" href=\"https:\/\/www.motty.no\/pl\/artikler\/finanse-prywatne\/oprocentowanie-kredytu-hipotecznego-w-norwegii-2023\"><img decoding=\"async\" class=\"overflow-hidden w-full h-full block object-cover rounded-lg border-b-[9px] border-fjellvann-green\" src=\"https:\/\/www.motty.no\/wp-content\/uploads\/2024\/09\/Motty-Blog-Miniaturka-21.06.2023.png\"><\/a>                    <div class=\"flex flex-col gap-3 relative\">\n                        <a class=\"block absolute top-0 left-0 w-full h-full\" href=\"https:\/\/www.motty.no\/pl\/artikler\/finanse-prywatne\/oprocentowanie-kredytu-hipotecznego-w-norwegii-2023\"><\/a>\n                        <h3 class=\"font-recklesssemibold text-[20px] md:text-[24px]\">Zmiany w oprocentowaniu kredyt\u00f3w hipotecznych w Norwegii<\/h3><p>Polacy, kt\u00f3rzy wzi\u0119li\u00a0kredyt hipoteczny w Norwegii, musz\u0105 przygotowa\u0107 si\u0119 na wzrost wysoko\u015bci rat. Jest to zwi\u0105zane&#8230;<\/p>\n                    <\/div>\n                <\/div>\n            <\/div>\n                        <div class=\"w-full md:w-[calc(50%-21.999px)] lg:w-[calc(33.33%-21.999px)]\">\n                <div class=\"w-full flex flex-col gap-[15px]\">\n                        <a class=\"block w-full \" href=\"https:\/\/www.motty.no\/pl\/artikler\/finanse-prywatne\/odliczenie-odsetek-od-kredytow-w-norwegii\"><img decoding=\"async\" class=\"overflow-hidden w-full h-full block object-cover rounded-lg border-b-[9px] border-fjellvann-green\" src=\"https:\/\/www.motty.no\/wp-content\/uploads\/2024\/09\/Motty-Ulga-Podatkowa.png\"><\/a>                    <div class=\"flex flex-col gap-3 relative\">\n                        <a class=\"block absolute top-0 left-0 w-full h-full\" href=\"https:\/\/www.motty.no\/pl\/artikler\/finanse-prywatne\/odliczenie-odsetek-od-kredytow-w-norwegii\"><\/a>\n                        <h3 class=\"font-recklesssemibold text-[20px] md:text-[24px]\">Odliczenie odsetek od kredyt\u00f3w w Norwegii<\/h3><p>Uzyskujesz dochody w Norwegii? Zatem masz prawo do odliczenia w swoim zeznaniu podatkowym koszt\u00f3w kredyt\u00f3w, kt\u00f3re&#8230;<\/p>\n                    <\/div>\n                <\/div>\n            <\/div>\n                        <div class=\"w-full md:w-[calc(50%-21.999px)] lg:w-[calc(33.33%-21.999px)]\">\n                <div class=\"w-full flex flex-col gap-[15px]\">\n                        <a class=\"block w-full \" href=\"https:\/\/www.motty.no\/pl\/artikler\/finanse-prywatne\/nadplata-kredytu-w-norwegii\"><img decoding=\"async\" class=\"overflow-hidden w-full h-full block object-cover rounded-lg border-b-[9px] border-fjellvann-green\" src=\"https:\/\/www.motty.no\/wp-content\/uploads\/2024\/09\/Motty-Blog-Miniaturka-Jul-10.png\"><\/a>                    <div class=\"flex flex-col gap-3 relative\">\n                        <a class=\"block absolute top-0 left-0 w-full h-full\" href=\"https:\/\/www.motty.no\/pl\/artikler\/finanse-prywatne\/nadplata-kredytu-w-norwegii\"><\/a>\n                        <h3 class=\"font-recklesssemibold text-[20px] md:text-[24px]\">Nadp\u0142ata kredytu w Norwegii<\/h3><p>Masz nadwy\u017ck\u0119 finansow\u0105 i chcesz j\u0105 przeznaczy\u0107 na nadp\u0142at\u0119 kredytu? W Norwegii to bardzo popularne rozwi\u0105zanie&#8230;<\/p>\n                    <\/div>\n                <\/div>\n            <\/div>\n                        <\/div>\n            <a id=\"\" href=\"https:\/\/www.motty.no\/pl\/artykuly\" class=\"text-nowrap flex items-center justify-center transition-all ease-in duration-300 rounded font-generalsansmedium text-center text-fjellvann-white bg-fjellvann-green hover:bg-fjellvann-light-green py-[18px] px-6 w-fit\">Czytaj wi\u0119cej<\/a>        <\/div>\n            <\/div>\n<\/div>\n","protected":false},"excerpt":{"rendered":"","protected":false},"author":18,"featured_media":0,"parent":4145,"menu_order":0,"comment_status":"closed","ping_status":"closed","template":"","meta":{"_acf_changed":false,"footnotes":""},"class_list":["post-4147","page","type-page","status-publish","hentry"],"acf":[],"_links":{"self":[{"href":"https:\/\/www.motty.no\/pl\/wp-json\/wp\/v2\/pages\/4147","targetHints":{"allow":["GET"]}}],"collection":[{"href":"https:\/\/www.motty.no\/pl\/wp-json\/wp\/v2\/pages"}],"about":[{"href":"https:\/\/www.motty.no\/pl\/wp-json\/wp\/v2\/types\/page"}],"author":[{"embeddable":true,"href":"https:\/\/www.motty.no\/pl\/wp-json\/wp\/v2\/users\/18"}],"replies":[{"embeddable":true,"href":"https:\/\/www.motty.no\/pl\/wp-json\/wp\/v2\/comments?post=4147"}],"version-history":[{"count":5,"href":"https:\/\/www.motty.no\/pl\/wp-json\/wp\/v2\/pages\/4147\/revisions"}],"predecessor-version":[{"id":6485,"href":"https:\/\/www.motty.no\/pl\/wp-json\/wp\/v2\/pages\/4147\/revisions\/6485"}],"up":[{"embeddable":true,"href":"https:\/\/www.motty.no\/pl\/wp-json\/wp\/v2\/pages\/4145"}],"wp:attachment":[{"href":"https:\/\/www.motty.no\/pl\/wp-json\/wp\/v2\/media?parent=4147"}],"curies":[{"name":"wp","href":"https:\/\/api.w.org\/{rel}","templated":true}]}}