{"id":2472,"date":"2024-02-24T15:29:00","date_gmt":"2024-02-24T15:29:00","guid":{"rendered":"https:\/\/www.motty.no\/o-motty\/"},"modified":"2025-05-08T11:08:08","modified_gmt":"2025-05-08T11:08:08","slug":"o-motty","status":"publish","type":"page","link":"https:\/\/www.motty.no\/pl\/o-motty","title":{"rendered":"O Motty"},"content":{"rendered":"<div id=\"6a04c2f9a6b2a\" class=\"bg-fjellvann-medium-beige banner__contents-text-outer-container overflow-hidden\">\n    <div class=\"container mx-auto py-10 px-6 md:p-14 lg:py-28 xl:p-28\">\n        <div class=\"flex flex-col gap-6 md:flex-row md:items-center md:gap-8\">\n                        <div class=\"w-full md:w-[calc(50%-16px)]\">\n            <h1 class=\"text-[32px] m-0 md:text-left lg:text-[60px] md:text-[50px]\">O nas<\/h1><p class=\"mt-4 text-[20px] md:mt-8 md:text-[24px]\">Pomagamy w uzyskaniu \u015brodk\u00f3w na realizacj\u0119 Twoich plan\u00f3w w prosty i bezpieczny spos\u00f3b.<\/p>            <\/div>\n                        <div class=\"w-full md:w-[calc(50%-16px)]\">\n                <div class=\"flex flex-col gap-4\">\n                                        <div class=\"flex gap-4 items-center\">\n                        <svg xmlns=\"http:\/\/www.w3.org\/2000\/svg\" width=\"32\" height=\"32\" viewBox=\"0 0 32 32\" fill=\"none\">\n                        <circle cx=\"16\" cy=\"16\" r=\"16\" fill=\"#2264DC\"\/>\n                        <path d=\"M9.21094 16.2408L13.5746 20.6045L22.5443 11.6348\" stroke=\"white\" stroke-width=\"1.5\"\/>\n                        <\/svg>\n                        <p class=\"w-[calc(100%-24px)] md:text-[20px]\">Jeste\u015bmy zaanga\u017cowani w udzielanie kredyt\u00f3w got\u00f3wkowych i refinansowych od 1985 roku.<\/p>\n                    <\/div>\n                                        <div class=\"flex gap-4 items-center\">\n                        <svg xmlns=\"http:\/\/www.w3.org\/2000\/svg\" width=\"32\" height=\"32\" viewBox=\"0 0 32 32\" fill=\"none\">\n                        <circle cx=\"16\" cy=\"16\" r=\"16\" fill=\"#2264DC\"\/>\n                        <path d=\"M9.21094 16.2408L13.5746 20.6045L22.5443 11.6348\" stroke=\"white\" stroke-width=\"1.5\"\/>\n                        <\/svg>\n                        <p class=\"w-[calc(100%-24px)] md:text-[20px]\">Znajdziemy dla Ciebie najlepsz\u0105 ofert\u0119 i przeprowadzimy Ci\u0119 przez ca\u0142y proces kredytowy.<\/p>\n                    <\/div>\n                                        <div class=\"flex gap-4 items-center\">\n                        <svg xmlns=\"http:\/\/www.w3.org\/2000\/svg\" width=\"32\" height=\"32\" viewBox=\"0 0 32 32\" fill=\"none\">\n                        <circle cx=\"16\" cy=\"16\" r=\"16\" fill=\"#2264DC\"\/>\n                        <path d=\"M9.21094 16.2408L13.5746 20.6045L22.5443 11.6348\" stroke=\"white\" stroke-width=\"1.5\"\/>\n                        <\/svg>\n                        <p class=\"w-[calc(100%-24px)] md:text-[20px]\">Stanowimy jedn\u0105 z najwi\u0119kszych firm w kraju zajmuj\u0105c\u0105 si\u0119 po\u015brednictwem kredytowym. Mamy siedziby w wielu krajach, a nasze norweskie biuro znajduje si\u0119 w centrum Fredrikstad.<\/p>\n                    <\/div>\n                                    <\/div>\n            <\/div>\n                    <\/div>\n    <\/div>\n<\/div>\n\n<div id=\"6a04c2f9a7d05\" class=\"feature_content-outer-container overflow-hidden\">\n    <div class=\"container mx-auto py-10 px-6 md:p-14 xl:p-28\">\n        <div class=\"flex flex-col gap-6 md:flex-row md:items-center md:gap-[40px] lg:gap-[80px]\">\n                            <div class=\"w-full md:w-[calc(50%-20px)] lg:w-[calc(47%-40px)] order-2 md:order-1\">\n                    <div class=\"flex flex-col gap-6 md:gap-8\">\n                        <h2 class=\"h2\">Zadowolenie klient\u00f3w jest dla nas najwa\u017cniejsze!<\/h2>                        <div class=\"feature__content-subtitle-contents flex flex-col gap-6\">\n                            <h3 class=\"h4 font-recklessregular\">Jeste\u015bmy gronem profesjonalist\u00f3w o wieloletnim do\u015bwiadczeniu, kt\u00f3rzy przy pomocy technologii (Fintech) i bliskiej wsp\u00f3\u0142pracy z wiod\u0105cymi norweskimi bankami, pozyskuj\u0105 najlepsze oferty kredytu na to, na co akurat potrzebujesz pieni\u0119dzy.<\/h3><div class=\"feature__content-text space-y-6\"><p>Motty to agenci finansowi, kt\u00f3rzy od 1985 roku po\u015brednicz\u0105 w udzielaniu kredyt\u00f3w i refinansowaniu osobom prywatnym. Jeste\u015bmy najstarszym brokerem kredyt\u00f3w konsumenckich w Norwegii. K\u0142adziemy nacisk na profesjonalizm i budowanie trwa\u0142ych relacji, maj\u0105c zawsze ten sam cel &#8211; zadowolonych klient\u00f3w.<\/p>\n<\/div>                        <\/div>\n                                            <\/div>\n                <\/div>\n                                        <div class=\"w-full md:w-[calc(50%-20px)] lg:w-[calc(53%-40px)] order-1  md:order-2\">\n                                    <img decoding=\"async\" src=\"https:\/\/www.motty.no\/wp-content\/uploads\/2024\/03\/about-image-1.webp\" alt=\"\" \/>\n                                <\/div>\n                    <\/div>\n    <\/div>\n<\/div>\n\n<div id=\"6a04c2f9ab3c4\" class=\"feature_content-outer-container overflow-hidden\">\n    <div class=\"container mx-auto py-10 px-6 md:p-14 xl:p-28\">\n        <div class=\"flex flex-col gap-6 md:flex-row md:items-center md:gap-[40px] lg:gap-[80px]\">\n                            <div class=\"w-full md:w-[calc(50%-20px)] lg:w-[calc(47%-40px)] order-2  md:order-2\">\n                    <div class=\"flex flex-col gap-6 md:gap-8\">\n                        <h2 class=\"h2\">Czym sie zajmujemy<\/h2>                        <div class=\"feature__content-subtitle-contents flex flex-col gap-6\">\n                            <h3 class=\"h4 font-recklessregular\">Ubieganie si\u0119 o kredyt za naszym po\u015brednictwem jest mniej wi\u0119cej tym samym, czym sporz\u0105dzenie wniosku w siedzibie banku. W chaosie bank\u00f3w, kredyt\u00f3w, typ\u00f3w oprocentowania i warunk\u00f3w kredytowych mo\u017cesz zaoszcz\u0119dzi\u0107 czas i si\u0142y, je\u015bli pozwolisz nam podj\u0105\u0107 si\u0119 tego wyzwania za Ciebie.<\/h3><div class=\"feature__content-text space-y-6\"><p><span class=\"\">Mamy bogate do\u015bwiadczenie. Codziennie pomagamy naszym klientom uzyska\u0107 kredyt konsumencki, refinansowanie czy kart\u0119 kredytow\u0105.<\/span><\/p>\n<p><span class=\"\">Wnioskujemy o kredyt w Twoim imieniu, a banki konkuruj\u0105 o zapewnienie Ci najlepszych warunk\u00f3w kredytowych. Oferty s\u0105 zr\u00f3\u017cnicowane, ale r\u00f3wnie\u017c ca\u0142kowicie niezobowi\u0105zuj\u0105ce. To Ty wybierasz kredyt, kt\u00f3ry najbardziej Ci odpowiada. <\/span><\/p>\n<p><span class=\"\">Jako agent finansowy otrzymujemy od bank\u00f3w prowizj\u0119 od um\u00f3w kredytowych zawieranych za naszym po\u015brednictwem.\u00a0 <\/span><span class=\"\">Pomagamy Ci w trakcie ca\u0142ego procesu. Nie zobowi\u0105zujesz si\u0119 do niczego, a wszystko, co dla Ciebie robimy jest bezp\u0142atne!<\/span><\/p>\n<\/div>                        <\/div>\n                                            <\/div>\n                <\/div>\n                                        <div class=\"w-full md:w-[calc(50%-20px)] lg:w-[calc(53%-40px)] order-1  md:order-1\">\n                                    <img decoding=\"async\" src=\"https:\/\/www.motty.no\/wp-content\/uploads\/2024\/03\/about-image-2.webp\" alt=\"\" \/>\n                                <\/div>\n                    <\/div>\n    <\/div>\n<\/div>\n\n<div id=\"6a04c2f9ac307\" class=\"feature_content-outer-container overflow-hidden\">\n    <div class=\"container mx-auto py-10 px-6 md:p-14 xl:p-28\">\n        <div class=\"flex flex-col gap-6 md:flex-row md:items-center md:gap-[40px] lg:gap-[80px]\">\n                            <div class=\"w-full md:w-[calc(50%-20px)] lg:w-[calc(47%-40px)] order-2 md:order-1\">\n                    <div class=\"flex flex-col gap-6 md:gap-8\">\n                        <h2 class=\"h2\">Doradztwo i pomoc finansowa<\/h2>                        <div class=\"feature__content-subtitle-contents flex flex-col gap-6\">\n                            <h3 class=\"h4 font-recklessregular\">W ramach naszych us\u0142ug zapewniamy r\u00f3wnie\u017c bezp\u0142atn\u0105 indywidualn\u0105 obs\u0142ug\u0119 klienta. Je\u015bli potrzebujesz pomocy przy sk\u0142adaniu wniosku o kredyt lub masz pytania dotycz\u0105ce warunk\u00f3w kredyt\u00f3w i ofert bank\u00f3w, zawsze mo\u017cesz si\u0119 z nami skonsultowa\u0107.<\/h3><div class=\"feature__content-text space-y-6\"><p>Wiemy, \u017ce finanse osobiste czasem mog\u0105 by\u0107 bolesnym tematem do rozm\u00f3w. W Motty chcemy pom\u00f3c Ci odzyska\u0107 kontrol\u0119 nad finansami.<br \/>\nPorozmawiaj z nami. Nasi wykwalifikowani doradcy kredytowi udzielaj\u0105 cennych porad i wskaz\u00f3wek w oparciu o wieloletnie do\u015bwiadczenie.<\/p>\n<\/div>                        <\/div>\n                                            <\/div>\n                <\/div>\n                                        <div class=\"w-full md:w-[calc(50%-20px)] lg:w-[calc(53%-40px)] order-1  md:order-2\">\n                                    <img decoding=\"async\" src=\"https:\/\/www.motty.no\/wp-content\/uploads\/2024\/03\/about-image-3.webp\" alt=\"\" \/>\n                                <\/div>\n                    <\/div>\n    <\/div>\n<\/div>","protected":false},"excerpt":{"rendered":"","protected":false},"author":18,"featured_media":0,"parent":0,"menu_order":0,"comment_status":"closed","ping_status":"closed","template":"","meta":{"_acf_changed":false,"footnotes":""},"class_list":["post-2472","page","type-page","status-publish","hentry"],"acf":[],"_links":{"self":[{"href":"https:\/\/www.motty.no\/pl\/wp-json\/wp\/v2\/pages\/2472","targetHints":{"allow":["GET"]}}],"collection":[{"href":"https:\/\/www.motty.no\/pl\/wp-json\/wp\/v2\/pages"}],"about":[{"href":"https:\/\/www.motty.no\/pl\/wp-json\/wp\/v2\/types\/page"}],"author":[{"embeddable":true,"href":"https:\/\/www.motty.no\/pl\/wp-json\/wp\/v2\/users\/18"}],"replies":[{"embeddable":true,"href":"https:\/\/www.motty.no\/pl\/wp-json\/wp\/v2\/comments?post=2472"}],"version-history":[{"count":3,"href":"https:\/\/www.motty.no\/pl\/wp-json\/wp\/v2\/pages\/2472\/revisions"}],"predecessor-version":[{"id":4128,"href":"https:\/\/www.motty.no\/pl\/wp-json\/wp\/v2\/pages\/2472\/revisions\/4128"}],"wp:attachment":[{"href":"https:\/\/www.motty.no\/pl\/wp-json\/wp\/v2\/media?parent=2472"}],"curies":[{"name":"wp","href":"https:\/\/api.w.org\/{rel}","templated":true}]}}