{"id":3944,"date":"2024-09-12T13:26:24","date_gmt":"2024-09-12T13:26:24","guid":{"rendered":"https:\/\/www.motty.no\/busto-paskola"},"modified":"2025-08-28T11:54:22","modified_gmt":"2025-08-28T11:54:22","slug":"busto-paskola","status":"publish","type":"page","link":"https:\/\/www.motty.no\/lt\/busto-paskola","title":{"rendered":"B\u016bsto paskolos skai\u010diuokl\u0117"},"content":{"rendered":"<div id=\"69f2dc90bd4fe\" class=\"feature_content-outer-container overflow-hidden relative\">\n<svg class=\"absolute top-0 left-0 hidden md:block\" xmlns=\"http:\/\/www.w3.org\/2000\/svg\" width=\"593\" height=\"615\" viewBox=\"0 0 593 615\" fill=\"none\">\n<path d=\"M203.964 63.4865L203.959 63.4906L203.267 64.141L203.254 64.1539L203.24 64.1671L186.798 80.5602L107.378 159.743L-101.005 367.504V232.603C-101.005 168.792 -49.7295 116.031 14.2431 115.66C38.0374 115.524 60.205 122.563 78.6877 134.751L79.5544 135.322L80.2896 134.589L160.164 54.9526L161.167 53.9531L160.068 53.0604C119.156 19.8147 68.44 1.72514 14.9375 1.72514C-37.6024 1.72514 -87.464 19.1609 -127.994 51.2815V3V1.72514H-129.269H-214H-215.275V3V231.243V234.718V591.884C-215.275 610.597 -192.601 619.941 -179.346 606.725L-152.741 580.203L-153.641 579.3L-152.741 580.203L-130.556 558.079L240.533 188.103L282.602 146.16C303.926 126.593 331.576 115.777 360.607 115.66C424.608 115.397 477.014 168.797 477.014 232.652V601.856C477.014 607.999 482.019 612.981 488.173 612.981H580.123C586.285 612.981 591.282 607.999 591.282 601.856V231.243C591.282 169.937 567.342 112.302 523.858 68.9484C480.383 25.6044 422.566 1.72514 361.085 1.72514C299.602 1.72514 246.73 23.6663 203.964 63.4865ZM130.872 580.582H132.147H243.873H245.147V579.307V238.743V235.671L242.972 237.84L131.247 349.229L130.872 349.602V350.131V579.307V580.582Z\" stroke=\"#00074A\" stroke-opacity=\"0.12\" stroke-width=\"2.54971\"\/>\n<\/svg>\n    <div class=\"container mx-auto py-10 px-6 md:p-14 lg:py-28 xl:px-28 relative z-[5]\">\n        <h2 class=\"h2 text-center\">B\u016bsto paskolos skai\u010diuokl\u0117<\/h2>        <p class=\"text-center mt-6 text-lg text-fjellvann-dark-blue max-w-[900px] mx-auto\">\u012eveskite norim\u0105 pasiskolinti sum\u0105, gr\u0105\u017einimo laikotarp\u012f bei pal\u016bkan\u0173 norm\u0105 ir su\u017einokite, koki\u0105 m\u0117nesin\u0119 \u012fmok\u0105 tur\u0117site mok\u0117ti. Taip pat galite patikrinti numatom\u0105 paskolos gr\u0105\u017einimo plan\u0105. <\/p>        <div data-product=\"Mortgage\" data-locale=\"lt\" data-type=\"loan cost\" class=\"mt-8 bg-fjellvann-medium-beige p-12 rounded-lg max-w-fit mx-auto\" id=\"loan-calculator\"><\/div>\n    <\/div>\n<\/div>\n\n\n<div id=\"rt-69f2dc90be88b\" class=\"richtext_outer-container overflow-hidden\">\n    <div class=\"py-[60px] px-6 md:px-14 lg:py-20 xl:px-28\">\n        <div class=\"content_medium mx-auto flex flex-col gap-6 md:gap-10\">\n                        <div class=\"richtext__outer-header gap-8 flex flex-col content-left\">\n            <h2 class=\"h2\">Su\u017einokite paskolos kain\u0105<\/h2><p class=\"md:text-[20px] lg:text-[24px]\">Norite su\u017einoti koki\u0105 sum\u0105 galite pasiskolinti savo svajoni\u0173 b\u016bstui \u012fsigyti? Naudodamiesi Motty b\u016bsto paskolos skai\u010diuokle, galite lengvai ir greitai apskai\u010diuoti paskolos kain\u0105!  <\/p>            <\/div>\n                        <div class=\"richtext__contents content-rte spacing_content-large\">\n                <h1>B\u016bsto paskolos skai\u010diuokl\u0117<\/h1>\n<p><span class=\"\">Naudodamiesi b\u016bsto paskolos skai\u010diuokle galite su\u017einoti paskolos sum\u0105 bei numatom\u0105 m\u0117nesin\u0119 \u012fmok\u0105. Paprastai, nor\u0117dami pirkti b\u016bst\u0105, turite tur\u0117ti bent 15 proc. pradin\u012f \u012fna\u0161\u0105, o skolinimosi suma negali vir\u0161yti J\u016bs\u0173 pajam\u0173 daugiau nei penkis kartus. <\/span><\/p>\n<p><span class=\"\">Norite refinansuoti turim\u0105 nekilnojam\u0105j\u012f turt\u0105? <\/span><a href=\"https:\/\/www.motty.no\/refinansiering\/boliglan\">Su\u017einokite daugiau apie b\u016bsto paskolos refinansavim\u0105<\/a> Mes, Motty, norime pad\u0117ti Jums \u012fsigyti svajoni\u0173 b\u016bst\u0105. Si\u016blome palyginti paskol\u0173 pasi\u016blymus 20 bank\u0173, kad gal\u0117tum\u0117te i\u0161sirinkti Jums tinkamiausi\u0105 paskol\u0105. Mielai pad\u0117sime Jums gauti finansin\u0119 pagalb\u0105 telefonu arba el. pa\u0161tu. <a href=\"https:\/\/www.motty.no\/lt\/susisiekite-su\">Jei turite klausim\u0173 apie paskolas, susisiekite su mumis \u010dia.<\/a><\/p>\n<h2>Kaip naudotis b\u016bsto paskolos skai\u010diuokle<\/h2>\n<p>Naudodamiesi b\u016bsto paskolos skai\u010diuokle su\u017einosite, ar galite sau leisti \u012fsigyti svajoni\u0173 namus. \u012eveskite norim\u0105 paskolos sum\u0105, turim\u0105 pradin\u012f \u012fna\u0161\u0105 ir gr\u0105\u017einimo laikotarp\u012f, o mes apskai\u010diuosime numatomas i\u0161laidas ir m\u0117nesin\u0117s \u012fmokos dyd\u012f. Naudodamiesi skai\u010diuokle lengvai ir greitai su\u017einosite kiek galite pasiskolinti, galimas pal\u016bkan\u0173 normas ir bendr\u0105 paskolos kain\u0105.<\/p>\n<h2>Kiek man kainuos b\u016bsto paskola?<\/h2>\n<p>B\u016bsto paskolos kaina priklauso nuo turimo pradinio \u012fna\u0161o, norimos pasiskolinti sumos, gr\u0105\u017einimo laikotarpio, pal\u016bkan\u0173 normos ir nuo to, koki\u0105 paskol\u0105 pasi\u016blys bankas. Pal\u016bkan\u0173 norma kiekvienam klientui yra taikoma individualiai, priklausomai nuo asmens finansin\u0117s situacijos bei banko taikom\u0173 kriterij\u0173.<\/p>\n<h2>Kiek galiu pasiskolinti?<\/h2>\n<p>B\u016bsto paskolos skai\u010diuokl\u0117 parodo, kiek galite pasiskolinti ir kiek paskola kainuos. Faktin\u0117s i\u0161laidos priklausys nuo J\u016bs\u0173 mok\u0117jimo galimybi\u0173 ir konkretaus banko reikalaujamo pradinio \u012fna\u0161o, tod\u0117l gali \u0161iek tiek skirtis nuo skai\u010diuokl\u0117s rezultat\u0173. Daugiau apie tai, koki\u0105 b\u016bsto paskol\u0105 galite gauti, skaitykite straipsnyje <span class=\"\">Straipsnis &#8211; <\/span><a href=\"https:\/\/www.motty.no\/artikler\/lan\/hvor-mye-kan-jeg-lane-til-bolig\">Kiek galiu pasiskolinti b\u016bstui?<\/a><\/p>\n            <\/div>\n                    <\/div>\n    <\/div>\n<\/div>\n\n\n<div id=\"cta-69f2dc90c4458\" class=\"calltoaction-outer-container overflow-hidden generalcta\">\n    <div class=\"container mx-auto py-12 px-6 md:p-14 xl:px-28\">\n        <div class=\"rounded-lg bg-fjellvann-medium-beige py-14 px-5 md:px-[50px] lg:px-[100px]\">\n            <div class=\"flex flex-col-reverse gap-10 md:gap-[57px] md:flex-row md:items-center\">\n                <div class=\"w-full md:w-[calc(50%-28.5px)] lg:w-[calc(592px)]\">\n                                            <div class=\"flex flex-col gap-6 text-center md:text-left\">\n                            <h2 class=\"h2 max-w-[592px]\">Reikalinga pagalba?<\/h2><div class=\"text-[18px] md:text-[24px] content-rte font-recklessregular\"><p>Motty mielai pad\u0117sime ir patarsime visais klausimais!<\/p>\n<\/div>                        <\/div>\n                                                                <div class=\"mt-10\">\n                            <a id=\"\" href=\"\/kontakt\" class=\"text-nowrap flex items-center justify-center transition-all ease-in duration-300 rounded font-generalsansmedium text-center text-fjellvann-white bg-fjellvann-green hover:bg-fjellvann-light-green py-[18px] px-6 w-fit\">Susisiekite su mumis \u010dia<\/a>                        <\/div>\n                                    <\/div>\n                <div class=\"w-full md:w-[calc(50%-28.5px)] lg:w-[calc(100%-620.5px)]\">\n                    <img decoding=\"async\" class=\"w-[174px] h-auto mx-auto md:m-0 md:w-full md:h-full object-cover\" src=\"https:\/\/www.motty.no\/wp-content\/uploads\/2024\/03\/faq_prefooter.svg\" alt=\"faq_prefooter\" \/>                <\/div>\n            <\/div>\n        <\/div>\n    <\/div>\n<\/div>\n\n<div id=\"slb-69f2dc90c5d68\" class=\"services__link-block-outer-container\">\n    <div class=\"max-w-[1080px] mx-auto py-6 px-0 md:px-14 md:py-16 xl:px-28 \">\n        <div class=\"hidden md:flex md:flex-wrap md:gap-8 md:items-center md:justify-center\">\n                        <a class=\"flex items-center justify-between gap-[10px] py-[14px] px-[18px] rounded border border-fjellvann-medium-blue bg-fjellvann-medium-beige hover:bg-fjellvann-light-beige transition-colors\" href=\"https:\/\/www.motty.no\/lt\/paskola\/paskolos-be-uzstato\">\n            <img decoding=\"async\" class=\"w-5 h-auto block\" src=\"https:\/\/www.motty.no\/wp-content\/uploads\/2024\/03\/Lan-uten-sikkerhet.svg\" alt=\"\"\/><span>Pigi paskola be u\u017estato<\/span>            <\/a>\n                        <a class=\"flex items-center justify-between gap-[10px] py-[14px] px-[18px] rounded border border-fjellvann-medium-blue bg-fjellvann-medium-beige hover:bg-fjellvann-light-beige transition-colors\" href=\"https:\/\/www.motty.no\/lt\/paskola\/paskola-automobiliui\">\n            <img decoding=\"async\" class=\"w-5 h-auto block\" src=\"https:\/\/www.motty.no\/wp-content\/uploads\/2024\/03\/billan.svg\" alt=\"\"\/><span>Paskola automobiliui<\/span>            <\/a>\n                        <a class=\"flex items-center justify-between gap-[10px] py-[14px] px-[18px] rounded border border-fjellvann-medium-blue bg-fjellvann-medium-beige hover:bg-fjellvann-light-beige transition-colors\" href=\"https:\/\/www.motty.no\/lt\/paskola\/paskola-renovacijai\">\n            <img decoding=\"async\" class=\"w-5 h-auto block\" src=\"https:\/\/www.motty.no\/wp-content\/uploads\/2024\/03\/Lan-til-oppussing.svg\" alt=\"\"\/><span>Paskola renovacijai<\/span>            <\/a>\n                        <a class=\"flex items-center justify-between gap-[10px] py-[14px] px-[18px] rounded border border-fjellvann-medium-blue bg-fjellvann-medium-beige hover:bg-fjellvann-light-beige transition-colors\" href=\"https:\/\/www.motty.no\/lan\/spesial-lan\">\n            <img decoding=\"async\" class=\"w-5 h-auto block\" src=\"https:\/\/www.motty.no\/wp-content\/uploads\/2024\/03\/Spesiallan.svg\" alt=\"\"\/><span>Spesiall\u00e5n &#8211; for deg som sliter med \u00e5 f\u00e5 l\u00e5n<\/span>            <\/a>\n                        <a class=\"flex items-center justify-between gap-[10px] py-[14px] px-[18px] rounded border border-fjellvann-medium-blue bg-fjellvann-medium-beige hover:bg-fjellvann-light-beige transition-colors\" href=\"https:\/\/www.motty.no\/lan\/hyttelan-med-sikkerhet-i-bolig\">\n            <img decoding=\"async\" class=\"w-5 h-auto block\" src=\"https:\/\/www.motty.no\/wp-content\/uploads\/2024\/03\/Hyttelan.svg\" alt=\"\"\/><span>Hyttel\u00e5n med sikkerhet i bolig<\/span>            <\/a>\n                    <\/div>\n        <div class=\"block md:hidden\">\n            <div id=\"post3944\" class=\"swiper archive_swiper\" data-swiper=\"post3944\">\n                <div class=\"swiper-wrapper\">\n                                        <div class=\"swiper-slide w-fit\">\n                            <a class=\"flex items-center justify-between gap-[10px] py-[14px] px-[18px] rounded border border-fjellvann-medium-blue bg-fjellvann-medium-beige hover:bg-fjellvann-light-beige transition-colors\" href=\"https:\/\/www.motty.no\/lt\/paskola\/paskolos-be-uzstato\">\n                        <img decoding=\"async\" class=\"w-5 h-auto block\" src=\"https:\/\/www.motty.no\/wp-content\/uploads\/2024\/03\/Lan-uten-sikkerhet.svg\" alt=\"\"\/><span>Pigi paskola be u\u017estato<\/span>                        <\/a>\n                    <\/div>\n\n                                        <div class=\"swiper-slide w-fit\">\n                            <a class=\"flex items-center justify-between gap-[10px] py-[14px] px-[18px] rounded border border-fjellvann-medium-blue bg-fjellvann-medium-beige hover:bg-fjellvann-light-beige transition-colors\" href=\"https:\/\/www.motty.no\/lt\/paskola\/paskola-automobiliui\">\n                        <img decoding=\"async\" class=\"w-5 h-auto block\" src=\"https:\/\/www.motty.no\/wp-content\/uploads\/2024\/03\/billan.svg\" alt=\"\"\/><span>Paskola automobiliui<\/span>                        <\/a>\n                    <\/div>\n\n                                        <div class=\"swiper-slide w-fit\">\n                            <a class=\"flex items-center justify-between gap-[10px] py-[14px] px-[18px] rounded border border-fjellvann-medium-blue bg-fjellvann-medium-beige hover:bg-fjellvann-light-beige transition-colors\" href=\"https:\/\/www.motty.no\/lt\/paskola\/paskola-renovacijai\">\n                        <img decoding=\"async\" class=\"w-5 h-auto block\" src=\"https:\/\/www.motty.no\/wp-content\/uploads\/2024\/03\/Lan-til-oppussing.svg\" alt=\"\"\/><span>Paskola renovacijai<\/span>                        <\/a>\n                    <\/div>\n\n                                        <div class=\"swiper-slide w-fit\">\n                            <a class=\"flex items-center justify-between gap-[10px] py-[14px] px-[18px] rounded border border-fjellvann-medium-blue bg-fjellvann-medium-beige hover:bg-fjellvann-light-beige transition-colors\" href=\"https:\/\/www.motty.no\/lan\/spesial-lan\">\n                        <img decoding=\"async\" class=\"w-5 h-auto block\" src=\"https:\/\/www.motty.no\/wp-content\/uploads\/2024\/03\/Spesiallan.svg\" alt=\"\"\/><span>Spesiall\u00e5n &#8211; for deg som sliter med \u00e5 f\u00e5 l\u00e5n<\/span>                        <\/a>\n                    <\/div>\n\n                                        <div class=\"swiper-slide w-fit\">\n                            <a class=\"flex items-center justify-between gap-[10px] py-[14px] px-[18px] rounded border border-fjellvann-medium-blue bg-fjellvann-medium-beige hover:bg-fjellvann-light-beige transition-colors\" href=\"https:\/\/www.motty.no\/lan\/hyttelan-med-sikkerhet-i-bolig\">\n                        <img decoding=\"async\" class=\"w-5 h-auto block\" src=\"https:\/\/www.motty.no\/wp-content\/uploads\/2024\/03\/Hyttelan.svg\" alt=\"\"\/><span>Hyttel\u00e5n med sikkerhet i bolig<\/span>                        <\/a>\n                    <\/div>\n\n                                    <\/div>\n                <div class=\"sp-pagination-post3944 flex justify-center mt-4\"><\/div>\n            <\/div>\n\n        <\/div>\n    <\/div>\n<\/div>\n\n\n<div id=\"ra-69f2dc90caff3\" class=\"related_articles-outer-container\">\n    <div class=\"container mx-auto py-12 px-6 md:p-14 xl:px-28 lg:pt-14 lg:pb-28\">\n        <div class=\"flex flex-col text-center gap-8\">\n                        <h2 class=\"h2\">Straipsniai apie vartojimo paskolas<\/h2>\n                    <\/div>\n                <div class=\"mt-14 flex flex-col gap-14 items-center\">\n            <div class=\"flex flex-col gap-8 flex-wrap md:flex-row\">\n                        <div class=\"w-full md:w-[calc(50%-21.999px)] lg:w-[calc(33.33%-21.999px)]\">\n                <div class=\"w-full flex flex-col gap-[15px]\">\n                        <a class=\"block w-full h-[186px] sm:h-[210px]\" href=\"https:\/\/www.motty.no\/artikler\/okonomitips\/gjeldsregisteret\"><img decoding=\"async\" class=\"overflow-hidden w-full h-full block object-cover rounded-lg border-b-[9px] border-fjellvann-green\" src=\"https:\/\/www.motty.no\/wp-content\/uploads\/2024\/03\/6Namnlo-st-1-1920w.webp\"><\/a>                    <div class=\"flex flex-col gap-3 relative\">\n                        <a class=\"block absolute top-0 left-0 w-full h-full\" href=\"https:\/\/www.motty.no\/artikler\/okonomitips\/gjeldsregisteret\"><\/a>\n                        <h3 class=\"font-recklesssemibold text-[20px] md:text-[24px]\">Hvor mye har du i gjeld? Slik sjekker du<\/h3><p>Hvor mye har du i gjeld? Slik sjekker du&nbsp; \u00c5 ha oversikt over gjelden din er&#8230;<\/p>\n                    <\/div>\n                <\/div>\n            <\/div>\n                        <div class=\"w-full md:w-[calc(50%-21.999px)] lg:w-[calc(33.33%-21.999px)]\">\n                <div class=\"w-full flex flex-col gap-[15px]\">\n                        <a class=\"block w-full h-[186px] sm:h-[210px]\" href=\"https:\/\/www.motty.no\/artikler\/okonomitips\/forskjell-selveier-andel\"><img decoding=\"async\" class=\"overflow-hidden w-full h-full block object-cover rounded-lg border-b-[9px] border-fjellvann-green\" src=\"https:\/\/www.motty.no\/wp-content\/uploads\/2024\/03\/pexels-photo-129494-1920w.webp\"><\/a>                    <div class=\"flex flex-col gap-3 relative\">\n                        <a class=\"block absolute top-0 left-0 w-full h-full\" href=\"https:\/\/www.motty.no\/artikler\/okonomitips\/forskjell-selveier-andel\"><\/a>\n                        <h3 class=\"font-recklesssemibold text-[20px] md:text-[24px]\">Hva er forskjellen p\u00e5 andel-, aksje- og selveierleilighet?<\/h3><p>Andelsleilighet gir bruksrett gjennom borettslag med fellesgjeld og fellesutgifter, selveierleilighet gir full eiendomsrett uten fellesgjeld, og&#8230;<\/p>\n                    <\/div>\n                <\/div>\n            <\/div>\n                        <div class=\"w-full md:w-[calc(50%-21.999px)] lg:w-[calc(33.33%-21.999px)]\">\n                <div class=\"w-full flex flex-col gap-[15px]\">\n                        <a class=\"block w-full h-[186px] sm:h-[210px]\" href=\"https:\/\/www.motty.no\/artikler\/okonomitips\/forhandle-med-kreditorer\"><img decoding=\"async\" class=\"overflow-hidden w-full h-full block object-cover rounded-lg border-b-[9px] border-fjellvann-green\" src=\"https:\/\/www.motty.no\/wp-content\/uploads\/2024\/03\/pexels-mikhail-nilov-6963847-1920w.webp\"><\/a>                    <div class=\"flex flex-col gap-3 relative\">\n                        <a class=\"block absolute top-0 left-0 w-full h-full\" href=\"https:\/\/www.motty.no\/artikler\/okonomitips\/forhandle-med-kreditorer\"><\/a>\n                        <h3 class=\"font-recklesssemibold text-[20px] md:text-[24px]\">Hvordan forhandle med kreditorer?<\/h3><p>N\u00e5r gjelden kjennes tung og vanskelig, kan det \u00e5 forhandle med kreditoren v\u00e6re en l\u00f8sning. Vi&#8230;<\/p>\n                    <\/div>\n                <\/div>\n            <\/div>\n                        <\/div>\n            <a id=\"\" href=\"https:\/\/www.motty.no\/lt\/straipsniai\" class=\"text-nowrap flex items-center justify-center transition-all ease-in duration-300 rounded font-generalsansmedium text-center text-fjellvann-white bg-fjellvann-green hover:bg-fjellvann-light-green py-[18px] px-6 w-fit\">Rodyti daugiau straipsni\u0173<\/a>        <\/div>\n            <\/div>\n<\/div>\n\n\n\n<p><\/p>\n","protected":false},"excerpt":{"rendered":"","protected":false},"author":18,"featured_media":0,"parent":0,"menu_order":0,"comment_status":"closed","ping_status":"closed","template":"","meta":{"_acf_changed":false,"footnotes":""},"class_list":["post-3944","page","type-page","status-publish","hentry"],"acf":[],"_links":{"self":[{"href":"https:\/\/www.motty.no\/lt\/wp-json\/wp\/v2\/pages\/3944","targetHints":{"allow":["GET"]}}],"collection":[{"href":"https:\/\/www.motty.no\/lt\/wp-json\/wp\/v2\/pages"}],"about":[{"href":"https:\/\/www.motty.no\/lt\/wp-json\/wp\/v2\/types\/page"}],"author":[{"embeddable":true,"href":"https:\/\/www.motty.no\/lt\/wp-json\/wp\/v2\/users\/18"}],"replies":[{"embeddable":true,"href":"https:\/\/www.motty.no\/lt\/wp-json\/wp\/v2\/comments?post=3944"}],"version-history":[{"count":5,"href":"https:\/\/www.motty.no\/lt\/wp-json\/wp\/v2\/pages\/3944\/revisions"}],"predecessor-version":[{"id":6915,"href":"https:\/\/www.motty.no\/lt\/wp-json\/wp\/v2\/pages\/3944\/revisions\/6915"}],"wp:attachment":[{"href":"https:\/\/www.motty.no\/lt\/wp-json\/wp\/v2\/media?parent=3944"}],"curies":[{"name":"wp","href":"https:\/\/api.w.org\/{rel}","templated":true}]}}