{"id":3938,"date":"2024-09-18T21:17:41","date_gmt":"2024-09-18T21:17:41","guid":{"rendered":"https:\/\/www.motty.no\/atsakingas-skolintojas"},"modified":"2024-09-29T17:11:53","modified_gmt":"2024-09-29T17:11:53","slug":"atsakingas-skolintojas","status":"publish","type":"page","link":"https:\/\/www.motty.no\/lt\/atsakingas-skolintojas","title":{"rendered":"Atsakingas skolintojas"},"content":{"rendered":"<div id=\"69f20c7957195\" class=\"page__banner-outer-container relative\">\n    <div class=\"container mx-auto py-10 px-6 md:px-14 md:py-14 xl:px-28\">\n                <div class=\"max-w-full lg:max-w-[862px] flex flex-col gap-6 lg:gap-8\">\n            <h1 class=\"h1 lg:max-w-[543px]\">Atsakingas skolintojas<\/h1><div class=\"page__banner-contents-rte content-rte lg:text-[24px]\"><p>Kreditai bei paskolos be u\u017estato &#8211; tai paskolos, kurias imdami neprivalote \u012fkeisti turimo turto, pavyzd\u017eiui, namo ar automobilio. Tokios paskolos u\u017ekrauna papildom\u0105 atsakomyb\u0119 ir skolintojui, ir skolininkui, kadangi j\u0173 rizika &#8211; \u017eymiai didesn\u0117. <\/p>\n<\/div>        <\/div>\n            <\/div>\n    <svg class=\"hidden absolute top-0 right-0 lg:block\" width=\"467\" height=\"719\" viewBox=\"0 0 467 719\" fill=\"none\" xmlns=\"http:\/\/www.w3.org\/2000\/svg\">\n    <path d=\"M492.327 74.0103L492.323 74.0144L491.513 74.7762L491.499 74.7891L491.486 74.8024L472.243 94.0042L379.29 186.754L135.031 430.481V271.943C135.031 197.08 195.138 135.179 270.132 134.745C298.024 134.585 324.011 142.843 345.677 157.142L346.545 157.714L347.28 156.98L440.764 63.6989L441.766 62.6999L440.668 61.8074C392.825 22.8971 333.515 1.72514 270.946 1.72514C209.35 1.72514 150.904 22.2331 103.443 60.0049V3V1.72514H102.168H3H1.72514V3V270.349V274.419V692.781C1.72514 714.503 28.0263 725.356 43.4053 710.01L74.5434 678.944L73.6429 678.042L74.5435 678.944L100.509 653.03L534.827 219.663L584.067 170.53C609.064 147.573 641.48 134.882 675.512 134.745C750.54 134.436 811.972 197.085 811.972 272V704.462C811.972 711.536 817.731 717.275 824.815 717.275H932.432C939.526 717.275 945.275 711.535 945.275 704.462V270.349C945.275 198.598 917.279 131.144 866.427 80.4028C815.585 29.6732 747.973 1.72514 676.072 1.72514C604.169 1.72514 542.342 27.4039 492.327 74.0103ZM406.851 679.325H408.126H538.889H540.164V678.05V279.134V276.061L537.988 278.232L407.226 408.705L406.851 409.079V409.608V678.05V679.325Z\" stroke=\"#2264DC\" stroke-opacity=\"0.12\" stroke-width=\"2.54971\"\/>\n    <\/svg>\n<\/div><div id=\"69f20c7957a6b\" class=\"flexible__content-outer-container\">\n    <div class=\"container mx-auto md:px-14 md:py-14 xl:px-28\">\n        <div class=\"flex flex-col md:flex-row gap-10 xl:gap-20 items-start\">\n                                                    <div class=\"flexible__contents-inner-container px-6 md:px-0 md:w-[calc(60%-20px)] md:order-1 xl:w-[65ch] mx-auto\">\n                    <div class=\"flexible__contents-inner-items flex flex-col gap-12 md:gap-14 lg:gap-20\">\n                                                            <div class=\"flexible__contents-rte content-rte richtext__contents\">\n                                        <p>Jei turite paskol\u0105 su u\u017estatu (b\u016bstu ar automobiliu) galite parduoti turt\u0105 jei d\u0117l netik\u0117t\u0173 finansini\u0173 problem\u0173 turite gr\u0105\u017einti paskol\u0105. \u0160iuo atveju rizika yra susijusi su J\u016bs\u0173 b\u016bsto ar automobilio vert\u0117s svyravimu. Ta\u010diau turint paskol\u0105 be u\u017estato ar kredit\u0105, reikia gr\u0105\u017einti piln\u0105 sum\u0105, o tai gali b\u016bti nemenkas i\u0161\u0161\u016bkis.   <\/p>\n<h2> M\u016bs\u0173 atsakomyb\u0117<\/h2>\n<p> M\u016bs\u0173 atsakomyb\u0117 &#8211; grie\u017etas individuali\u0173 rizikos faktori\u0173 \u012fvertinimas. Remdamiesi parai\u0161koje pateiktais duomenimis, analizuojame J\u016bs\u0173 finansin\u0119 pad\u0117t\u012f, paskolos dyd\u012f ir m\u0117nesines i\u0161laidas tam, kad \u012fsitikintume, jog paj\u0117gsite paskol\u0105 gr\u0105\u017einti. Viena i\u0161 prie\u017eas\u010di\u0173, d\u0117l kuri\u0173 atmetame paskol\u0173 parai\u0161kas, yra kreditingumo vertinimas. Paprastai atmetame parai\u0161kas, kurios neatitinka vieno ar keli\u0173 bank\u0173 reikalavim\u0173 arba jei informacija rodo, kad paskola yra pernelyg rizikinga J\u016bs\u0173 finansams. Taip pat neteikiame paskol\u0173, kurios b\u016bt\u0173 naudojamos pradiniam \u012fna\u0161ui, imant b\u016bsto paskol\u0105.     <\/p>\n<h2> J\u016bs\u0173 atsakomyb\u0117<\/h2>\n<p> Paskolos gav\u0117jas taip pat prisiima atsakomyb\u0119. Privalote \u012fvertinti savo galimybes ir apsvarstyti ar yra kit\u0173 b\u016bd\u0173 J\u016bs\u0173 tikslui pasiekti (pvz., skolintis ma\u017eesn\u0119 sum\u0105). Parai\u0161koje n\u0117ra nurodomos tik Jums \u017einomos aplinkyb\u0117s, kurios gali tur\u0117ti \u012ftakos J\u016bs\u0173 esamai ar b\u016bsimai finansinei situacijai. Tai gali b\u016bti J\u016bs\u0173 vartojimo \u012fpro\u010diai arba kit\u0173 \u0161eimos nari\u0173 finansin\u0117 situacija. Jei nesate tikri, prie\u0161 nusprend\u017eiant imti didel\u0117s rizikos paskol\u0105, rekomenduojame pasitarti su mumis arba kitais asmenimis.     <\/p>\n<h2> K\u0105 reik\u0117t\u0173 apsvarstyti prie\u0161 imant paskol\u0105<\/h2>\n<ul class=\"defaultList\">\n<li>Gerai pagalvokite ir ie\u0161kokite patarimo<\/li>\n<li>Nesikreipkite d\u0117l didesn\u0117s paskolos, nei galite sau leisti<\/li>\n<li>Neimkite vartojimo paskolos gyvenimo b\u016bdui, kurio negalite sau leisti, finansuoti.<\/li>\n<li>Sujunkite turimas paskolas \u012f vien\u0105. Kuo daugiau paskol\u0173 bei kredit\u0173, tuo painesn\u0117 mok\u0117jimo situacija, ypa\u010d jei turite finansini\u0173 problem\u0173. <\/li>\n<li>Jei abejojate, ar sugeb\u0117site susitvarkyti su paskola, skambinkite mums telefonu <a href=\"tel:004769360666\" target=\"_blank\" rel=\"noopener\">69 36 06 66<\/a>.<\/li>\n<li>Kai kuriuose bankuose galima pra\u0161yti m\u0117nesio be \u012fmokos, jei laiku mokate kitus mok\u0117jimus.<\/li>\n<li>Taip pat si\u016blome paskol\u0173 draudim\u0105. Tai suma\u017eina rizik\u0105, nes padengia paskolos i\u0161laidas darbo praradimo, ligos ar mirties atveju. <\/li>\n<\/ul>\n<p><a href=\"https:\/\/www.motty.no\/lt\/susisiekite-su\">Susisiekite su mumis<\/a><span class=\"\"> jei turite klausim\u0173.<\/span><\/p>\n                                    <\/div>\n                                                    <\/div>\n                <\/div>\n                    <\/div>\n    <\/div>\n<\/div>","protected":false},"excerpt":{"rendered":"","protected":false},"author":18,"featured_media":0,"parent":0,"menu_order":0,"comment_status":"closed","ping_status":"closed","template":"","meta":{"_acf_changed":false,"footnotes":""},"class_list":["post-3938","page","type-page","status-publish","hentry"],"acf":[],"_links":{"self":[{"href":"https:\/\/www.motty.no\/lt\/wp-json\/wp\/v2\/pages\/3938","targetHints":{"allow":["GET"]}}],"collection":[{"href":"https:\/\/www.motty.no\/lt\/wp-json\/wp\/v2\/pages"}],"about":[{"href":"https:\/\/www.motty.no\/lt\/wp-json\/wp\/v2\/types\/page"}],"author":[{"embeddable":true,"href":"https:\/\/www.motty.no\/lt\/wp-json\/wp\/v2\/users\/18"}],"replies":[{"embeddable":true,"href":"https:\/\/www.motty.no\/lt\/wp-json\/wp\/v2\/comments?post=3938"}],"version-history":[{"count":4,"href":"https:\/\/www.motty.no\/lt\/wp-json\/wp\/v2\/pages\/3938\/revisions"}],"predecessor-version":[{"id":3979,"href":"https:\/\/www.motty.no\/lt\/wp-json\/wp\/v2\/pages\/3938\/revisions\/3979"}],"wp:attachment":[{"href":"https:\/\/www.motty.no\/lt\/wp-json\/wp\/v2\/media?parent=3938"}],"curies":[{"name":"wp","href":"https:\/\/api.w.org\/{rel}","templated":true}]}}