{"id":3933,"date":"2024-03-11T09:27:16","date_gmt":"2024-03-11T09:27:16","guid":{"rendered":"https:\/\/www.motty.no\/paskolu-salygos"},"modified":"2025-05-08T12:49:15","modified_gmt":"2025-05-08T12:49:15","slug":"paskolu-salygos","status":"publish","type":"page","link":"https:\/\/www.motty.no\/lt\/paskolu-salygos","title":{"rendered":"Paskol\u0173 s\u0105lygos"},"content":{"rendered":"<div id=\"rt-69f317f231ba7\" class=\"richtext_outer-container overflow-hidden\">\n    <div class=\"py-[60px] px-6 md:px-14 lg:py-20 xl:px-28\">\n        <div class=\"content_medium mx-auto flex flex-col gap-6 md:gap-10\">\n                        <div class=\"richtext__outer-header gap-8 flex flex-col content-center\">\n            <h1 class=\"h1\">Motty paskol\u0173 s\u0105lygos<\/h1><p class=\"md:text-[20px] lg:text-[24px]\">Motty yra finans\u0173 tarpininkas, nuo 1985 m. teikiantis paskolas ir refinansavim\u0105 privatiems asmenims, o taip pat &#8211; seniausias vartojimo paskol\u0173 tarpininkas Norvegijoje. Pabr\u0117\u017eiame rimtum\u0105 ir ilgalaik\u012f bendradarbiavim\u0105, visada siekdami to paties tikslo &#8211; patenkint\u0173 klient\u0173. Padedame palyginti paskol\u0173 pasi\u016blymus, suteikiame informacij\u0105 apie tolesnius veiksmus bei palaikome viso parai\u0161kos proceso metu &#8211; nemokamai ir be \u012fsipareigojim\u0173.  <\/p>            <\/div>\n                    <\/div>\n    <\/div>\n<\/div>\n\n<div id=\"rt-69f317f23371b\" class=\"richtext_outer-container overflow-hidden\">\n    <div class=\"py-[60px] px-6 md:px-14 lg:py-20 xl:px-28\">\n        <div class=\"content_medium mx-auto flex flex-col gap-6 md:gap-10\">\n                        <div class=\"richtext__contents content-rte spacing_content-large\">\n                <h2>Naudojimosi paslaugomis s\u0105lygos<\/h2>\n<p>M\u016bs\u0173 paslaug\u0173 d\u0117ka galite palyginti paskol\u0173 pasi\u016blymus bei s\u0105lygas bankuose, su kuriais bendradarbiaujame. Nor\u0117dami pasinaudoti m\u016bs\u0173 paslaugomis turite pateikti informacij\u0105, kuri\u0105 bankai panaudos nor\u0117dami pateikti paskolos pasi\u016blym\u0105. Taip gal\u0117site palyginti pasi\u016blymus ir i\u0161sirinkti Jums tinkamiausi\u0105.<\/p>\n<h4>Kreditingumo vertinimas<\/h4>\n<p>Kreipdamiesi d\u0117l paskolos per Motty, sutinkate, kad mes bei bankai, su kuriais bendradarbiaujame, atliktume J\u016bs\u0173 ir\/ar bendraparei\u0161k\u0117jo kreditingumo vertinim\u0105. Taip pat sutinkate, kad, bankui pageidaujant, lai\u0161kas d\u0117l paskolos atmetimo gali b\u016bti siun\u010diamas elektroniniu b\u016bdu ir SMS \u017einute. Bankai taip pat gali tikrinti informacij\u0105 tokiose sistemose kaip Norsk Gjeldsinformasjon.<\/p>\n<h4>J\u016bs\u0173 asmens duomen\u0173 tvarkymas<\/h4>\n<p>Tvarkome J\u016bs\u0173 asmens duomenis pagal Asmens duomen\u0173 \u012fstatymo \u00a78 straipsn\u012f, remdamiesi J\u016bs\u0173 pra\u0161ymu gauti finansavimo pasi\u016blymus i\u0161 bank\u0173, su kuriais bendradarbiaujame. <a href=\"https:\/\/www.motty.no\/personvern\">Daugiau apie tai galite skaityti \u010dia <\/a><\/p>\n            <\/div>\n                    <\/div>\n    <\/div>\n<\/div>","protected":false},"excerpt":{"rendered":"","protected":false},"author":18,"featured_media":0,"parent":0,"menu_order":0,"comment_status":"closed","ping_status":"closed","template":"","meta":{"_acf_changed":false,"footnotes":""},"class_list":["post-3933","page","type-page","status-publish","hentry"],"acf":[],"_links":{"self":[{"href":"https:\/\/www.motty.no\/lt\/wp-json\/wp\/v2\/pages\/3933","targetHints":{"allow":["GET"]}}],"collection":[{"href":"https:\/\/www.motty.no\/lt\/wp-json\/wp\/v2\/pages"}],"about":[{"href":"https:\/\/www.motty.no\/lt\/wp-json\/wp\/v2\/types\/page"}],"author":[{"embeddable":true,"href":"https:\/\/www.motty.no\/lt\/wp-json\/wp\/v2\/users\/18"}],"replies":[{"embeddable":true,"href":"https:\/\/www.motty.no\/lt\/wp-json\/wp\/v2\/comments?post=3933"}],"version-history":[{"count":4,"href":"https:\/\/www.motty.no\/lt\/wp-json\/wp\/v2\/pages\/3933\/revisions"}],"predecessor-version":[{"id":3980,"href":"https:\/\/www.motty.no\/lt\/wp-json\/wp\/v2\/pages\/3933\/revisions\/3980"}],"wp:attachment":[{"href":"https:\/\/www.motty.no\/lt\/wp-json\/wp\/v2\/media?parent=3933"}],"curies":[{"name":"wp","href":"https:\/\/api.w.org\/{rel}","templated":true}]}}