{"id":2468,"date":"2024-02-24T15:29:00","date_gmt":"2024-02-24T15:29:00","guid":{"rendered":"https:\/\/www.motty.no\/apie-motty\/"},"modified":"2024-09-29T17:11:11","modified_gmt":"2024-09-29T17:11:11","slug":"apie-motty","status":"publish","type":"page","link":"https:\/\/www.motty.no\/lt\/apie-motty","title":{"rendered":"Apie Motty"},"content":{"rendered":"<div id=\"6a04d35220df9\" class=\"bg-fjellvann-medium-beige banner__contents-text-outer-container overflow-hidden\">\n    <div class=\"container mx-auto py-10 px-6 md:p-14 lg:py-28 xl:p-28\">\n        <div class=\"flex flex-col gap-6 md:flex-row md:items-center md:gap-8\">\n                        <div class=\"w-full md:w-[calc(50%-16px)]\">\n            <h1 class=\"text-[32px] m-0 md:text-left lg:text-[60px] md:text-[50px]\">Apie Motty<\/h1><p class=\"mt-4 text-[20px] md:mt-8 md:text-[24px]\">Padedame Jums rasti paprast\u0105 ir saug\u0173 sprendim\u0105, kai reikia pinig\u0173.<\/p>            <\/div>\n                        <div class=\"w-full md:w-[calc(50%-16px)]\">\n                <div class=\"flex flex-col gap-4\">\n                                        <div class=\"flex gap-4 items-center\">\n                        <svg xmlns=\"http:\/\/www.w3.org\/2000\/svg\" width=\"32\" height=\"32\" viewBox=\"0 0 32 32\" fill=\"none\">\n                        <circle cx=\"16\" cy=\"16\" r=\"16\" fill=\"#2264DC\"\/>\n                        <path d=\"M9.21094 16.2408L13.5746 20.6045L22.5443 11.6348\" stroke=\"white\" stroke-width=\"1.5\"\/>\n                        <\/svg>\n                        <p class=\"w-[calc(100%-24px)] md:text-[20px]\">Paskolas ir refinansavim\u0105 teikiame nuo 1985 m.<\/p>\n                    <\/div>\n                                        <div class=\"flex gap-4 items-center\">\n                        <svg xmlns=\"http:\/\/www.w3.org\/2000\/svg\" width=\"32\" height=\"32\" viewBox=\"0 0 32 32\" fill=\"none\">\n                        <circle cx=\"16\" cy=\"16\" r=\"16\" fill=\"#2264DC\"\/>\n                        <path d=\"M9.21094 16.2408L13.5746 20.6045L22.5443 11.6348\" stroke=\"white\" stroke-width=\"1.5\"\/>\n                        <\/svg>\n                        <p class=\"w-[calc(100%-24px)] md:text-[20px]\">Surandame geriausi\u0105 paskolos pasi\u016blym\u0105 ir padedame viso parai\u0161kos proceso metu.<\/p>\n                    <\/div>\n                                        <div class=\"flex gap-4 items-center\">\n                        <svg xmlns=\"http:\/\/www.w3.org\/2000\/svg\" width=\"32\" height=\"32\" viewBox=\"0 0 32 32\" fill=\"none\">\n                        <circle cx=\"16\" cy=\"16\" r=\"16\" fill=\"#2264DC\"\/>\n                        <path d=\"M9.21094 16.2408L13.5746 20.6045L22.5443 11.6348\" stroke=\"white\" stroke-width=\"1.5\"\/>\n                        <\/svg>\n                        <p class=\"w-[calc(100%-24px)] md:text-[20px]\">Esame \u012fsik\u016br\u0119 keliose \u0161alyse, o Norvegijoje \u2013 nuostabiajame Fredrikstad mieste.<\/p>\n                    <\/div>\n                                    <\/div>\n            <\/div>\n                    <\/div>\n    <\/div>\n<\/div><div id=\"6a04d352221d0\" class=\"feature_content-outer-container overflow-hidden\">\n    <div class=\"container mx-auto py-10 px-6 md:p-14 xl:p-28\">\n        <div class=\"flex flex-col gap-6 md:flex-row md:items-center md:gap-[40px] lg:gap-[80px]\">\n                            <div class=\"w-full md:w-[calc(50%-20px)] lg:w-[calc(47%-40px)] order-2 md:order-1\">\n                    <div class=\"flex flex-col gap-6 md:gap-8\">\n                        <h2 class=\"h2\">Mums svarbiausia &#8211; patenkinti klientai<\/h2>                        <div class=\"feature__content-subtitle-contents flex flex-col gap-6\">\n                            <h3 class=\"h4 font-recklessregular\">Motty &#8211; tai komanda, kuri, pasitelkdama Fintech technologijas ir glaud\u017eiai bendradarbiaudama su pirmaujan\u010diais Norvegijos bankais, pad\u0117s Jums rasti geriausi\u0105 paskolos pasi\u016blym\u0105 bet kokiam tikslui.<\/h3><div class=\"feature__content-text space-y-6\"><p>Motty yra finans\u0173 tarpininkas, nuo 1985 m. teikiantis paskolas ir refinansavim\u0105 privatiems asmenims, o taip pat &#8211; seniausias vartojimo paskol\u0173 tarpininkas Norvegijoje. Pabr\u0117\u017eiame rimtum\u0105 ir ilgalaik\u012f bendradarbiavim\u0105, visada siekdami to paties tikslo &#8211; patenkint\u0173 klient\u0173. <\/p>\n<\/div>                        <\/div>\n                                            <\/div>\n                <\/div>\n                                        <div class=\"w-full md:w-[calc(50%-20px)] lg:w-[calc(53%-40px)] order-1  md:order-2\">\n                                    <img decoding=\"async\" src=\"https:\/\/www.motty.no\/wp-content\/uploads\/2024\/03\/about-image-1.webp\" alt=\"\" \/>\n                                <\/div>\n                    <\/div>\n    <\/div>\n<\/div><div id=\"6a04d35224ce6\" class=\"feature_content-outer-container overflow-hidden\">\n    <div class=\"container mx-auto py-10 px-6 md:p-14 xl:p-28\">\n        <div class=\"flex flex-col gap-6 md:flex-row md:items-center md:gap-[40px] lg:gap-[80px]\">\n                            <div class=\"w-full md:w-[calc(50%-20px)] lg:w-[calc(47%-40px)] order-2  md:order-2\">\n                    <div class=\"flex flex-col gap-6 md:gap-8\">\n                        <h2 class=\"h2\">Kuo u\u017esiimame<\/h2>                        <div class=\"feature__content-subtitle-contents flex flex-col gap-6\">\n                            <h3 class=\"h4 font-recklessregular\">Bank\u0173, skolintoj\u0173, pal\u016bkan\u0173 tip\u0173 ir paskol\u0173 s\u0105lyg\u0173 chaose galite sutaupyti laiko ir j\u0117g\u0173, jeigu leisite mums imtis \u0161io i\u0161\u0161\u016bkio u\u017e Jus.<\/h3><div class=\"feature__content-text space-y-6\"><p>Turime ilgalaik\u0119 patirt\u012f ir kasdien padedame klientams gauti kredito korteles, refinansavim\u0105 bei vartojimo paskolas. J\u016bs\u0173 parai\u0161k\u0105 pateikiame keliolikai bank\u0173, kurie konkuruoja tarpusavyje, kad pateikt\u0173 palankiausi\u0105 pasi\u016blyma ir s\u0105lygas Jums. Tuomet J\u016bs pasirenkate tinkamiausi\u0105 pasi\u016blym\u0105. Padedame Jums rasti geriausi\u0105 sprendim\u0105, suteikiame informacij\u0105 apie tolesnius veiksmus ir padedame viso parai\u0161kos proceso metu &#8211; visi\u0161kai nemokamai ir be \u012fsipareigojim\u0173.   <\/p>\n<\/div>                        <\/div>\n                                            <\/div>\n                <\/div>\n                                        <div class=\"w-full md:w-[calc(50%-20px)] lg:w-[calc(53%-40px)] order-1  md:order-1\">\n                                    <img decoding=\"async\" src=\"https:\/\/www.motty.no\/wp-content\/uploads\/2024\/03\/about-image-2.webp\" alt=\"\" \/>\n                                <\/div>\n                    <\/div>\n    <\/div>\n<\/div><div id=\"6a04d35225e2a\" class=\"feature_content-outer-container overflow-hidden\">\n    <div class=\"container mx-auto py-10 px-6 md:p-14 xl:p-28\">\n        <div class=\"flex flex-col gap-6 md:flex-row md:items-center md:gap-[40px] lg:gap-[80px]\">\n                            <div class=\"w-full md:w-[calc(50%-20px)] lg:w-[calc(47%-40px)] order-2 md:order-1\">\n                    <div class=\"flex flex-col gap-6 md:gap-8\">\n                        <h2 class=\"h2\">Finansin\u0117 pagalba ir patarimai<\/h2>                        <div class=\"feature__content-subtitle-contents flex flex-col gap-6\">\n                            <h3 class=\"h4 font-recklessregular\">Jei reikia pagalbos teikiant paskolos parai\u0161k\u0105 arba turite klausim\u0173 apie bank\u0173 s\u0105lygas ir gautus pasi\u016blymus, visada galite su mumis susisiekti. Esame patyrusi\u0173 specialist\u0173 grup\u0117, kuri si\u016blo pagalb\u0105 nemokamai. Susisiekite su mumis \u0161iandien ir u\u017esiregistruokite ne\u012fpareigojan\u010diam pokalbiui.  <\/h3><div class=\"feature__content-text space-y-6\"><p>\u017dinome, kad finansai &#8211; tai jautri tema. Motty komanda nori pad\u0117ti Jums sugr\u012f\u017eti \u012f v\u0117\u017ees. Mielai i\u0161klausysime ir patarsime Jums, be joki\u0173 \u012fsipareigojim\u0173. Pasikalb\u0117kite su mumis apie savo pinigines problemas &#8211; mes galime jums pad\u0117ti. Motty galite rasti keletoje \u0161ali\u0173, o Norvegijoje \u2013 nuostabiajame Fredrikstad mieste.   <\/p>\n<\/div>                        <\/div>\n                                            <\/div>\n                <\/div>\n                                        <div class=\"w-full md:w-[calc(50%-20px)] lg:w-[calc(53%-40px)] order-1  md:order-2\">\n                                    <img decoding=\"async\" src=\"https:\/\/www.motty.no\/wp-content\/uploads\/2024\/03\/about-image-3.webp\" alt=\"\" \/>\n                                <\/div>\n                    <\/div>\n    <\/div>\n<\/div>","protected":false},"excerpt":{"rendered":"","protected":false},"author":18,"featured_media":0,"parent":0,"menu_order":0,"comment_status":"closed","ping_status":"closed","template":"","meta":{"_acf_changed":false,"footnotes":""},"class_list":["post-2468","page","type-page","status-publish","hentry"],"acf":[],"_links":{"self":[{"href":"https:\/\/www.motty.no\/lt\/wp-json\/wp\/v2\/pages\/2468","targetHints":{"allow":["GET"]}}],"collection":[{"href":"https:\/\/www.motty.no\/lt\/wp-json\/wp\/v2\/pages"}],"about":[{"href":"https:\/\/www.motty.no\/lt\/wp-json\/wp\/v2\/types\/page"}],"author":[{"embeddable":true,"href":"https:\/\/www.motty.no\/lt\/wp-json\/wp\/v2\/users\/18"}],"replies":[{"embeddable":true,"href":"https:\/\/www.motty.no\/lt\/wp-json\/wp\/v2\/comments?post=2468"}],"version-history":[{"count":2,"href":"https:\/\/www.motty.no\/lt\/wp-json\/wp\/v2\/pages\/2468\/revisions"}],"predecessor-version":[{"id":3931,"href":"https:\/\/www.motty.no\/lt\/wp-json\/wp\/v2\/pages\/2468\/revisions\/3931"}],"wp:attachment":[{"href":"https:\/\/www.motty.no\/lt\/wp-json\/wp\/v2\/media?parent=2468"}],"curies":[{"name":"wp","href":"https:\/\/api.w.org\/{rel}","templated":true}]}}