{"id":8588,"date":"2024-04-02T07:44:09","date_gmt":"2024-04-02T07:44:09","guid":{"rendered":"https:\/\/www.motty.no\/kredittkort-kalkulator"},"modified":"2026-04-01T12:25:59","modified_gmt":"2026-04-01T12:25:59","slug":"kredittkort-kalkulator","status":"publish","type":"page","link":"https:\/\/www.motty.no\/en\/ressurser\/lanekalkulator\/kredittkort-kalkulator","title":{"rendered":"Credit Card Calculator"},"content":{"rendered":"<div id=\"6a0904bc98dab\" class=\"feature_content-outer-container overflow-hidden relative\">\n<svg class=\"absolute top-0 left-0 hidden md:block\" xmlns=\"http:\/\/www.w3.org\/2000\/svg\" width=\"593\" height=\"615\" viewBox=\"0 0 593 615\" fill=\"none\">\n<path d=\"M203.964 63.4865L203.959 63.4906L203.267 64.141L203.254 64.1539L203.24 64.1671L186.798 80.5602L107.378 159.743L-101.005 367.504V232.603C-101.005 168.792 -49.7295 116.031 14.2431 115.66C38.0374 115.524 60.205 122.563 78.6877 134.751L79.5544 135.322L80.2896 134.589L160.164 54.9526L161.167 53.9531L160.068 53.0604C119.156 19.8147 68.44 1.72514 14.9375 1.72514C-37.6024 1.72514 -87.464 19.1609 -127.994 51.2815V3V1.72514H-129.269H-214H-215.275V3V231.243V234.718V591.884C-215.275 610.597 -192.601 619.941 -179.346 606.725L-152.741 580.203L-153.641 579.3L-152.741 580.203L-130.556 558.079L240.533 188.103L282.602 146.16C303.926 126.593 331.576 115.777 360.607 115.66C424.608 115.397 477.014 168.797 477.014 232.652V601.856C477.014 607.999 482.019 612.981 488.173 612.981H580.123C586.285 612.981 591.282 607.999 591.282 601.856V231.243C591.282 169.937 567.342 112.302 523.858 68.9484C480.383 25.6044 422.566 1.72514 361.085 1.72514C299.602 1.72514 246.73 23.6663 203.964 63.4865ZM130.872 580.582H132.147H243.873H245.147V579.307V238.743V235.671L242.972 237.84L131.247 349.229L130.872 349.602V350.131V579.307V580.582Z\" stroke=\"#00074A\" stroke-opacity=\"0.12\" stroke-width=\"2.54971\"\/>\n<\/svg>\n    <div class=\"container mx-auto py-10 px-6 md:p-14 lg:py-28 xl:px-28 relative z-[5]\">\n        <h2 class=\"h2 text-center\">Credit Card Calculator<\/h2>                <div data-product=\"ConsumerLoan\" data-locale=\"no\" data-type=\"credit card\" class=\"mt-8 bg-fjellvann-medium-beige p-12 rounded-lg max-w-fit mx-auto\" id=\"loan-calculator\"><\/div>\n    <\/div>\n<\/div>\n<div id=\"rt-6a0904bc99a14\" class=\"richtext_outer-container overflow-hidden\">\n    <div class=\"py-[60px] px-6 md:px-14 lg:py-20 xl:px-28\">\n        <div class=\"content_medium mx-auto flex flex-col gap-6 md:gap-10\">\n                        <div class=\"richtext__outer-header gap-8 flex flex-col content-left\">\n            <h2 class=\"h2\">Useful information about credit cards<\/h2><p class=\"md:text-[20px] lg:text-[24px]\">Here we have gathered useful information about credit cards. If you have questions we have not answered here, please contact us and we will help you!  <\/p>            <\/div>\n                        <div class=\"richtext__contents content-rte spacing_content-large\">\n                <h1>Credit Card Calculator<\/h1>\n<h2>Calculate interest costs<\/h2>\n<p>Calculate how much you must pay in interest costs on your credit card with our credit card calculator. The calculator shows how large the interest costs will be for the entire repayment period, and you can use it to compare credit cards from different banks. We compare interest rates and fees from different banks to find the best card for you.  <\/p>\n<h3>How long does it take before the credit card debt is paid off?<\/h3>\n<p>This will naturally vary, and if you follow the credit card&#8217;s minimum payment requirement, it will take a long time before it is paid off. By using the credit card calculator, you will be able to calculate and get an overview of how long it takes before the credit card debt is paid off. <\/p>\n<h3>How to choose the right credit card?<\/h3>\n<p>When choosing a credit card from the various banks, you can review the terms and benefits the different credit cards offer to find the one that suits you best.<\/p>\n<p>Many credit cards have discount agreements that allow you to save money at multiple retailers. Most credit cards also have travel insurance, which is useful if you travel frequently. And most credit cards have a 30-day interest-free repayment period. These are things you can check before choosing a credit card. Read more about additional benefits a credit card can offer in the article below.    <\/p>\n<p>Article &#8211; <a href=\"https:\/\/www.motty.no\/artikler\/kredittkort\/fordeler\">Five benefits of credit cards<\/a><\/p>\n            <\/div>\n                    <\/div>\n    <\/div>\n<\/div>\n<div id=\"cta-6a0904bca04fe\" class=\"calltoaction-outer-container overflow-hidden generalcta\">\n    <div class=\"container mx-auto py-12 px-6 md:p-14 xl:px-28\">\n        <div class=\"rounded-lg bg-fjellvann-medium-beige py-14 px-5 md:px-[50px] lg:px-[100px]\">\n            <div class=\"flex flex-col-reverse gap-10 md:gap-[57px] md:flex-row md:items-center\">\n                <div class=\"w-full md:w-[calc(50%-28.5px)] lg:w-[calc(592px)]\">\n                                            <div class=\"flex flex-col gap-6 text-center md:text-left\">\n                            <h2 class=\"h2 max-w-[592px]\">Do you have questions about credit cards?<\/h2><div class=\"text-[18px] md:text-[24px] content-rte font-recklessregular\"><p>We are ready to help you and are happy to answer any questions you may have about credit cards or the credit card calculator. <a href=\"https:\/\/www.motty.no\/en\/contact\">Contact us<\/a> today for a no-obligation conversation. <\/p>\n<\/div>                        <\/div>\n                                                                <div class=\"mt-10\">\n                            <a id=\"\" href=\"\/kontakt\" class=\"text-nowrap flex items-center justify-center transition-all ease-in duration-300 rounded font-generalsansmedium text-center text-fjellvann-white bg-fjellvann-green hover:bg-fjellvann-light-green py-[18px] px-6 w-fit\">Contact us here<\/a>                        <\/div>\n                                    <\/div>\n                <div class=\"w-full md:w-[calc(50%-28.5px)] lg:w-[calc(100%-620.5px)]\">\n                    <img decoding=\"async\" class=\"w-[174px] h-auto mx-auto md:m-0 md:w-full md:h-full object-cover\" src=\"https:\/\/www.motty.no\/wp-content\/uploads\/2024\/03\/faq_prefooter.svg\" alt=\"faq_prefooter\" \/>                <\/div>\n            <\/div>\n        <\/div>\n    <\/div>\n<\/div><div id=\"slb-6a0904bca4f43\" class=\"services__link-block-outer-container\">\n    <div class=\"max-w-[1080px] mx-auto py-6 px-0 md:px-14 md:py-16 xl:px-28 \">\n        <div class=\"hidden md:flex md:flex-wrap md:gap-8 md:items-center md:justify-center\">\n                        <a class=\"flex items-center justify-between gap-[10px] py-[14px] px-[18px] rounded border border-fjellvann-medium-blue bg-fjellvann-medium-beige hover:bg-fjellvann-light-beige transition-colors\" href=\"https:\/\/www.motty.no\/en\/loan-norway\/car-loan\">\n            <img decoding=\"async\" class=\"w-5 h-auto block\" src=\"https:\/\/www.motty.no\/wp-content\/uploads\/2024\/03\/billan.svg\" alt=\"\"\/><span>Car loan<\/span>            <\/a>\n                        <a class=\"flex items-center justify-between gap-[10px] py-[14px] px-[18px] rounded border border-fjellvann-medium-blue bg-fjellvann-medium-beige hover:bg-fjellvann-light-beige transition-colors\" href=\"https:\/\/www.motty.no\/en\/loan-norway\/personal-loan\">\n            <img decoding=\"async\" class=\"w-5 h-auto block\" src=\"https:\/\/www.motty.no\/wp-content\/uploads\/2024\/03\/Lan-uten-sikkerhet.svg\" alt=\"\"\/><span>Cheap personal loan without collateral<\/span>            <\/a>\n                        <a class=\"flex items-center justify-between gap-[10px] py-[14px] px-[18px] rounded border border-fjellvann-medium-blue bg-fjellvann-medium-beige hover:bg-fjellvann-light-beige transition-colors\" href=\"https:\/\/www.motty.no\/en\/loan-norway\/renovation-loan\">\n            <img decoding=\"async\" class=\"w-5 h-auto block\" src=\"https:\/\/www.motty.no\/wp-content\/uploads\/2024\/03\/Lan-til-oppussing.svg\" alt=\"\"\/><span>Home renovation loan in Norway<\/span>            <\/a>\n                        <a class=\"flex items-center justify-between gap-[10px] py-[14px] px-[18px] rounded border border-fjellvann-medium-blue bg-fjellvann-medium-beige hover:bg-fjellvann-light-beige transition-colors\" href=\"https:\/\/www.motty.no\/lan\/spesial-lan\">\n            <img decoding=\"async\" class=\"w-5 h-auto block\" src=\"https:\/\/www.motty.no\/wp-content\/uploads\/2024\/03\/Spesiallan.svg\" alt=\"\"\/><span>Spesiall\u00e5n &#8211; for deg som sliter med \u00e5 f\u00e5 l\u00e5n<\/span>            <\/a>\n                        <a class=\"flex items-center justify-between gap-[10px] py-[14px] px-[18px] rounded border border-fjellvann-medium-blue bg-fjellvann-medium-beige hover:bg-fjellvann-light-beige transition-colors\" href=\"https:\/\/www.motty.no\/lan\/hyttelan-med-sikkerhet-i-bolig\">\n            <img decoding=\"async\" class=\"w-5 h-auto block\" src=\"https:\/\/www.motty.no\/wp-content\/uploads\/2024\/03\/Hyttelan.svg\" alt=\"\"\/><span>Hyttel\u00e5n med sikkerhet i bolig<\/span>            <\/a>\n                    <\/div>\n        <div class=\"block md:hidden\">\n            <div id=\"post8588\" class=\"swiper archive_swiper\" data-swiper=\"post8588\">\n                <div class=\"swiper-wrapper\">\n                                        <div class=\"swiper-slide w-fit\">\n                            <a class=\"flex items-center justify-between gap-[10px] py-[14px] px-[18px] rounded border border-fjellvann-medium-blue bg-fjellvann-medium-beige hover:bg-fjellvann-light-beige transition-colors\" href=\"https:\/\/www.motty.no\/en\/loan-norway\/car-loan\">\n                        <img decoding=\"async\" class=\"w-5 h-auto block\" src=\"https:\/\/www.motty.no\/wp-content\/uploads\/2024\/03\/billan.svg\" alt=\"\"\/><span>Car loan<\/span>                        <\/a>\n                    <\/div>\n\n                                        <div class=\"swiper-slide w-fit\">\n                            <a class=\"flex items-center justify-between gap-[10px] py-[14px] px-[18px] rounded border border-fjellvann-medium-blue bg-fjellvann-medium-beige hover:bg-fjellvann-light-beige transition-colors\" href=\"https:\/\/www.motty.no\/en\/loan-norway\/personal-loan\">\n                        <img decoding=\"async\" class=\"w-5 h-auto block\" src=\"https:\/\/www.motty.no\/wp-content\/uploads\/2024\/03\/Lan-uten-sikkerhet.svg\" alt=\"\"\/><span>Cheap personal loan without collateral<\/span>                        <\/a>\n                    <\/div>\n\n                                        <div class=\"swiper-slide w-fit\">\n                            <a class=\"flex items-center justify-between gap-[10px] py-[14px] px-[18px] rounded border border-fjellvann-medium-blue bg-fjellvann-medium-beige hover:bg-fjellvann-light-beige transition-colors\" href=\"https:\/\/www.motty.no\/en\/loan-norway\/renovation-loan\">\n                        <img decoding=\"async\" class=\"w-5 h-auto block\" src=\"https:\/\/www.motty.no\/wp-content\/uploads\/2024\/03\/Lan-til-oppussing.svg\" alt=\"\"\/><span>Home renovation loan in Norway<\/span>                        <\/a>\n                    <\/div>\n\n                                        <div class=\"swiper-slide w-fit\">\n                            <a class=\"flex items-center justify-between gap-[10px] py-[14px] px-[18px] rounded border border-fjellvann-medium-blue bg-fjellvann-medium-beige hover:bg-fjellvann-light-beige transition-colors\" href=\"https:\/\/www.motty.no\/lan\/spesial-lan\">\n                        <img decoding=\"async\" class=\"w-5 h-auto block\" src=\"https:\/\/www.motty.no\/wp-content\/uploads\/2024\/03\/Spesiallan.svg\" alt=\"\"\/><span>Spesiall\u00e5n &#8211; for deg som sliter med \u00e5 f\u00e5 l\u00e5n<\/span>                        <\/a>\n                    <\/div>\n\n                                        <div class=\"swiper-slide w-fit\">\n                            <a class=\"flex items-center justify-between gap-[10px] py-[14px] px-[18px] rounded border border-fjellvann-medium-blue bg-fjellvann-medium-beige hover:bg-fjellvann-light-beige transition-colors\" href=\"https:\/\/www.motty.no\/lan\/hyttelan-med-sikkerhet-i-bolig\">\n                        <img decoding=\"async\" class=\"w-5 h-auto block\" src=\"https:\/\/www.motty.no\/wp-content\/uploads\/2024\/03\/Hyttelan.svg\" alt=\"\"\/><span>Hyttel\u00e5n med sikkerhet i bolig<\/span>                        <\/a>\n                    <\/div>\n\n                                    <\/div>\n                <div class=\"sp-pagination-post8588 flex justify-center mt-4\"><\/div>\n            <\/div>\n\n        <\/div>\n    <\/div>\n<\/div>\n<div id=\"ra-6a0904bcac1d2\" class=\"related_articles-outer-container\">\n    <div class=\"container mx-auto py-12 px-6 md:p-14 xl:px-28 lg:pt-14 lg:pb-28\">\n        <div class=\"flex flex-col text-center gap-8\">\n                        <h2 class=\"h2\">Articles about credit cards<\/h2>\n                    <\/div>\n                <div class=\"mt-14 flex flex-col gap-14 items-center\">\n            <div class=\"flex flex-col gap-8 flex-wrap md:flex-row\">\n                        <div class=\"w-full md:w-[calc(50%-21.999px)] lg:w-[calc(33.33%-21.999px)]\">\n                <div class=\"w-full flex flex-col gap-[15px]\">\n                        <a class=\"block w-full h-[186px] sm:h-[210px]\" href=\"https:\/\/www.motty.no\/artikler\/okonomitips\/gjeldsregisteret\"><img decoding=\"async\" class=\"overflow-hidden w-full h-full block object-cover rounded-lg border-b-[9px] border-fjellvann-green\" src=\"https:\/\/www.motty.no\/wp-content\/uploads\/2024\/03\/6Namnlo-st-1-1920w.webp\"><\/a>                    <div class=\"flex flex-col gap-3 relative\">\n                        <a class=\"block absolute top-0 left-0 w-full h-full\" href=\"https:\/\/www.motty.no\/artikler\/okonomitips\/gjeldsregisteret\"><\/a>\n                        <h3 class=\"font-recklesssemibold text-[20px] md:text-[24px]\">Hvor mye har du i gjeld? Slik sjekker du<\/h3><p>Hvor mye har du i gjeld? Slik sjekker du&nbsp; \u00c5 ha oversikt over gjelden din er&#8230;<\/p>\n                    <\/div>\n                <\/div>\n            <\/div>\n                        <div class=\"w-full md:w-[calc(50%-21.999px)] lg:w-[calc(33.33%-21.999px)]\">\n                <div class=\"w-full flex flex-col gap-[15px]\">\n                        <a class=\"block w-full h-[186px] sm:h-[210px]\" href=\"https:\/\/www.motty.no\/artikler\/okonomitips\/forskjell-selveier-andel\"><img decoding=\"async\" class=\"overflow-hidden w-full h-full block object-cover rounded-lg border-b-[9px] border-fjellvann-green\" src=\"https:\/\/www.motty.no\/wp-content\/uploads\/2024\/03\/pexels-photo-129494-1920w.webp\"><\/a>                    <div class=\"flex flex-col gap-3 relative\">\n                        <a class=\"block absolute top-0 left-0 w-full h-full\" href=\"https:\/\/www.motty.no\/artikler\/okonomitips\/forskjell-selveier-andel\"><\/a>\n                        <h3 class=\"font-recklesssemibold text-[20px] md:text-[24px]\">Hva er forskjellen p\u00e5 andel-, aksje- og selveierleilighet?<\/h3><p>Andelsleilighet gir bruksrett gjennom borettslag med fellesgjeld og fellesutgifter, selveierleilighet gir full eiendomsrett uten fellesgjeld, og&#8230;<\/p>\n                    <\/div>\n                <\/div>\n            <\/div>\n                        <div class=\"w-full md:w-[calc(50%-21.999px)] lg:w-[calc(33.33%-21.999px)]\">\n                <div class=\"w-full flex flex-col gap-[15px]\">\n                        <a class=\"block w-full h-[186px] sm:h-[210px]\" href=\"https:\/\/www.motty.no\/artikler\/okonomitips\/forhandle-med-kreditorer\"><img decoding=\"async\" class=\"overflow-hidden w-full h-full block object-cover rounded-lg border-b-[9px] border-fjellvann-green\" src=\"https:\/\/www.motty.no\/wp-content\/uploads\/2024\/03\/pexels-mikhail-nilov-6963847-1920w.webp\"><\/a>                    <div class=\"flex flex-col gap-3 relative\">\n                        <a class=\"block absolute top-0 left-0 w-full h-full\" href=\"https:\/\/www.motty.no\/artikler\/okonomitips\/forhandle-med-kreditorer\"><\/a>\n                        <h3 class=\"font-recklesssemibold text-[20px] md:text-[24px]\">Hvordan forhandle med kreditorer?<\/h3><p>N\u00e5r gjelden kjennes tung og vanskelig, kan det \u00e5 forhandle med kreditoren v\u00e6re en l\u00f8sning. Vi&#8230;<\/p>\n                    <\/div>\n                <\/div>\n            <\/div>\n                        <\/div>\n            <a id=\"\" href=\"https:\/\/www.motty.no\/en\/articles\" class=\"text-nowrap flex items-center justify-center transition-all ease-in duration-300 rounded font-generalsansmedium text-center text-fjellvann-white bg-fjellvann-green hover:bg-fjellvann-light-green py-[18px] px-6 w-fit\">Show more articles<\/a>        <\/div>\n            <\/div>\n<\/div>\n","protected":false},"excerpt":{"rendered":"","protected":false},"author":18,"featured_media":0,"parent":8597,"menu_order":0,"comment_status":"closed","ping_status":"closed","template":"","meta":{"_acf_changed":false,"footnotes":""},"class_list":["post-8588","page","type-page","status-publish","hentry"],"acf":[],"_links":{"self":[{"href":"https:\/\/www.motty.no\/en\/wp-json\/wp\/v2\/pages\/8588","targetHints":{"allow":["GET"]}}],"collection":[{"href":"https:\/\/www.motty.no\/en\/wp-json\/wp\/v2\/pages"}],"about":[{"href":"https:\/\/www.motty.no\/en\/wp-json\/wp\/v2\/types\/page"}],"author":[{"embeddable":true,"href":"https:\/\/www.motty.no\/en\/wp-json\/wp\/v2\/users\/18"}],"replies":[{"embeddable":true,"href":"https:\/\/www.motty.no\/en\/wp-json\/wp\/v2\/comments?post=8588"}],"version-history":[{"count":1,"href":"https:\/\/www.motty.no\/en\/wp-json\/wp\/v2\/pages\/8588\/revisions"}],"predecessor-version":[{"id":8589,"href":"https:\/\/www.motty.no\/en\/wp-json\/wp\/v2\/pages\/8588\/revisions\/8589"}],"up":[{"embeddable":true,"href":"https:\/\/www.motty.no\/en\/wp-json\/wp\/v2\/pages\/8597"}],"wp:attachment":[{"href":"https:\/\/www.motty.no\/en\/wp-json\/wp\/v2\/media?parent=8588"}],"curies":[{"name":"wp","href":"https:\/\/api.w.org\/{rel}","templated":true}]}}